{"id":111849,"date":"2022-02-26T00:00:00","date_gmt":"2022-02-25T23:00:00","guid":{"rendered":"http:\/\/gpl-love.com\/fr\/produit\/videotube-a-responsive-video-wordpress-theme\/"},"modified":"2026-04-10T18:44:59","modified_gmt":"2026-04-10T16:44:59","slug":"videotube-a-responsive-video-wordpress-theme","status":"publish","type":"product","link":"https:\/\/gpl-love.com\/fr\/produit\/videotube-a-responsive-video-wordpress-theme\/","title":{"rendered":"VideoTube A Responsive Video WordPress Theme 3.4.4"},"content":{"rendered":"<h3>VideoTube A Responsive Video WordPress Theme Traits<\/h3>\n<p>VideoTube est un th\u00e8me WordPress remarquablement r\u00e9actif et visuellement captivant qui a \u00e9t\u00e9 m\u00e9ticuleusement con\u00e7u sp\u00e9cifiquement pour les cr\u00e9ateurs de contenu vid\u00e9o. Avec son design \u00e9l\u00e9gant et contemporain, Videotube permet aux utilisateurs de pr\u00e9senter sans effort leurs vid\u00e9os d&rsquo;une mani\u00e8re m\u00e9ticuleusement organis\u00e9e et totalement professionnelle. Ce th\u00e8me exceptionnel est enrichi d&rsquo;une gamme de fonctionnalit\u00e9s in\u00e9gal\u00e9es qui permettent aux utilisateurs de personnaliser leur site Web conform\u00e9ment \u00e0 leur marque et \u00e0 leur style unique, englobant la possibilit\u00e9 de personnaliser les sch\u00e9mas et les dispositions de couleurs. En plus de ces attributs remarquables, Videotube est m\u00e9ticuleusement optimis\u00e9 pour l&rsquo;optimisation des moteurs de recherche (SEO) et int\u00e8gre exclusivement l&rsquo;int\u00e9gration des m\u00e9dias sociaux int\u00e9gr\u00e9s, facilitant ainsi le partage de contenu transparent et l&rsquo;attraction in\u00e9gal\u00e9e du spectateur. Que vous soyez un YouTuber assaisonn\u00e9, un vlogger enthousiaste, ou simplement aspirant \u00e0 \u00e9tablir un site Web qui tourne autour des vid\u00e9os, Videotube appara\u00eet sans aucun doute comme un choix exemplaire.<\/p>\n<ul>\n<li>Le th\u00e8me est con\u00e7u sp\u00e9cifiquement pour afficher des vid\u00e9os de mani\u00e8re \u00e9l\u00e9gante et professionnelle<\/li>\n<li>La conception enti\u00e8rement r\u00e9active et adapt\u00e9e aux mobiles garantit que vos vid\u00e9os ont fi\u00e8re allure sur n&rsquo;importe quel appareil<\/li>\n<li>Propose une page d&rsquo;accueil personnalisable avec plusieurs options de mise en page pour pr\u00e9senter votre contenu vid\u00e9o<\/li>\n<li>Comprend un puissant lecteur vid\u00e9o qui prend en charge plusieurs formats vid\u00e9o et permet une lecture et un partage faciles<\/li>\n<li>SEO optimis\u00e9 pour vous assurer que vos vid\u00e9os sont facilement d\u00e9couvrables par les moteurs de recherche<\/li>\n<li>Facile \u00e0 personnaliser avec un constructeur de pages glisser-d\u00e9poser par des utilisateurs et diverses options de shortcode<\/li>\n<li>Compatible avec une vari\u00e9t\u00e9 de plugins WordPress populaires, y compris WooCommerce pour les opportunit\u00e9s de mon\u00e9tisation<\/li>\n<li>Documentation compl\u00e8te et \u00e9quipe de support d\u00e9di\u00e9e disponible pour l&rsquo;aide<\/li>\n<\/ul>\n","protected":false},"excerpt":{"rendered":"<p>Nous sommes ravis d&rsquo;introduire VideoTube, une solution exceptionnelle con\u00e7ue sp\u00e9cifiquement pour WordPress, qui vous permet de cr\u00e9er sans effort un site Web vid\u00e9o de pointe et adaptable. Avec son design poli et facilement adaptable, Videotube vous permet de montrer votre contenu vid\u00e9o de mani\u00e8re exceptionnellement professionnelle et captivante. Cette plate-forme ph\u00e9nom\u00e9nale comprend un \u00e9ventail de fonctionnalit\u00e9s avanc\u00e9es, y compris un lecteur vid\u00e9o global, une multitude de dispositions de page d&rsquo;accueil et un assortiment d&rsquo;outils de gestion vid\u00e9o robustes. Que vous soyez un vid\u00e9aste qualifi\u00e9, un cin\u00e9aste visionnaire ou un cr\u00e9ateur de contenu innovant, Videotube vous fournit un \u00e9ventail complet d&rsquo;outils et de fonctionnalit\u00e9s pour fabriquer un site Web vid\u00e9o remarquable et convivial qui se distingue sans effort des masses. N&rsquo;h\u00e9sitez pas \u00e0 d\u00e9couvrir les capacit\u00e9s transformatrices de VideoTube aujourd&rsquo;hui et \u00e0 \u00e9lever votre contenu vid\u00e9o \u00e0 des hauteurs sans pr\u00e9c\u00e9dent!<\/p>\n","protected":false},"featured_media":145713,"comment_status":"open","ping_status":"open","template":"","meta":[],"product_brand":[2433],"product_cat":[1242,1212,1213],"product_tag":[1366],"class_list":{"0":"post-111849","1":"product","2":"type-product","3":"status-publish","4":"has-post-thumbnail","6":"product_brand-themeforest","7":"product_cat-creatif","8":"product_cat-themes","9":"product_cat-wordpress-themes","10":"product_tag-themeforest","11":"member-discount","12":"discount-restricted","14":"first","15":"instock","16":"sale","17":"downloadable","18":"virtual","19":"sold-individually","20":"purchasable","21":"product-type-simple"},"_links":{"self":[{"href":"https:\/\/gpl-love.com\/fr\/wp-json\/wp\/v2\/product\/111849","targetHints":{"allow":["GET"]}}],"collection":[{"href":"https:\/\/gpl-love.com\/fr\/wp-json\/wp\/v2\/product"}],"about":[{"href":"https:\/\/gpl-love.com\/fr\/wp-json\/wp\/v2\/types\/product"}],"replies":[{"embeddable":true,"href":"https:\/\/gpl-love.com\/fr\/wp-json\/wp\/v2\/comments?post=111849"}],"wp:featuredmedia":[{"embeddable":true,"href":"https:\/\/gpl-love.com\/fr\/wp-json\/wp\/v2\/media\/145713"}],"wp:attachment":[{"href":"https:\/\/gpl-love.com\/fr\/wp-json\/wp\/v2\/media?parent=111849"}],"wp:term":[{"taxonomy":"product_brand","embeddable":true,"href":"https:\/\/gpl-love.com\/fr\/wp-json\/wp\/v2\/product_brand?post=111849"},{"taxonomy":"product_cat","embeddable":true,"href":"https:\/\/gpl-love.com\/fr\/wp-json\/wp\/v2\/product_cat?post=111849"},{"taxonomy":"product_tag","embeddable":true,"href":"https:\/\/gpl-love.com\/fr\/wp-json\/wp\/v2\/product_tag?post=111849"}],"curies":[{"name":"wp","href":"https:\/\/api.w.org\/{rel}","templated":true}]}}