{"id":111848,"date":"2026-04-30T00:00:00","date_gmt":"2026-04-29T22:00:00","guid":{"rendered":"http:\/\/gpl-love.com\/fr\/produit\/buddyboss-platform-pro\/"},"modified":"2026-05-01T06:30:23","modified_gmt":"2026-05-01T04:30:23","slug":"buddyboss-platform-pro","status":"publish","type":"product","link":"https:\/\/gpl-love.com\/fr\/produit\/buddyboss-platform-pro\/","title":{"rendered":"BuddyBoss Platform Pro 2.13.2"},"content":{"rendered":"<h3>BuddyBoss Platform Pro Traits<\/h3>\n<p>BuddyBoss Platform Pro, un plugin WordPress robuste et polyvalent, pr\u00e9sente un \u00e9ventail complet de fonctionnalit\u00e9s et d&rsquo;outils pour construire et superviser les communaut\u00e9s en ligne, les sites d&rsquo;adh\u00e9sion et les plateformes d&rsquo;apprentissage en ligne. Ce plugin pr\u00e9sente ses prouesses \u00e0 travers une interface de glisser-d\u00e9poser intuitive et de mod\u00e8les personnalisables, facilitant la cr\u00e9ation d&rsquo;exp\u00e9riences en ligne captivantes et interactives qui r\u00e9pondent pr\u00e9cis\u00e9ment aux exigences uniques de votre public cible. Que vous cherchiez \u00e0 favoriser les r\u00e9seaux sociaux et le partage de contenu, \u00e0 inculquer des \u00e9l\u00e9ments de gamification ou \u00e0 \u00e9tablir des cours, BuddyBoss Platform Pro fournit une multitude de solutions qui peuvent \u00eatre parfaitement personnalis\u00e9es pour s&rsquo;aligner sur vos conditions sp\u00e9cifiques. En cons\u00e9quence, ce plugin se r\u00e9v\u00e8le \u00eatre une s\u00e9lection optimale pour les entrepreneurs, les \u00e9ducateurs et les organisations visant \u00e0 accro\u00eetre leur pr\u00e9sence en ligne et \u00e0 stimuler des formes de nouveaument nouvelles et passionnantes d&rsquo;engagement du public.<\/p>\n<ul>\n<li>Plate-forme multifonctionnelle pour cr\u00e9er des communaut\u00e9s et des abonnements en ligne<\/li>\n<li>Capacit\u00e9 \u00e0 cr\u00e9er des profils d&rsquo;utilisateurs et des groupes d&rsquo;utilisateurs personnalis\u00e9s<\/li>\n<li>Prend en charge plusieurs langues et options de devise<\/li>\n<li>Fonctionnalit\u00e9s de gamification int\u00e9gr\u00e9es pour engager les utilisateurs<\/li>\n<li>Int\u00e9gration avec des plugins et services tiers populaires<\/li>\n<li>Advanced Analytics and Reporting Capacities<\/li>\n<li>Options de conception et de marque personnalisables<\/li>\n<li>Sensible au mobile et optimis\u00e9 pour les performances<\/li>\n<li>Outils complets de gestion des utilisateurs et de mod\u00e9ration<\/li>\n<li>Architecture s\u00e9curis\u00e9e et \u00e9volutive pour les sites Web \u00e0 haut trafic<\/li>\n<\/ul>\n","protected":false},"excerpt":{"rendered":"<p>BuddyBoss Platform Pro est une solution de haut niveau qui fournit une interface transparente pour cr\u00e9er et g\u00e9rer les communaut\u00e9s en ligne, les abonnements et les plateformes d&rsquo;apprentissage en ligne. Il s&rsquo;agit d&rsquo;un outil robuste et enti\u00e8rement personnalisable con\u00e7u pour maximiser l&rsquo;engagement des utilisateurs et augmenter la connectivit\u00e9. Avec BuddyBoss, vous pouvez g\u00e9rer sans effort votre communaut\u00e9, cr\u00e9er des cours engageants et offrir des abonnements uniques. Il s&rsquo;int\u00e8gre parfaitement aux plugins WordPress populaires et propose des fonctionnalit\u00e9s exclusives telles que la messagerie priv\u00e9e, les groupes sociaux et les connexions des membres. Cette plate-forme avanc\u00e9e est conviviale, offrant une interface intuitive qui ne n\u00e9cessite aucune exp\u00e9rience de codage pr\u00e9alable. BuddyBoss garantit que vos membres ont une exp\u00e9rience en ligne exceptionnelle, favorisant des connexions plus fortes et am\u00e9liorant l&rsquo;apprentissage en ligne. C&rsquo;est un excellent outil pour les entreprises qui cherchent \u00e0 cr\u00e9er une communaut\u00e9 en ligne florissante tout en offrant du contenu et des cours premium. Avec BuddyBoss Platform Pro, vous pouvez d\u00e9bloquer des opportunit\u00e9s infinies de croissance et d&rsquo;innovation.<\/p>\n","protected":false},"featured_media":143329,"comment_status":"open","ping_status":"open","template":"","meta":[],"product_brand":[2484],"product_cat":[1300,1181,1186],"product_tag":[1480],"class_list":{"0":"post-111848","1":"product","2":"type-product","3":"status-publish","4":"has-post-thumbnail","6":"product_brand-buddyboss","7":"product_cat-adhesion","8":"product_cat-plugins","9":"product_cat-wordpress-plugins","10":"product_tag-buddyboss","11":"member-discount","12":"discount-restricted","14":"first","15":"instock","16":"sale","17":"downloadable","18":"virtual","19":"sold-individually","20":"purchasable","21":"product-type-simple"},"_links":{"self":[{"href":"https:\/\/gpl-love.com\/fr\/wp-json\/wp\/v2\/product\/111848","targetHints":{"allow":["GET"]}}],"collection":[{"href":"https:\/\/gpl-love.com\/fr\/wp-json\/wp\/v2\/product"}],"about":[{"href":"https:\/\/gpl-love.com\/fr\/wp-json\/wp\/v2\/types\/product"}],"replies":[{"embeddable":true,"href":"https:\/\/gpl-love.com\/fr\/wp-json\/wp\/v2\/comments?post=111848"}],"wp:featuredmedia":[{"embeddable":true,"href":"https:\/\/gpl-love.com\/fr\/wp-json\/wp\/v2\/media\/143329"}],"wp:attachment":[{"href":"https:\/\/gpl-love.com\/fr\/wp-json\/wp\/v2\/media?parent=111848"}],"wp:term":[{"taxonomy":"product_brand","embeddable":true,"href":"https:\/\/gpl-love.com\/fr\/wp-json\/wp\/v2\/product_brand?post=111848"},{"taxonomy":"product_cat","embeddable":true,"href":"https:\/\/gpl-love.com\/fr\/wp-json\/wp\/v2\/product_cat?post=111848"},{"taxonomy":"product_tag","embeddable":true,"href":"https:\/\/gpl-love.com\/fr\/wp-json\/wp\/v2\/product_tag?post=111848"}],"curies":[{"name":"wp","href":"https:\/\/api.w.org\/{rel}","templated":true}]}}