{"id":111846,"date":"2026-02-24T00:00:00","date_gmt":"2026-02-23T23:00:00","guid":{"rendered":"http:\/\/gpl-love.com\/fr\/produit\/buddyboss-theme\/"},"modified":"2026-03-20T22:57:37","modified_gmt":"2026-03-20T21:57:37","slug":"buddyboss-theme","status":"publish","type":"product","link":"https:\/\/gpl-love.com\/fr\/produit\/buddyboss-theme\/","title":{"rendered":"BuddyBoss Theme 2.19.0"},"content":{"rendered":"<h3>BuddyBoss Theme Traits<\/h3>\n<p>Le th\u00e8me BuddyBoss combine des fonctionnalit\u00e9s puissantes, un style moderne, et une facilit\u00e9 d\u2019utilisation in\u00e9gal\u00e9e, vous permettant d\u2019am\u00e9liorer rapidement votre pr\u00e9sence en ligne. Lancez-vous d\u00e8s aujourd\u2019hui et b\u00e2tissez votre communaut\u00e9 en ligne avec le th\u00e8me BuddyBoss.<\/p>\n<ul>\n<li>Design moderne et \u00e9l\u00e9gant pour la cr\u00e9ation de r\u00e9seaux sociaux ou de communaut\u00e9s en ligne<\/li>\n<li>Profils utilisateurs personnalisables et fonctionnalit\u00e9s avanc\u00e9es de r\u00e9seau social<\/li>\n<li>\u00c9diteur visuel glisser-d\u00e9poser et plusieurs sch\u00e9mas de couleurs pour une personnalisation sans limite<\/li>\n<li>Int\u00e9gration transparente avec WooCommerce, LearnDash et bbPress<\/li>\n<li>Optimis\u00e9 pour le SEO et la rapidit\u00e9, garantissant des performances optimales<\/li>\n<li>Support mobile pour une accessibilit\u00e9 sur n&rsquo;importe quel appareil<\/li>\n<li>Documentation d\u00e9taill\u00e9e et support client r\u00e9actif pour vous accompagner<\/li>\n<\/ul>\n","protected":false},"excerpt":{"rendered":"<p>D\u00e9couvrez la puissance et la flexibilit\u00e9 du th\u00e8me BuddyBoss, la meilleure alternative \u00e0 BuddyPress.<br \/>\nLe th\u00e8me BuddyBoss est une solution de premier choix pour les cr\u00e9ateurs de communaut\u00e9s en ligne, les plateformes d\u2019abonnement et d\u2019e-learning. Gr\u00e2ce \u00e0 sa personnalisation pouss\u00e9e et \u00e0 son int\u00e9gration fluide avec WordPress et BuddyPress, il permet de cr\u00e9er un espace en ligne unique, parfaitement align\u00e9 sur votre marque. Que vous soyez un d\u00e9veloppeur exp\u00e9riment\u00e9 ou un d\u00e9butant, le th\u00e8me BuddyBoss offre une interface intuitive qui simplifie la cr\u00e9ation de votre site web. De plus, avec ses fonctionnalit\u00e9s multi-langues et support RTL, vous pouvez toucher un public mondial. Profitez des int\u00e9grations BuddyBoss avec des plugins populaires tels que WooCommerce, LearnDash, et bbPress, rendant votre plateforme encore plus puissante. Le design responsive du th\u00e8me assure une apparence impeccable sur tout type d&rsquo;appareil, am\u00e9liorant ainsi l&rsquo;exp\u00e9rience utilisateur mobile. Le BuddyBoss blog int\u00e9gr\u00e9 vous permet de partager des actualit\u00e9s et des contenus avec vos membres, tout en b\u00e9n\u00e9ficiant d&rsquo;une optimisation SEO qui boostera la visibilit\u00e9 de votre site dans les moteurs de recherche. Gr\u00e2ce \u00e0 ses mises \u00e0 jour r\u00e9guli\u00e8res et son \u00e9quipe de support d\u00e9di\u00e9e, BuddyBoss vous aide \u00e0 tirer le meilleur parti de votre communaut\u00e9 en ligne.<\/p>\n","protected":false},"featured_media":143330,"comment_status":"open","ping_status":"open","template":"","meta":[],"product_brand":[2484],"product_cat":[1242,1212,1213],"product_tag":[1480],"class_list":{"0":"post-111846","1":"product","2":"type-product","3":"status-publish","4":"has-post-thumbnail","6":"product_brand-buddyboss","7":"product_cat-creatif","8":"product_cat-themes","9":"product_cat-wordpress-themes","10":"product_tag-buddyboss","11":"member-discount","12":"discount-restricted","14":"first","15":"instock","16":"sale","17":"downloadable","18":"virtual","19":"sold-individually","20":"purchasable","21":"product-type-simple"},"_links":{"self":[{"href":"https:\/\/gpl-love.com\/fr\/wp-json\/wp\/v2\/product\/111846","targetHints":{"allow":["GET"]}}],"collection":[{"href":"https:\/\/gpl-love.com\/fr\/wp-json\/wp\/v2\/product"}],"about":[{"href":"https:\/\/gpl-love.com\/fr\/wp-json\/wp\/v2\/types\/product"}],"replies":[{"embeddable":true,"href":"https:\/\/gpl-love.com\/fr\/wp-json\/wp\/v2\/comments?post=111846"}],"wp:featuredmedia":[{"embeddable":true,"href":"https:\/\/gpl-love.com\/fr\/wp-json\/wp\/v2\/media\/143330"}],"wp:attachment":[{"href":"https:\/\/gpl-love.com\/fr\/wp-json\/wp\/v2\/media?parent=111846"}],"wp:term":[{"taxonomy":"product_brand","embeddable":true,"href":"https:\/\/gpl-love.com\/fr\/wp-json\/wp\/v2\/product_brand?post=111846"},{"taxonomy":"product_cat","embeddable":true,"href":"https:\/\/gpl-love.com\/fr\/wp-json\/wp\/v2\/product_cat?post=111846"},{"taxonomy":"product_tag","embeddable":true,"href":"https:\/\/gpl-love.com\/fr\/wp-json\/wp\/v2\/product_tag?post=111846"}],"curies":[{"name":"wp","href":"https:\/\/api.w.org\/{rel}","templated":true}]}}