{"id":111818,"date":"2021-02-11T00:00:00","date_gmt":"2021-02-10T23:00:00","guid":{"rendered":"http:\/\/gpl-love.com\/fr\/produit\/interico-interior-design-architecture-wordpress-theme\/"},"modified":"2026-03-20T23:20:26","modified_gmt":"2026-03-20T22:20:26","slug":"interico-interior-design-architecture-wordpress-theme","status":"publish","type":"product","link":"https:\/\/gpl-love.com\/fr\/produit\/interico-interior-design-architecture-wordpress-theme\/","title":{"rendered":"Interico Interior Design et Architecture WordPress Theme 1.1.3"},"content":{"rendered":"<h3>Interico Interior Design et Architecture WordPress Theme Traits<\/h3>\n<p>Le th\u00e8me Interico Interior Design and Architecture WordPress est une solution de conception globale sp\u00e9cifiquement adapt\u00e9e pour r\u00e9pondre aux exigences uniques des entreprises de design d&rsquo;int\u00e9rieur et d&rsquo;architecture. \u00c9quip\u00e9 d&rsquo;une interface conviviale et d&rsquo;une pl\u00e9thore d&rsquo;options de conception personnalisables, ce th\u00e8me permet aux utilisateurs de cr\u00e9er sans effort des sites Web saisissants visuellement. En raison de son vaste r\u00e9pertoire de mod\u00e8les de conception pr\u00e9d\u00e9finis, les utilisateurs peuvent commencer rapidement leur parcours de construction de sites Web. De plus, ce th\u00e8me est enti\u00e8rement r\u00e9actif, garantissant un affichage optimal de site Web sur tous les appareils. Notamment, il englobe une pl\u00e9thore de fonctionnalit\u00e9s avanc\u00e9es telles que la typographie de pointe, un constructeur de pages convivial, des widgets personnalisables et une int\u00e9gration transparente avec diverses plateformes de m\u00e9dias sociaux, \u00e9levant ainsi son statut d&rsquo;outil de conception polyvalent et puissant. Que vous visiez \u00e0 cr\u00e9er un portefeuille en ligne, \u00e0 pr\u00e9senter vos services ou \u00e0 fournir aux visiteurs des informations pertinentes sur votre entreprise, le th\u00e8me Interico Interior Design and Architecture WordPress est \u00e9quip\u00e9 avec comp\u00e9tence pour r\u00e9pondre \u00e0 ces besoins.<\/p>\n<ul>\n<li>Design beau et moderne<\/li>\n<li>Disposition de page d&rsquo;accueil personnalisable<\/li>\n<li>Plusieurs styles de portfolio<\/li>\n<li>R\u00e9actif sur tous les appareils<\/li>\n<li>Options de typographie personnalisable<\/li>\n<li>Sch\u00e9ma de couleurs illimit\u00e9<\/li>\n<li>Builder de page de glisser-d\u00e9poser facile \u00e0 utiliser<\/li>\n<li>Installation de d\u00e9monstration en un clic<\/li>\n<li>Panneau d&rsquo;options de th\u00e8me puissant pour personnaliser votre site<\/li>\n<li>SEO optimis\u00e9 pour le classement des moteurs de recherche sup\u00e9rieur<\/li>\n<li>Int\u00e9grations avec des plugins populaires tels que WooCommerce et WPML<\/li>\n<li>\u00c9quipe de support client d\u00e9di\u00e9e<\/li>\n<\/ul>\n","protected":false},"excerpt":{"rendered":"<p>Le th\u00e8me Interico Interior Design and Architecture WordPress est un choix sophistiqu\u00e9 et contemporain qui a \u00e9t\u00e9 m\u00e9ticuleusement con\u00e7u pour mettre en \u00e9vidence et pr\u00e9senter vos efforts de design d&rsquo;int\u00e9rieur et d&rsquo;architecture. B\u00e9n\u00e9ficiant d&rsquo;une conception r\u00e9active, d&rsquo;une abondance d&rsquo;options de personnalisation et d&rsquo;une interface intuitivement conviviale, ce th\u00e8me sert de plate-forme id\u00e9ale pour les agences de conception, les ind\u00e9pendants et les architectes pour montrer efficacement leur travail d&rsquo;une mani\u00e8re qui d\u00e9gage le professionnalisme et captive les t\u00e9l\u00e9spectateurs. En plus de ses fonctionnalit\u00e9s remarquables, telles que l&rsquo;assortiment de pages pr\u00e9-con\u00e7ues englobant la maison, les services, les services, les projets, le blog et le contact, ce th\u00e8me int\u00e8gre \u00e9galement l&rsquo;optimisation du r\u00e9f\u00e9rencement int\u00e9gr\u00e9e et la vitesse de chargement acc\u00e9l\u00e9r\u00e9e, en veillant \u00e0 ce que votre site Web s\u00e9curise un classement louable sur les moteurs de recherche tout en offrant une exp\u00e9rience utilisateur sans couture et agr\u00e9able pour vos visiteurs estim\u00e9s. Que votre objectif principal soit de pr\u00e9senter votre portfolio impressionnant ou de magn\u00e9tiser les clients potentiels, soyez assur\u00e9 que le th\u00e8me Interico est sans \u00e9quivoque le choix primordial pour un th\u00e8me WordPress de conception et d&rsquo;architecture.<\/p>\n","protected":false},"featured_media":144239,"comment_status":"open","ping_status":"closed","template":"","meta":[],"product_brand":[2433],"product_cat":[1242,1212,1213],"product_tag":[1366],"class_list":{"0":"post-111818","1":"product","2":"type-product","3":"status-publish","4":"has-post-thumbnail","6":"product_brand-themeforest","7":"product_cat-creatif","8":"product_cat-themes","9":"product_cat-wordpress-themes","10":"product_tag-themeforest","11":"member-discount","12":"discount-restricted","14":"first","15":"instock","16":"sale","17":"downloadable","18":"virtual","19":"sold-individually","20":"purchasable","21":"product-type-simple"},"_links":{"self":[{"href":"https:\/\/gpl-love.com\/fr\/wp-json\/wp\/v2\/product\/111818","targetHints":{"allow":["GET"]}}],"collection":[{"href":"https:\/\/gpl-love.com\/fr\/wp-json\/wp\/v2\/product"}],"about":[{"href":"https:\/\/gpl-love.com\/fr\/wp-json\/wp\/v2\/types\/product"}],"replies":[{"embeddable":true,"href":"https:\/\/gpl-love.com\/fr\/wp-json\/wp\/v2\/comments?post=111818"}],"wp:featuredmedia":[{"embeddable":true,"href":"https:\/\/gpl-love.com\/fr\/wp-json\/wp\/v2\/media\/144239"}],"wp:attachment":[{"href":"https:\/\/gpl-love.com\/fr\/wp-json\/wp\/v2\/media?parent=111818"}],"wp:term":[{"taxonomy":"product_brand","embeddable":true,"href":"https:\/\/gpl-love.com\/fr\/wp-json\/wp\/v2\/product_brand?post=111818"},{"taxonomy":"product_cat","embeddable":true,"href":"https:\/\/gpl-love.com\/fr\/wp-json\/wp\/v2\/product_cat?post=111818"},{"taxonomy":"product_tag","embeddable":true,"href":"https:\/\/gpl-love.com\/fr\/wp-json\/wp\/v2\/product_tag?post=111818"}],"curies":[{"name":"wp","href":"https:\/\/api.w.org\/{rel}","templated":true}]}}