{"id":111816,"date":"2025-09-01T00:00:00","date_gmt":"2025-08-31T22:00:00","guid":{"rendered":"http:\/\/gpl-love.com\/fr\/produit\/wp-plugin-manager-pro-deactivate-plugins-per-page\/"},"modified":"2026-03-20T23:50:23","modified_gmt":"2026-03-20T22:50:23","slug":"wp-plugin-manager-pro-deactivate-plugins-per-page","status":"publish","type":"product","link":"https:\/\/gpl-love.com\/fr\/produit\/wp-plugin-manager-pro-deactivate-plugins-per-page\/","title":{"rendered":"WP Plugin Manager Pro Deactivate Plugins Per Page 1.4.4"},"content":{"rendered":"<h3>WP Plugin Manager Pro Deactivate Plugins Per Page Traits<\/h3>\n<p>Les plugins WP Plugin Manager Pro d\u00e9sactiver par page sont un plugin WordPress incroyablement robuste et dynamique qui offre aux propri\u00e9taires de sites Web de commodit\u00e9 et de contr\u00f4le sur la gestion de leur plugin. En offrant aux utilisateurs la possibilit\u00e9 de d\u00e9sactiver les plugins sur des pages sp\u00e9cifiques, ce plugin est particuli\u00e8rement avantageux pour les sites Web avec des dispositions complexes ou des conditions fonctionnelles sp\u00e9cifiques. L&rsquo;int\u00e9gration transparente de cette fonctionnalit\u00e9 aide non seulement dans les sites Web de d\u00e9sencombrement, mais am\u00e9liore \u00e9galement les performances globales du site. De plus, la nature conviviale de WP Plugin Manager Pro, combin\u00e9e avec sa vaste gamme d&rsquo;options de personnalisation, le rend un outil indispensable pour les utilisateurs de WordPress cherchant \u00e0 optimiser leurs strat\u00e9gies de gestion des plugins.<\/p>\n<ul>\n<li>WP Plugin Manager Pro est un outil puissant qui vous permet de g\u00e9rer facilement vos plugins WordPress.<\/li>\n<li>Avec les plugins d\u00e9sactiv\u00e9s par page par page, vous pouvez d\u00e9sactiver les plugins individuels sur des pages ou des messages sp\u00e9cifiques.<\/li>\n<li>Cette fonctionnalit\u00e9 est incroyablement utile pour optimiser la vitesse et les performances de votre site Web en d\u00e9sactivant les plugins non essentiels sur certaines pages.<\/li>\n<li>Vous pouvez activer ou d\u00e9sactiver rapidement et facilement les plugins sur une base par page sans avoir \u00e0 naviguer vers les param\u00e8tres de chaque plugin individuel.<\/li>\n<li>Ce plugin propose \u00e9galement d&rsquo;autres fonctionnalit\u00e9s puissantes telles que les actions du plugin en vrac, les mises \u00e0 jour automatiques et les informations d\u00e9taill\u00e9es du plugin.<\/li>\n<\/ul>\n","protected":false},"excerpt":{"rendered":"<p>WP Plugin Manager Pro d\u00e9sactiver les plugins par page est un plugin incroyablement robuste et tr\u00e8s efficace, dot\u00e9 de la possibilit\u00e9 remarquable de d\u00e9sactiver sans effort divers plugins sur des pages sp\u00e9cifiques de votre site Web WordPress. Ce plugin remarquable vous permet d&rsquo;am\u00e9liorer consid\u00e9rablement les performances globales de votre site Web, de minimiser les temps de chargement et de garantir une exp\u00e9rience utilisateur impeccablement transparente et gratifiante pour tous vos visiteurs estim\u00e9s. Que votre intention soit de d\u00e9sactiver habilement des plugins sur votre page d&rsquo;accueil largement fr\u00e9quent\u00e9e ou sur des pages de destination s\u00e9lectionn\u00e9es d\u00e9di\u00e9es \u00e0 des campagnes ou des promotions sp\u00e9cifiques, les plugins de plugin WP ing\u00e9nieusement con\u00e7us ont d\u00e9sactiv\u00e9 les plugins par page et rationalisent ing\u00e9nieusement cette t\u00e2che autre complications. Ainsi, il devient ind\u00e9niablement un outil indispensable et inestimable, indubitablement indispensable \u00e0 tout propri\u00e9taire de site Web exigeant et astucieux d\u00e9sireux d&rsquo;optimiser leur site Web estim\u00e9 et d&rsquo;assurer assid\u00fbment une exp\u00e9rience utilisateur superlative pour ses visiteurs tr\u00e8s estim\u00e9s.<\/p>\n","protected":false},"featured_media":146187,"comment_status":"open","ping_status":"open","template":"","meta":[],"product_brand":[2435],"product_cat":[1203,1181,1186],"product_tag":[1231],"class_list":{"0":"post-111816","1":"product","2":"type-product","3":"status-publish","4":"has-post-thumbnail","6":"product_brand-codecanyon","7":"product_cat-performance","8":"product_cat-plugins","9":"product_cat-wordpress-plugins","10":"product_tag-codecanyon","11":"member-discount","12":"discount-restricted","14":"first","15":"instock","16":"sale","17":"downloadable","18":"virtual","19":"sold-individually","20":"purchasable","21":"product-type-simple"},"_links":{"self":[{"href":"https:\/\/gpl-love.com\/fr\/wp-json\/wp\/v2\/product\/111816","targetHints":{"allow":["GET"]}}],"collection":[{"href":"https:\/\/gpl-love.com\/fr\/wp-json\/wp\/v2\/product"}],"about":[{"href":"https:\/\/gpl-love.com\/fr\/wp-json\/wp\/v2\/types\/product"}],"replies":[{"embeddable":true,"href":"https:\/\/gpl-love.com\/fr\/wp-json\/wp\/v2\/comments?post=111816"}],"wp:featuredmedia":[{"embeddable":true,"href":"https:\/\/gpl-love.com\/fr\/wp-json\/wp\/v2\/media\/146187"}],"wp:attachment":[{"href":"https:\/\/gpl-love.com\/fr\/wp-json\/wp\/v2\/media?parent=111816"}],"wp:term":[{"taxonomy":"product_brand","embeddable":true,"href":"https:\/\/gpl-love.com\/fr\/wp-json\/wp\/v2\/product_brand?post=111816"},{"taxonomy":"product_cat","embeddable":true,"href":"https:\/\/gpl-love.com\/fr\/wp-json\/wp\/v2\/product_cat?post=111816"},{"taxonomy":"product_tag","embeddable":true,"href":"https:\/\/gpl-love.com\/fr\/wp-json\/wp\/v2\/product_tag?post=111816"}],"curies":[{"name":"wp","href":"https:\/\/api.w.org\/{rel}","templated":true}]}}