{"id":111814,"date":"2025-05-26T00:00:00","date_gmt":"2025-05-25T22:00:00","guid":{"rendered":"http:\/\/gpl-love.com\/fr\/produit\/wp-lister-pro-for-ebay\/"},"modified":"2026-03-20T23:50:10","modified_gmt":"2026-03-20T22:50:10","slug":"wp-lister-pro-for-ebay","status":"publish","type":"product","link":"https:\/\/gpl-love.com\/fr\/produit\/wp-lister-pro-for-ebay\/","title":{"rendered":"WP Lister Pro pour eBay 3.8.1"},"content":{"rendered":"<h3>WP Lister Pro pour eBay Traits<\/h3>\n<p>WP Lister Pro pour eBay est un outil logiciel incroyablement puissant et remarquablement convivial qui vous offre la capacit\u00e9 de r\u00e9pertorier et de g\u00e9rer efficacement vos produits sur eBay. Ce logiciel ing\u00e9nieux simplifie la t\u00e2che d&rsquo;importer vos donn\u00e9es de produit \u00e0 partir de votre boutique WooCommerce et de cr\u00e9er rapidement des listes eBay captivantes et professionnelles avec seulement quelques clics. WP Lister Pro pour eBay vous permet en outre de superviser vos listes, de surveiller avec diligence vos ventes et de r\u00e9pondre rapidement aux requ\u00eates des clients directement \u00e0 partir du tableau de bord WordPress. Ce logiciel exceptionnel vous accorde une vaste gamme de fonctionnalit\u00e9s inestimables, englobant la possibilit\u00e9 de faire des modifications en vrac, de prendre en charge les variations, d&rsquo;utiliser des mod\u00e8les de liste automatis\u00e9s, et bien plus encore. Il est sans \u00e9quivoque comme un outil indispensable pour tout marchand astucieux et exigeant dans l&rsquo;intention de rationaliser leur processus de vente eBay et d&rsquo;augmenter consid\u00e9rablement leurs chiffres de vente.<\/p>\n<ul>\n<li>Rationalise le processus de liste des \u00e9l\u00e9ments sur eBay en int\u00e9grant avec WordPress<\/li>\n<li>Cr\u00e9ez et g\u00e9rez facilement les listes eBay directement \u00e0 partir de votre site Web<\/li>\n<li>Synchronise automatiquement les stocks et les prix entre votre site Web et eBay<\/li>\n<li>Offre des mod\u00e8les personnalisables et des options d&rsquo;\u00e9dition en vrac pour une gestion de liste efficace<\/li>\n<li>Fournit une analyse du march\u00e9 eBay en temps r\u00e9el pour aider \u00e0 optimiser les prix et \u00e0 augmenter les ventes<\/li>\n<li>Offre un support technique fiable et des mises \u00e0 jour r\u00e9guli\u00e8res pour des performances optimales<\/li>\n<li>Convient aux vendeurs de toutes tailles, des petites entreprises aux op\u00e9rations au niveau de l&rsquo;entreprise.<\/li>\n<\/ul>\n","protected":false},"excerpt":{"rendered":"<p>WP Lister Pro pour eBay est une application logicielle incroyablement robuste et efficace con\u00e7ue m\u00e9ticuleusement pour les vendeurs en ligne qui sont ferventes sur la rationalisation et la simplification de leurs listes eBay. Cet outil impressionnant vous permet de mani\u00e8re transparente de r\u00e9pertorier et de g\u00e9rer rapidement tous vos produits sur la plate-forme eBay estim\u00e9e, tout en fonctionnant directement \u00e0 partir du confort et de la commodit\u00e9 de votre propre site WordPress. En cr\u00e9ant sans effort et rapidement vos listes de produits dans l&rsquo;interface WordPress, WP Lister Pro est merveilleusement et synchronise automatiquement chaque liste avec votre compte eBay convoit\u00e9. En plus des fonctionnalit\u00e9s susmentionn\u00e9es, vous \u00eates m\u00eame en mesure de g\u00e9rer et de mettre \u00e0 jour sans effort sans effort vos listes eBay directement \u00e0 partir du tableau de bord WordPress facilement navigable et convivial. Essentiellement, WP Lister s&rsquo;efforce ardemment pour vous sauver une abondance de temps pr\u00e9cieux et rationalise et simplifie efficacement votre processus de vente eBay.<\/p>\n","protected":false},"featured_media":146173,"comment_status":"open","ping_status":"open","template":"","meta":[],"product_brand":[2723],"product_cat":[1183,1182,1181],"product_tag":[1593],"class_list":{"0":"post-111814","1":"product","2":"type-product","3":"status-publish","4":"has-post-thumbnail","6":"product_brand-wp-lab","7":"product_cat-administration","8":"product_cat-commerce-electronique-plugins","9":"product_cat-plugins","10":"product_tag-wp-lab","11":"member-discount","12":"discount-restricted","14":"first","15":"instock","16":"sale","17":"downloadable","18":"virtual","19":"sold-individually","20":"purchasable","21":"product-type-simple"},"_links":{"self":[{"href":"https:\/\/gpl-love.com\/fr\/wp-json\/wp\/v2\/product\/111814","targetHints":{"allow":["GET"]}}],"collection":[{"href":"https:\/\/gpl-love.com\/fr\/wp-json\/wp\/v2\/product"}],"about":[{"href":"https:\/\/gpl-love.com\/fr\/wp-json\/wp\/v2\/types\/product"}],"replies":[{"embeddable":true,"href":"https:\/\/gpl-love.com\/fr\/wp-json\/wp\/v2\/comments?post=111814"}],"wp:featuredmedia":[{"embeddable":true,"href":"https:\/\/gpl-love.com\/fr\/wp-json\/wp\/v2\/media\/146173"}],"wp:attachment":[{"href":"https:\/\/gpl-love.com\/fr\/wp-json\/wp\/v2\/media?parent=111814"}],"wp:term":[{"taxonomy":"product_brand","embeddable":true,"href":"https:\/\/gpl-love.com\/fr\/wp-json\/wp\/v2\/product_brand?post=111814"},{"taxonomy":"product_cat","embeddable":true,"href":"https:\/\/gpl-love.com\/fr\/wp-json\/wp\/v2\/product_cat?post=111814"},{"taxonomy":"product_tag","embeddable":true,"href":"https:\/\/gpl-love.com\/fr\/wp-json\/wp\/v2\/product_tag?post=111814"}],"curies":[{"name":"wp","href":"https:\/\/api.w.org\/{rel}","templated":true}]}}