{"id":111812,"date":"2024-10-29T00:00:00","date_gmt":"2024-10-28T23:00:00","guid":{"rendered":"http:\/\/gpl-love.com\/fr\/produit\/wp-lister-pro-for-amazon\/"},"modified":"2026-03-20T23:50:09","modified_gmt":"2026-03-20T22:50:09","slug":"wp-lister-pro-for-amazon","status":"publish","type":"product","link":"https:\/\/gpl-love.com\/fr\/produit\/wp-lister-pro-for-amazon\/","title":{"rendered":"WP Lister Pro pour Amazon 2.7.1"},"content":{"rendered":"<h3>WP Lister Pro pour Amazon Traits<\/h3>\n<p>WP Lister Pro pour Amazon est une solution logicielle tr\u00e8s robuste et formidable qui aide efficacement les vendeurs en ligne pour rationaliser et optimiser leurs processus de gestion des stocks sur la plate-forme Amazon. En tirant parti de son interface navigable sans effort, cet outil permet aux utilisateurs de g\u00e9n\u00e9rer et de synchroniser sans effort les listes de produits, de mettre en \u0153uvre des mises \u00e0 jour des prix et des niveaux de bourse, ainsi que de g\u00e9rer de mani\u00e8re approfondie les commandes et les informations d&rsquo;exp\u00e9dition. De plus, ce logiciel int\u00e8gre des fonctionnalit\u00e9s avanc\u00e9es telles que la synchronisation en temps r\u00e9el, la remise automatique et la cartographie des donn\u00e9es, qui ont toutes le potentiel d&rsquo;augmenter consid\u00e9rablement la productivit\u00e9 et d&rsquo;amplifier la rentabilit\u00e9 des vendeurs d&rsquo;Amazon. Peu importe que vous op\u00e9rez une entreprise diminutive ou une entreprise colossale, WP Lister Pro pour Amazon est un outil indispensable capable de simplifier votre exp\u00e9rience de vente Amazon et de propulser la croissance de votre entreprise.<\/p>\n<ul>\n<li>Compatible avec WooCommerce et Amazon, vous permettant de r\u00e9pertorier facilement vos produits sur le march\u00e9 Amazon depuis votre boutique WooCommerce<\/li>\n<li>Offre un contr\u00f4le complet sur les d\u00e9tails du produit, y compris les prix, les stocks, les descriptions et les images<\/li>\n<li>La synchronisation automatique garantit que les mises \u00e0 jour faites sur les produits de WooCommerce se refl\u00e8tent sur Amazon en temps r\u00e9el<\/li>\n<li>Permet une gestion facile de plusieurs listes d&rsquo;Amazon, avec la possibilit\u00e9 de cr\u00e9er et de g\u00e9rer des variations de produits<\/li>\n<li>Prise en charge int\u00e9gr\u00e9e pour la r\u00e9alisation par Amazon (FBA), vous permettant de g\u00e9rer facilement votre inventaire et l&rsquo;exp\u00e9dition via le r\u00e9seau d&rsquo;ex\u00e9cution d&rsquo;Amazon<\/li>\n<li>Offre des outils puissants pour optimiser vos listes pour le moteur de recherche d&rsquo;Amazon, y compris la recherche et l&rsquo;optimisation des mots cl\u00e9s, l&rsquo;\u00e9dition en vrac et l&rsquo;analyse de liste avanc\u00e9e<\/li>\n<li>Comprend la synchronisation et le suivi des commandes automatiques, en \u00e9liminant le besoin de mises \u00e0 jour manuelles et en veillant \u00e0 ce que vos clients re\u00e7oivent des informations pr\u00e9cises sur leurs commandes<\/li>\n<li>Fournit des rapports et des analyses d\u00e9taill\u00e9s sur vos performances de vente Amazon, vous aidant \u00e0 identifier les tendances, \u00e0 optimiser les prix et les stocks et prendre des d\u00e9cisions commerciales \u00e9clair\u00e9es.<\/li>\n<\/ul>\n","protected":false},"excerpt":{"rendered":"<p>WP Lister Pro pour Amazon est un outil incroyablement puissant et efficace qui vous offre la commodit\u00e9 et la facilit\u00e9 de gestion et d&rsquo;\u00e9num\u00e9ration de votre vaste gamme de produits directement sur la plate-forme Amazon, le tout du confort de votre site WordPress. Cet outil remarquable poss\u00e8de une interface intuitive qui simplifie l&rsquo;int\u00e9gralit\u00e9 du processus, associ\u00e9e \u00e0 une large gamme de fonctionnalit\u00e9s avanc\u00e9es qui \u00e9l\u00e8vent votre jeu de vente \u00e0 de nouveaux sommets. Avec ses fonctionnalit\u00e9s transparentes, vous pouvez cr\u00e9er et synchroniser sans effort vos listes de produits, maintenir un contr\u00f4le m\u00e9ticuleux sur votre inventaire et surveiller m\u00e9ticuleusement vos ventes et vos commandes, tous consolid\u00e9s dans un emplacement singulier et centralis\u00e9. Que vous soyez un propri\u00e9taire de petite entreprise en plein essor ou un vendeur de commerce \u00e9lectronique assaisonn\u00e9 et bien \u00e9tabli, WP Lister Pro pour Amazon vous offre les outils essentiels requis pour le triomphe sur la sc\u00e8ne mondiale qui est le plus grand march\u00e9 en ligne. D\u00e9couvrez une augmentation substantielle de vos ventes et obtenez une efficacit\u00e9 in\u00e9gal\u00e9e en tirant parti des capacit\u00e9s in\u00e9gal\u00e9es de cette solution de pointe aujourd&rsquo;hui!<\/p>\n","protected":false},"featured_media":146172,"comment_status":"open","ping_status":"open","template":"","meta":[],"product_brand":[2723],"product_cat":[1183,1182,1181],"product_tag":[1593],"class_list":{"0":"post-111812","1":"product","2":"type-product","3":"status-publish","4":"has-post-thumbnail","6":"product_brand-wp-lab","7":"product_cat-administration","8":"product_cat-commerce-electronique-plugins","9":"product_cat-plugins","10":"product_tag-wp-lab","11":"member-discount","12":"discount-restricted","14":"first","15":"instock","16":"sale","17":"downloadable","18":"virtual","19":"sold-individually","20":"purchasable","21":"product-type-simple"},"_links":{"self":[{"href":"https:\/\/gpl-love.com\/fr\/wp-json\/wp\/v2\/product\/111812","targetHints":{"allow":["GET"]}}],"collection":[{"href":"https:\/\/gpl-love.com\/fr\/wp-json\/wp\/v2\/product"}],"about":[{"href":"https:\/\/gpl-love.com\/fr\/wp-json\/wp\/v2\/types\/product"}],"replies":[{"embeddable":true,"href":"https:\/\/gpl-love.com\/fr\/wp-json\/wp\/v2\/comments?post=111812"}],"wp:featuredmedia":[{"embeddable":true,"href":"https:\/\/gpl-love.com\/fr\/wp-json\/wp\/v2\/media\/146172"}],"wp:attachment":[{"href":"https:\/\/gpl-love.com\/fr\/wp-json\/wp\/v2\/media?parent=111812"}],"wp:term":[{"taxonomy":"product_brand","embeddable":true,"href":"https:\/\/gpl-love.com\/fr\/wp-json\/wp\/v2\/product_brand?post=111812"},{"taxonomy":"product_cat","embeddable":true,"href":"https:\/\/gpl-love.com\/fr\/wp-json\/wp\/v2\/product_cat?post=111812"},{"taxonomy":"product_tag","embeddable":true,"href":"https:\/\/gpl-love.com\/fr\/wp-json\/wp\/v2\/product_tag?post=111812"}],"curies":[{"name":"wp","href":"https:\/\/api.w.org\/{rel}","templated":true}]}}