{"id":111810,"date":"2026-03-26T00:00:00","date_gmt":"2026-03-25T23:00:00","guid":{"rendered":"http:\/\/gpl-love.com\/fr\/produit\/woocommerce-redsys-gateway\/"},"modified":"2026-03-26T23:31:07","modified_gmt":"2026-03-26T22:31:07","slug":"woocommerce-redsys-gateway","status":"publish","type":"product","link":"https:\/\/gpl-love.com\/fr\/produit\/woocommerce-redsys-gateway\/","title":{"rendered":"WooCommerce RedSys Gateway 30.3.1"},"content":{"rendered":"<h3>WooCommerce RedSys Gateway Traits<\/h3>\n<p>La Gateway WooCommerce Redsys, un plugin indispensable pour les entreprises utilisant WooCommerce comme plate-forme de commerce \u00e9lectronique, propose un syst\u00e8me de traitement de paiement s\u00e9curis\u00e9 et fiable, garantissant ainsi des transactions en douceur et un contentement client. B\u00e9n\u00e9ficiant d&rsquo;un r\u00e9pertoire de fonctionnalit\u00e9s, y compris des paiements r\u00e9currents et de la possibilit\u00e9 de s&rsquo;adapter \u00e0 plusieurs devises, la passerelle WooCommerce Redssys r\u00e9pond aux besoins des entreprises de toutes tailles, ce qui le rend une solution adaptable et efficace. De plus, son interface conviviale facilite la configuration et la gestion sans effort, permettant aux entreprises de consacrer leur attention \u00e0 leurs op\u00e9rations principales. En tant que digne de confiance et fiable, la passerelle WooCommerce Redssys s&rsquo;av\u00e8re \u00eatre une option exceptionnelle pour les entreprises cherchant \u00e0 rationaliser leurs proc\u00e9dures de paiement en ligne.<\/p>\n<ul>\n<li>Int\u00e9grez sans effort la passerelle WooCommerce Redssys avec votre boutique en ligne<\/li>\n<li>Accepter les paiements dans diff\u00e9rentes devises<\/li>\n<li>Support linguistique multiple pour une exp\u00e9rience de paiement plus fluide<\/li>\n<li>Transactions s\u00e9curis\u00e9es et crypt\u00e9es pour une s\u00e9curit\u00e9 maximale<\/li>\n<li>Compatibilit\u00e9 avec diverses banques espagnoles<\/li>\n<li>Processus de configuration et de configuration simple<\/li>\n<li>Remboursements et annulations automatiques pour plus de commodit\u00e9<\/li>\n<li>Suivi en temps r\u00e9el de l&rsquo;\u00e9tat des transactions pour une surveillance facile<\/li>\n<li>Compatibilit\u00e9 compl\u00e8te avec les derni\u00e8res versions de WooCommerce et WordPress.<\/li>\n<\/ul>\n","protected":false},"excerpt":{"rendered":"<p>La passerelle WooCommerce Redsys est un plugin de passerelle de paiement exceptionnel qui a \u00e9t\u00e9 exclusivement con\u00e7u pour les magasins en ligne en utilisant la plate-forme WooCommerce. Ce plugin remarquable facilite les transactions s\u00e9curis\u00e9es en permettant aux clients de effectuer des paiements via le syst\u00e8me de paiement RedSys tr\u00e8s r\u00e9put\u00e9, qui se trouve \u00eatre l&rsquo;un des processeurs de paiement les plus estim\u00e9s de l&rsquo;int\u00e9gralit\u00e9 de l&rsquo;Espagne. En int\u00e9grant de mani\u00e8re transparente \u00e0 votre boutique en ligne et en fournissant un processus de paiement remarquablement efficace, la passerelle WooCommerce Redssys assure une solution de paiement fiable et digne de confiance qui r\u00e9pond aux besoins des clients pr\u00e9cieux et des propri\u00e9taires de magasins diligents.<\/p>\n","protected":false},"featured_media":146005,"comment_status":"open","ping_status":"open","template":"","meta":[],"product_brand":[2440],"product_cat":[1182,1401,1181],"product_tag":[1398],"class_list":{"0":"post-111810","1":"product","2":"type-product","3":"status-publish","4":"has-post-thumbnail","6":"product_brand-woocommerce","7":"product_cat-commerce-electronique-plugins","8":"product_cat-paiement-commerce-electronique-plugins","9":"product_cat-plugins","10":"product_tag-woocommerce","11":"member-discount","12":"discount-restricted","14":"first","15":"instock","16":"sale","17":"downloadable","18":"virtual","19":"sold-individually","20":"purchasable","21":"product-type-simple"},"_links":{"self":[{"href":"https:\/\/gpl-love.com\/fr\/wp-json\/wp\/v2\/product\/111810","targetHints":{"allow":["GET"]}}],"collection":[{"href":"https:\/\/gpl-love.com\/fr\/wp-json\/wp\/v2\/product"}],"about":[{"href":"https:\/\/gpl-love.com\/fr\/wp-json\/wp\/v2\/types\/product"}],"replies":[{"embeddable":true,"href":"https:\/\/gpl-love.com\/fr\/wp-json\/wp\/v2\/comments?post=111810"}],"wp:featuredmedia":[{"embeddable":true,"href":"https:\/\/gpl-love.com\/fr\/wp-json\/wp\/v2\/media\/146005"}],"wp:attachment":[{"href":"https:\/\/gpl-love.com\/fr\/wp-json\/wp\/v2\/media?parent=111810"}],"wp:term":[{"taxonomy":"product_brand","embeddable":true,"href":"https:\/\/gpl-love.com\/fr\/wp-json\/wp\/v2\/product_brand?post=111810"},{"taxonomy":"product_cat","embeddable":true,"href":"https:\/\/gpl-love.com\/fr\/wp-json\/wp\/v2\/product_cat?post=111810"},{"taxonomy":"product_tag","embeddable":true,"href":"https:\/\/gpl-love.com\/fr\/wp-json\/wp\/v2\/product_tag?post=111810"}],"curies":[{"name":"wp","href":"https:\/\/api.w.org\/{rel}","templated":true}]}}