{"id":111808,"date":"2026-04-18T00:00:00","date_gmt":"2026-04-17T22:00:00","guid":{"rendered":"http:\/\/gpl-love.com\/fr\/produit\/wp-fluent-forms-pro-add-on\/"},"modified":"2026-04-19T00:31:21","modified_gmt":"2026-04-18T22:31:21","slug":"wp-fluent-forms-pro-add-on","status":"publish","type":"product","link":"https:\/\/gpl-love.com\/fr\/produit\/wp-fluent-forms-pro-add-on\/","title":{"rendered":"Fluent Forms Pro 6.2.1"},"content":{"rendered":"<h3>Fluent Forms Pro Traits<\/h3>\n<p>Le WP Cluent Forms Pro Addon, un plugin remarquablement avanc\u00e9, am\u00e9liore consid\u00e9rablement les capacit\u00e9s du plugin WP Fly Formes en incorporant une multitude de fonctionnalit\u00e9s puissantes, qui facilitent sans effort la cr\u00e9ation de formes complexes. En plus de cela, l&rsquo;addon poss\u00e8de une vaste gamme de fonctionnalit\u00e9s, y compris, mais sans s&rsquo;y limiter, la logique conditionnelle, les formulaires en plusieurs \u00e9tapes, l&rsquo;int\u00e9gration de paiement et l&rsquo;enregistrement des utilisateurs. En outre, il est \u00e9quip\u00e9 d&rsquo;une interface glisser-d\u00e9poser sans effort, permettant ainsi aux utilisateurs d&rsquo;ajouter et de personnaliser de mani\u00e8re transparente les champs de mani\u00e8re rapide. Peut-\u00eatre que l&rsquo;une des caract\u00e9ristiques les plus saillantes de cet addon est sa capacit\u00e9 \u00e0 g\u00e9n\u00e9rer des formes r\u00e9actives et adapt\u00e9es aux mobiles, garantissant ainsi une disposition visuellement attrayante sur n&rsquo;importe quel appareil. Par cons\u00e9quent, cet outil indispensable s&rsquo;adresse aux entreprises qui n\u00e9cessitent une vaste collecte et un traitement de donn\u00e9es de leurs pr\u00e9cieux clients. En rationalisant le processus de construction de formulaire et en augmentant l&rsquo;exp\u00e9rience utilisateur, le WP Forms Forms Pro Addon joue incontestablement un r\u00f4le central dans la facilitation des taux de conversion plus \u00e9lev\u00e9s et une satisfaction accrue du client.<\/p>\n<ul>\n<li>Notre Addon WP Fluent Forms Pro est un outil essentiel pour tous ceux qui souhaitent rationaliser leur processus de cr\u00e9ation de formulaire dans WordPress.<\/li>\n<li><\/li>\n<li>Avec cet addon, vous pourrez cr\u00e9er facilement des formulaires personnalis\u00e9s, sans avoir \u00e0 vous soucier du codage ou de l&rsquo;expertise technique.<\/li>\n<li><\/li>\n<li>Le WP FLUENT FORMS PRO ADDON dispose d&rsquo;une interface glisser-d\u00e9poser conviviale, ce qui facilite la cr\u00e9ation de formes complexes qui r\u00e9pondent \u00e0 vos besoins uniques.<\/li>\n<li><\/li>\n<li>Vous aurez acc\u00e8s \u00e0 un large \u00e9ventail d&rsquo;\u00e9l\u00e9ments de formulaire, y compris des champs de texte, des cases \u00e0 cocher, des boutons radio, des minets, etc.<\/li>\n<li><\/li>\n<li>Cet addon est \u00e9galement livr\u00e9 avec des fonctionnalit\u00e9s avanc\u00e9es, telles que la logique conditionnelle, les t\u00e9l\u00e9chargements de fichiers et les formulaires de plusieurs pages, vous permettant de cr\u00e9er des formes plus sophistiqu\u00e9es et puissantes.<\/li>\n<li><\/li>\n<li>Avec le WP Fluent Forms Pro Addon, vous aurez un contr\u00f4le complet sur l&rsquo;apparence de vos formulaires, ainsi que la possibilit\u00e9 de personnaliser les messages de confirmation et les notifications par e-mail pour chaque soumission de formulaire.<\/li>\n<li><\/li>\n<li>Cet addon s&rsquo;int\u00e8gre parfaitement \u00e0 une vari\u00e9t\u00e9 d&rsquo;applications tierces populaires, notamment MailChimp, Zapier, PayPal, etc.<\/li>\n<li><\/li>\n<li>Notre Addon Forms Pro WP Forms Pro est rapide, fiable et soutenu par notre engagement envers la satisfaction du client. Essayez-le aujourd&rsquo;hui et voyez par vous-m\u00eame pourquoi c&rsquo;est le meilleur outil de construction de formulaire pour WordPress!<\/li>\n<\/ul>\n","protected":false},"excerpt":{"rendered":"<p>Le WP Fluent Forms Pro Addon est un outil incroyablement robuste et avanc\u00e9 qui a \u00e9t\u00e9 m\u00e9ticuleusement con\u00e7u dans le seul but d&rsquo;augmenter et d&rsquo;am\u00e9liorer consid\u00e9rablement les fonctionnalit\u00e9s et les capacit\u00e9s globales des formulaires sur votre site Web estim\u00e9. En utilisant cet addon tr\u00e8s sophistiqu\u00e9, vous vous retrouverez dot\u00e9 de la capacit\u00e9 remarquable \u00e0 cr\u00e9er et \u00e0 d\u00e9velopper des formes complexes et \u00e9labor\u00e9es, qui maintiennent la capacit\u00e9 remarquable pour amasser de mani\u00e8re habile et efficacement de votre client\u00e8le Les conceptions dans le tissu m\u00eame de vos formes, et s&rsquo;int\u00e8grent parfaitement \u00e0 une pl\u00e9thore d&rsquo;outils de marketing et de CRM largement acclam\u00e9s et estim\u00e9s qui sont actuellement v\u00e9n\u00e9r\u00e9s dans le domaine virtuel. Que vous vous retrouviez \u00e0 la t\u00eate d&rsquo;un \u00e9tablissement \u00e0 petite \u00e9chelle ou que vous vous entriez dans la t\u00e2che ardue de g\u00e9rer de mani\u00e8re comp\u00e9tente un site Web grandiose et tentaculaire, le WP Forms Pro Addon est pr\u00eat \u00e0 servir de solution la plus id\u00e9ale, la plus impeccable et la plus impeccable Cela vous permettra de rationaliser sans effort la proc\u00e9dure globale de vos formulaires en ligne estim\u00e9s, tout en am\u00e9liorant simultan\u00e9ment et exponentiellement l&rsquo;exp\u00e9rience globale de vos utilisateurs estim\u00e9s.<\/p>\n","protected":false},"featured_media":146148,"comment_status":"open","ping_status":"open","template":"","meta":[],"product_brand":[2606],"product_cat":[1191,1181,1186],"product_tag":[1568],"class_list":{"0":"post-111808","1":"product","2":"type-product","3":"status-publish","4":"has-post-thumbnail","6":"product_brand-manage-ninja","7":"product_cat-formes","8":"product_cat-plugins","9":"product_cat-wordpress-plugins","10":"product_tag-manage-ninja","11":"member-discount","12":"discount-restricted","14":"first","15":"instock","16":"sale","17":"downloadable","18":"virtual","19":"sold-individually","20":"purchasable","21":"product-type-simple"},"_links":{"self":[{"href":"https:\/\/gpl-love.com\/fr\/wp-json\/wp\/v2\/product\/111808","targetHints":{"allow":["GET"]}}],"collection":[{"href":"https:\/\/gpl-love.com\/fr\/wp-json\/wp\/v2\/product"}],"about":[{"href":"https:\/\/gpl-love.com\/fr\/wp-json\/wp\/v2\/types\/product"}],"replies":[{"embeddable":true,"href":"https:\/\/gpl-love.com\/fr\/wp-json\/wp\/v2\/comments?post=111808"}],"wp:featuredmedia":[{"embeddable":true,"href":"https:\/\/gpl-love.com\/fr\/wp-json\/wp\/v2\/media\/146148"}],"wp:attachment":[{"href":"https:\/\/gpl-love.com\/fr\/wp-json\/wp\/v2\/media?parent=111808"}],"wp:term":[{"taxonomy":"product_brand","embeddable":true,"href":"https:\/\/gpl-love.com\/fr\/wp-json\/wp\/v2\/product_brand?post=111808"},{"taxonomy":"product_cat","embeddable":true,"href":"https:\/\/gpl-love.com\/fr\/wp-json\/wp\/v2\/product_cat?post=111808"},{"taxonomy":"product_tag","embeddable":true,"href":"https:\/\/gpl-love.com\/fr\/wp-json\/wp\/v2\/product_tag?post=111808"}],"curies":[{"name":"wp","href":"https:\/\/api.w.org\/{rel}","templated":true}]}}