{"id":111804,"date":"2021-10-13T00:00:00","date_gmt":"2021-10-12T22:00:00","guid":{"rendered":"http:\/\/gpl-love.com\/fr\/produit\/hostiko-wordpress-whmcs-hosting-theme\/"},"modified":"2026-03-20T23:19:40","modified_gmt":"2026-03-20T22:19:40","slug":"hostiko-wordpress-whmcs-hosting-theme","status":"publish","type":"product","link":"https:\/\/gpl-love.com\/fr\/produit\/hostiko-wordpress-whmcs-hosting-theme\/","title":{"rendered":"Hostiko WordPress WHMCS Hosting Theme 60.0.0"},"content":{"rendered":"<h3>Hostiko WordPress WHMCS Hosting Theme Traits<\/h3>\n<p>Hostiko, un th\u00e8me d&rsquo;h\u00e9bergement WordPress de premier plan, a \u00e9t\u00e9 m\u00e9ticuleusement con\u00e7u pour r\u00e9pondre aux exigences sp\u00e9cifiques des fournisseurs d&rsquo;h\u00e9bergement Web. Sa conception de pointe et tr\u00e8s adaptative garantit une compatibilit\u00e9 sur tous les appareils, garantissant une exp\u00e9rience utilisateur sans couture et in\u00e9gal\u00e9e. Gr\u00e2ce \u00e0 son int\u00e9gration transparente avec WHMCS, Hostiko vous permet de g\u00e9rer sans effort vos services d&rsquo;h\u00e9bergement, votre facturation et vos billets de soutien. De plus, ce th\u00e8me exceptionnel est \u00e9quip\u00e9 d&rsquo;un constructeur de pages robuste, vous permettant de personnaliser sans effort vos pages conform\u00e9ment \u00e0 votre marque et \u00e0 votre style unique. De plus, Hostiko poss\u00e8de un tableau de bord remarquablement riche en fonctionnalit\u00e9s qui vous donne un contr\u00f4le absolu sur votre entreprise d&rsquo;h\u00e9bergement. Que vous soyez un novice dans le domaine de l&rsquo;h\u00e9bergement Web ou un fournisseur estim\u00e9, Hostiko est le compagnon id\u00e9al pour propulser votre entreprise \u00e0 des sommets sans pr\u00e9c\u00e9dent.<\/p>\n<ul>\n<li>Hostiko est un th\u00e8me WordPress de haute qualit\u00e9 sp\u00e9cialement con\u00e7u pour les fournisseurs d&rsquo;h\u00e9bergement Web<\/li>\n<li>Fonctionne une int\u00e9gration WHMCS enti\u00e8rement personnalisable pour la gestion des clients transparentes<\/li>\n<li>Comprend de nombreuses options de conception, avec plus de 30 dispositions de page d&rsquo;accueil et des mod\u00e8les de plusieurs pages<\/li>\n<li>La conception r\u00e9active garantit que votre site Web a fi\u00e8re allure sur n&rsquo;importe quel appareil<\/li>\n<li>Construit avec le r\u00e9f\u00e9rencement \u00e0 l&rsquo;esprit pour am\u00e9liorer la visibilit\u00e9 de votre site Web dans les r\u00e9sultats des moteurs de recherche<\/li>\n<li>Compatible avec une vari\u00e9t\u00e9 de plugins WordPress populaires pour des fonctionnalit\u00e9s suppl\u00e9mentaires<\/li>\n<li>Lice avec des mises \u00e0 jour gratuites \u00e0 vie et un support client de premier ordre des d\u00e9veloppeurs de th\u00e8mes<\/li>\n<li>Le constructeur de pages faciles \u00e0 utiliser vous permet de cr\u00e9er rapidement des pages personnalis\u00e9es sans aucune exp\u00e9rience de codage<\/li>\n<li>Utilise le plugin Elementor pour encore plus de possibilit\u00e9s de conception et de possibilit\u00e9s de personnalisation<\/li>\n<li>Fournit une documentation approfondie pour vous aider \u00e0 d\u00e9marrer et \u00e0 tirer le meilleur parti des fonctionnalit\u00e9s du th\u00e8me<\/li>\n<\/ul>\n","protected":false},"excerpt":{"rendered":"<p>Le th\u00e8me d&rsquo;h\u00e9bergement Hostiko WordPress WHMCS est un th\u00e8me extr\u00eamement puissant et efficace sp\u00e9cifiquement con\u00e7u pour les fournisseurs d&rsquo;h\u00e9bergement, leur permettant de fabriquer un site Web professionnel et contemporain qui pr\u00e9sente astucieusement leurs services et s\u00e9duit les clients potentiels. Ce th\u00e8me poss\u00e8de une r\u00e9activit\u00e9 compl\u00e8te, une optimisation in\u00e9gal\u00e9e du moteur de recherche et une personnalisation sans effort, ce qui le rend un choix in\u00e9gal\u00e9 pour toute entreprise d&rsquo;h\u00e9bergement. De plus, il s&rsquo;int\u00e8gre de mani\u00e8re transparente \u00e0 la plateforme estim\u00e9e de facturation et d&rsquo;automatisation des WHMC, rationalisant ainsi la gestion de votre entreprise d&rsquo;h\u00e9bergement \u00e0 un degr\u00e9 sans pr\u00e9c\u00e9dent. Avec un vaste assortiment de fonctionnalit\u00e9s et une abondance d&rsquo;options personnalisables \u00e0 votre disposition, le th\u00e8me d&rsquo;h\u00e9bergement Hostiko WordPress WHMCS appara\u00eet comme la solution par excellence pour les fournisseurs d&rsquo;h\u00e9bergement s&rsquo;effor\u00e7ant d&rsquo;effectuer une formidable pr\u00e9sence en ligne.<\/p>\n","protected":false},"featured_media":144187,"comment_status":"open","ping_status":"open","template":"","meta":[],"product_brand":[2433],"product_cat":[1516,1212,1213],"product_tag":[1366],"class_list":{"0":"post-111804","1":"product","2":"type-product","3":"status-publish","4":"has-post-thumbnail","6":"product_brand-themeforest","7":"product_cat-entreprise","8":"product_cat-themes","9":"product_cat-wordpress-themes","10":"product_tag-themeforest","11":"member-discount","12":"discount-restricted","14":"first","15":"instock","16":"sale","17":"downloadable","18":"virtual","19":"sold-individually","20":"purchasable","21":"product-type-simple"},"_links":{"self":[{"href":"https:\/\/gpl-love.com\/fr\/wp-json\/wp\/v2\/product\/111804","targetHints":{"allow":["GET"]}}],"collection":[{"href":"https:\/\/gpl-love.com\/fr\/wp-json\/wp\/v2\/product"}],"about":[{"href":"https:\/\/gpl-love.com\/fr\/wp-json\/wp\/v2\/types\/product"}],"replies":[{"embeddable":true,"href":"https:\/\/gpl-love.com\/fr\/wp-json\/wp\/v2\/comments?post=111804"}],"wp:featuredmedia":[{"embeddable":true,"href":"https:\/\/gpl-love.com\/fr\/wp-json\/wp\/v2\/media\/144187"}],"wp:attachment":[{"href":"https:\/\/gpl-love.com\/fr\/wp-json\/wp\/v2\/media?parent=111804"}],"wp:term":[{"taxonomy":"product_brand","embeddable":true,"href":"https:\/\/gpl-love.com\/fr\/wp-json\/wp\/v2\/product_brand?post=111804"},{"taxonomy":"product_cat","embeddable":true,"href":"https:\/\/gpl-love.com\/fr\/wp-json\/wp\/v2\/product_cat?post=111804"},{"taxonomy":"product_tag","embeddable":true,"href":"https:\/\/gpl-love.com\/fr\/wp-json\/wp\/v2\/product_tag?post=111804"}],"curies":[{"name":"wp","href":"https:\/\/api.w.org\/{rel}","templated":true}]}}