{"id":111802,"date":"2023-05-30T00:00:00","date_gmt":"2023-05-29T22:00:00","guid":{"rendered":"http:\/\/gpl-love.com\/fr\/produit\/wilcity-directory-listing-wordpress-theme\/"},"modified":"2026-04-10T18:45:41","modified_gmt":"2026-04-10T16:45:41","slug":"wilcity-directory-listing-wordpress-theme","status":"publish","type":"product","link":"https:\/\/gpl-love.com\/fr\/produit\/wilcity-directory-listing-wordpress-theme\/","title":{"rendered":"Wilcity Directory Listing WordPress Theme 1.4.52"},"content":{"rendered":"<h3>Wilcity Directory Listing WordPress Theme Traits<\/h3>\n<p>Le th\u00e8me WordPress r\u00e9pertoriant WilCity r\u00e9pertori\u00e9 appara\u00eet comme une solution globale et charg\u00e9e de fonctionnalit\u00e9s qui facilite la cr\u00e9ation de sites de r\u00e9pertoires contemporains et visuellement frappants. Il permet aux utilisateurs de pr\u00e9senter une vaste gamme d&rsquo;annonces, englobant les restaurants, les h\u00f4tels, l&rsquo;immobilier, etc., avec l&rsquo;avantage suppl\u00e9mentaire des alternatives de recherche et de filtrage personnalisables. Ce th\u00e8me est \u00e9quip\u00e9 d&rsquo;outils de personnalisation puissants, tels qu&rsquo;un constructeur de pages glisser-d\u00e9poser, un assortiment de mod\u00e8les pr\u00e9-con\u00e7us et des fonctionnalit\u00e9s de personnalisation avanc\u00e9es englobant les polices, les couleurs et les dispositions. Tir\u00e9e en tirant un cadre r\u00e9actif et convivial pour le r\u00e9f\u00e9rencement, Wilcity garantit une exp\u00e9rience utilisateur transparente sur tous les appareils, ce qui le rend la quintessence de l&rsquo;excellence pour les entreprises et les entrepreneurs aspirant \u00e0 inaugurer leur propre site Web d&rsquo;annuaire.<\/p>\n<ul>\n<li>Th\u00e8me WordPress de haute qualit\u00e9 con\u00e7u pour construire des sites Web d&rsquo;annuaire<\/li>\n<li>Fournit une interface de tra\u00een\u00e9e et de d\u00e9p\u00f4t facile \u00e0 utiliser pour les pages de construction<\/li>\n<li>Livr\u00e9 avec plus de 20 d\u00e9mos pr\u00e9-con\u00e7ues pour une configuration rapide et facile<\/li>\n<li>Enti\u00e8rement personnalisable avec plusieurs options pour les couleurs, les polices et les dispositions<\/li>\n<li>La conception adapt\u00e9e aux mobiles garantit que votre site Web a fi\u00e8re allure sur n&rsquo;importe quel appareil<\/li>\n<li>S&rsquo;int\u00e8gre \u00e0 des plugins populaires comme WooCommerce, WPML et le formulaire de contact 7<\/li>\n<li>Comprend des fonctionnalit\u00e9s puissantes telles que des capacit\u00e9s de recherche avanc\u00e9es, des profils d&rsquo;utilisateurs et une prise en charge multi-emplacements<\/li>\n<li>Construit en pensant au r\u00e9f\u00e9rencement pour vous aider \u00e0 optimiser votre site Web pour les moteurs de recherche<\/li>\n<li>Livr\u00e9 avec une documentation approfondie et un soutien d\u00e9di\u00e9 de l&rsquo;\u00e9quipe Wilcity<\/li>\n<li>R\u00e9gime r\u00e9guli\u00e8rement avec de nouvelles fonctionnalit\u00e9s et corrections de bogues pour que votre site Web fonctionne bien.<\/li>\n<\/ul>\n","protected":false},"excerpt":{"rendered":"<p>Le th\u00e8me WordPress r\u00e9pertori\u00e9 WilCity, largement consid\u00e9r\u00e9 comme une solution id\u00e9ale pour construire un site Web d&rsquo;annuaire global, poss\u00e8de une pl\u00e9thore d&rsquo;attributs souhaitables. Avec son interface navigable sans effort et son design personnalisable, ce th\u00e8me facilite l&rsquo;exposition transparente des listes, des critiques, des cartes et diverses autres informations vitales. Que votre objectif soit de g\u00e9rer un r\u00e9pertoire commercial localis\u00e9, un calendrier des \u00e9v\u00e9nements ou un guide de voyage, le th\u00e8me de Wilcity r\u00e9pond sans effort \u00e0 vos besoins sp\u00e9cifiques, offrant une flexibilit\u00e9 in\u00e9gal\u00e9e et une fonctionnalit\u00e9 de pointe pour faciliter la cr\u00e9ation d&rsquo;une polici\u00e8re et tr\u00e8s efficace Plateforme num\u00e9rique. De plus, il convient de noter que ce th\u00e8me a \u00e9t\u00e9 m\u00e9ticuleusement optimis\u00e9 \u00e0 des fins de r\u00e9f\u00e9rencement, garantissant que votre contenu b\u00e9n\u00e9ficie d&rsquo;une visibilit\u00e9 et d&rsquo;une d\u00e9couvre optimales parmi votre public cible vis\u00e9.<\/p>\n","protected":false},"featured_media":145768,"comment_status":"open","ping_status":"open","template":"","meta":[],"product_brand":[2433],"product_cat":[1242,1212,1213],"product_tag":[1366],"class_list":{"0":"post-111802","1":"product","2":"type-product","3":"status-publish","4":"has-post-thumbnail","6":"product_brand-themeforest","7":"product_cat-creatif","8":"product_cat-themes","9":"product_cat-wordpress-themes","10":"product_tag-themeforest","11":"member-discount","12":"discount-restricted","14":"first","15":"instock","16":"sale","17":"downloadable","18":"virtual","19":"sold-individually","20":"purchasable","21":"product-type-simple"},"_links":{"self":[{"href":"https:\/\/gpl-love.com\/fr\/wp-json\/wp\/v2\/product\/111802","targetHints":{"allow":["GET"]}}],"collection":[{"href":"https:\/\/gpl-love.com\/fr\/wp-json\/wp\/v2\/product"}],"about":[{"href":"https:\/\/gpl-love.com\/fr\/wp-json\/wp\/v2\/types\/product"}],"replies":[{"embeddable":true,"href":"https:\/\/gpl-love.com\/fr\/wp-json\/wp\/v2\/comments?post=111802"}],"wp:featuredmedia":[{"embeddable":true,"href":"https:\/\/gpl-love.com\/fr\/wp-json\/wp\/v2\/media\/145768"}],"wp:attachment":[{"href":"https:\/\/gpl-love.com\/fr\/wp-json\/wp\/v2\/media?parent=111802"}],"wp:term":[{"taxonomy":"product_brand","embeddable":true,"href":"https:\/\/gpl-love.com\/fr\/wp-json\/wp\/v2\/product_brand?post=111802"},{"taxonomy":"product_cat","embeddable":true,"href":"https:\/\/gpl-love.com\/fr\/wp-json\/wp\/v2\/product_cat?post=111802"},{"taxonomy":"product_tag","embeddable":true,"href":"https:\/\/gpl-love.com\/fr\/wp-json\/wp\/v2\/product_tag?post=111802"}],"curies":[{"name":"wp","href":"https:\/\/api.w.org\/{rel}","templated":true}]}}