{"id":111800,"date":"2025-12-29T00:00:00","date_gmt":"2025-12-28T23:00:00","guid":{"rendered":"http:\/\/gpl-love.com\/fr\/produit\/real-estate-pro-wordpress-plugin\/"},"modified":"2026-03-20T23:33:19","modified_gmt":"2026-03-20T22:33:19","slug":"real-estate-pro-wordpress-plugin","status":"publish","type":"product","link":"https:\/\/gpl-love.com\/fr\/produit\/real-estate-pro-wordpress-plugin\/","title":{"rendered":"Real Estate Pro WordPress Plugin 2.1.6"},"content":{"rendered":"<h3>Real Estate Pro WordPress Plugin Traits<\/h3>\n<p>Real Estate Pro WordPress Plugin se pr\u00e9sente comme une solution de pointe et sophistiqu\u00e9e sp\u00e9cifiquement formul\u00e9e pour r\u00e9pondre aux besoins des agents immobiliers et des courtiers, leur permettant de g\u00e9rer efficacement leur vaste portefeuille d&rsquo;annonces sur leur propre site Web WordPress. Cet outil r\u00e9volutionnaire, offrant une gamme de fonctionnalit\u00e9s puissantes telles que des filtres de recherche tr\u00e8s avanc\u00e9s, des cartes de propri\u00e9t\u00e9s m\u00e9ticuleusement con\u00e7ues et un assortiment de mod\u00e8les personnalisables, permet aux utilisateurs de fa\u00e7onner sans effort un site Web visuellement \u00e9tonnant et de qualit\u00e9 professionnelle qui garantit de laisser une impression durable. Le plugin \u00e9tend en outre ses fonctionnalit\u00e9s en facilitant les agents en t\u00e9l\u00e9chargeant un nombre illimit\u00e9 de listes et en ajoutant rapidement des d\u00e9tails de propri\u00e9t\u00e9 vitaux, des images captivantes et des vid\u00e9os engageantes. De plus, il fait m\u00eame un effort suppl\u00e9mentaire en incorporant de mani\u00e8re transparente l&rsquo;int\u00e9gration des m\u00e9dias sociaux et une suite inestimable d&rsquo;outils de g\u00e9n\u00e9ration de leads, tous con\u00e7us pour renforcer le trafic du site Web et ouvrir la voie \u00e0 la g\u00e9n\u00e9ration de prospects lucratifs. Et si cela ne suffisait pas, le plugin Real Estate Pro WordPress s&rsquo;int\u00e8gre \u00e9galement de mani\u00e8re transparente aux services de liste multiples populaires (MLS), simplifiant le processus de gestion d&rsquo;un r\u00e9pertoire complet de listes de propri\u00e9t\u00e9s. Tout bien consid\u00e9r\u00e9, cet outil indispensable sert de n\u00e9cessit\u00e9 absolue pour les professionnels de l&rsquo;industrie qui cherchent \u00e0 \u00e9tablir une pr\u00e9sence en ligne faisant autorit\u00e9 et \u00e0 optimiser leurs op\u00e9rations commerciales pour garder une longueur d&rsquo;avance sur la concurrence.<\/p>\n<ul>\n<li>Listes immobili\u00e8res personnalisables Afficher pour pr\u00e9senter les propri\u00e9t\u00e9s sur votre site Web<\/li>\n<li>Formulaires de g\u00e9n\u00e9ration de leads int\u00e9gr\u00e9s pour capturer les coordonn\u00e9es des clients potentiels<\/li>\n<li>Notifications par e-mail automatis\u00e9es pour vous alerter de nouveaux prospects et demandes<\/li>\n<li>Int\u00e9gration avec des bases de donn\u00e9es MLS populaires pour une gestion de la synchronisation et de la liste des propri\u00e9t\u00e9s faciles<\/li>\n<li>Fonctionnalit\u00e9s de recherche avanc\u00e9es pour que les utilisateurs trouvent facilement leur propri\u00e9t\u00e9 id\u00e9ale<\/li>\n<li>Pages de propri\u00e9t\u00e9s d\u00e9taill\u00e9es avec des images \u00e0 haute r\u00e9solution, des descriptions de propri\u00e9t\u00e9s et des informations de localisation<\/li>\n<li>Capacit\u00e9 \u00e0 pr\u00e9senter des propri\u00e9t\u00e9s sp\u00e9cifiques ou \u00e0 cr\u00e9er des collections de propri\u00e9t\u00e9s personnalis\u00e9es pour les campagnes de marketing<\/li>\n<li>Support pour plusieurs langues et conversions de devises pour un public international<\/li>\n<li>Conception r\u00e9active pour assurer une visualisation optimale sur tous les appareils et tailles d&rsquo;\u00e9cran<\/li>\n<li>Support client haut de gamme et mises \u00e0 jour fr\u00e9quentes pour assurer la compatibilit\u00e9 et les performances optimales.<\/li>\n<\/ul>\n","protected":false},"excerpt":{"rendered":"<p>Le plugin Real Estate Pro WordPress sert de solution globale pour les gestionnaires immobiliers, les agents immobiliers et les courtiers qui souhaitent \u00e9tablir une plate-forme immobili\u00e8re en ligne sophistiqu\u00e9e et percutante. Offrant une myriade de fonctionnalit\u00e9s et de fonctionnalit\u00e9s personnalisables, ce plugin permet aux utilisateurs d&rsquo;afficher sans effort des propri\u00e9t\u00e9s, de construire des listes de propri\u00e9t\u00e9s exhaustives et de rationaliser l&rsquo;int\u00e9gralit\u00e9 du processus d&rsquo;achat et de vente en ligne. B\u00e9n\u00e9ficiant de filtres de recherche avanc\u00e9s, de champs immobiliers adaptables et d&rsquo;int\u00e9gration transparente avec IDX et MLS, Real Estate Pro offre aux individus tous les outils n\u00e9cessaires pour \u00e9laborer une identit\u00e9 en ligne raffin\u00e9e et \u00e9tendre leur entreprise immobili\u00e8re.<\/p>\n","protected":false},"featured_media":145086,"comment_status":"open","ping_status":"open","template":"","meta":[],"product_brand":[2435],"product_cat":[1189,1181,1186],"product_tag":[1231],"class_list":{"0":"post-111800","1":"product","2":"type-product","3":"status-publish","4":"has-post-thumbnail","6":"product_brand-codecanyon","7":"product_cat-personnalisation","8":"product_cat-plugins","9":"product_cat-wordpress-plugins","10":"product_tag-codecanyon","11":"member-discount","12":"discount-restricted","14":"first","15":"instock","16":"sale","17":"downloadable","18":"virtual","19":"sold-individually","20":"purchasable","21":"product-type-simple"},"_links":{"self":[{"href":"https:\/\/gpl-love.com\/fr\/wp-json\/wp\/v2\/product\/111800","targetHints":{"allow":["GET"]}}],"collection":[{"href":"https:\/\/gpl-love.com\/fr\/wp-json\/wp\/v2\/product"}],"about":[{"href":"https:\/\/gpl-love.com\/fr\/wp-json\/wp\/v2\/types\/product"}],"replies":[{"embeddable":true,"href":"https:\/\/gpl-love.com\/fr\/wp-json\/wp\/v2\/comments?post=111800"}],"wp:featuredmedia":[{"embeddable":true,"href":"https:\/\/gpl-love.com\/fr\/wp-json\/wp\/v2\/media\/145086"}],"wp:attachment":[{"href":"https:\/\/gpl-love.com\/fr\/wp-json\/wp\/v2\/media?parent=111800"}],"wp:term":[{"taxonomy":"product_brand","embeddable":true,"href":"https:\/\/gpl-love.com\/fr\/wp-json\/wp\/v2\/product_brand?post=111800"},{"taxonomy":"product_cat","embeddable":true,"href":"https:\/\/gpl-love.com\/fr\/wp-json\/wp\/v2\/product_cat?post=111800"},{"taxonomy":"product_tag","embeddable":true,"href":"https:\/\/gpl-love.com\/fr\/wp-json\/wp\/v2\/product_tag?post=111800"}],"curies":[{"name":"wp","href":"https:\/\/api.w.org\/{rel}","templated":true}]}}