{"id":111798,"date":"2025-03-20T00:00:00","date_gmt":"2025-03-19T23:00:00","guid":{"rendered":"http:\/\/gpl-love.com\/fr\/produit\/point-of-sale-system-for-woocommerce-plugin\/"},"modified":"2026-04-10T18:36:42","modified_gmt":"2026-04-10T16:36:42","slug":"point-of-sale-system-for-woocommerce-plugin","status":"publish","type":"product","link":"https:\/\/gpl-love.com\/fr\/produit\/point-of-sale-system-for-woocommerce-plugin\/","title":{"rendered":"Point of Sale System pour WooCommerce Plugin 6.2.0"},"content":{"rendered":"<h3>Point of Sale System pour WooCommerce Plugin Traits<\/h3>\n<p>Le syst\u00e8me de point de vente pour le plugin WooCommerce est une solution compl\u00e8te qui a \u00e9t\u00e9 m\u00e9ticuleusement con\u00e7ue pour rationaliser et simplifier sans effort l&rsquo;ensemble du processus de gestion de votre boutique en ligne estim\u00e9e. Ce plugin remarquable vous permet d&rsquo;int\u00e9grer de mani\u00e8re transparente votre magasin WooCommerce avec un syst\u00e8me de point de vente de pointe, vous permettant ainsi de vendre sans effort votre large \u00e9ventail de produits exceptionnels en personne dans votre magasin physique estim\u00e9 ou m\u00eame lors d&rsquo;un \u00e9v\u00e9nement remarquable. Avec les capacit\u00e9s in\u00e9gal\u00e9es de ce plugin, vous pouvez g\u00e9rer sans effort et efficacement votre inventaire \u00e9tendu, traiter parfaitement diverses transactions et g\u00e9n\u00e9rer sans effort des rapports complets, tous dans les limites r\u00e9confortantes d&rsquo;un emplacement centralis\u00e9. De plus, ce plugin impressionnant poss\u00e8de une interface incroyablement conviviale qui assure une exp\u00e9rience transparente dans la gestion d&rsquo;un \u00e9ventail \u00e9tendu d&rsquo;\u00e9l\u00e9ments cruciaux tels que les ventes, les remboursements, les taxes et les donn\u00e9es clients inestimables. Ainsi, il importe que vous soyez un fier propri\u00e9taire d&rsquo;une entreprise \u00e0 petite \u00e9chelle ou m\u00eame d&rsquo;une entreprise florissante, car ce plugin indispensable sert sans \u00e9quivoque comme un outil inestimable qui est garanti pour rationaliser consid\u00e9rablement vos op\u00e9rations estim\u00e9es et \u00e9lever vos ventes \u00e0 des hauteurs impr\u00e9dentes.<\/p>\n<ul>\n<li>S&rsquo;int\u00e8gre au plugin WooCommerce pour les fonctionnalit\u00e9s de point de vente sans couture<\/li>\n<li>Prend en charge plusieurs options de paiement, notamment en esp\u00e8ces, en cartes de cr\u00e9dit \/ d\u00e9bit et en paiements mobiles<\/li>\n<li>Facile \u00e0 configurer et \u00e0 utiliser avec une interface intuitive<\/li>\n<li>G\u00e9n\u00e8re des rapports de vente d\u00e9taill\u00e9s et des analyses pour les informations commerciales<\/li>\n<li>Personnalisable pour r\u00e9pondre aux besoins de l&rsquo;entreprise sp\u00e9cifiques avec des options pour les variations de produits et les r\u00e8gles de tarification<\/li>\n<li>Compatible avec divers mat\u00e9riel tel que les scanners de code-barres et les imprimantes de r\u00e9ception<\/li>\n<li>Fournit des capacit\u00e9s de gestion des stocks pour suivre les niveaux de stock<\/li>\n<li>Offre des fonctionnalit\u00e9s de gestion de la relation client pour la cr\u00e9ation et la gestion des profils clients<\/li>\n<li>Permet une gestion multi-emplacements pour les entreprises avec plusieurs magasins ou succursales<\/li>\n<li>Am\u00e9liore l&rsquo;exp\u00e9rience client avec des transactions rapides et efficaces.<\/li>\n<\/ul>\n","protected":false},"excerpt":{"rendered":"<p>Le syst\u00e8me de point de vente pour le plugin WooCommerce, qui est sp\u00e9cialement con\u00e7u pour faciliter la gestion des ventes et des stocks sur une boutique en ligne aliment\u00e9e par WooCommerce, propose une interface conviviale qui garantit une exp\u00e9rience transparente et intuitive. Notamment, ce plugin poss\u00e8de des capacit\u00e9s importantes qui am\u00e9liorent l&rsquo;efficacit\u00e9 du processus de paiement en permettant le traitement sans effort des ventes tout en permettant simultan\u00e9ment la gestion en temps r\u00e9el des niveaux d&rsquo;inventaire. De plus, ce formidable plugin offre l&rsquo;avantage suppl\u00e9mentaire des param\u00e8tres personnalisables, offrant ainsi aux d\u00e9taillants en ligne la possibilit\u00e9 d&rsquo;adapter le syst\u00e8me \u00e0 leurs besoins sp\u00e9cifiques. En outre, son int\u00e9gration avec des passerelles de paiement largement reconnues et fiables am\u00e9liore encore sa fonctionnalit\u00e9, ce qui en fait un excellent choix pour tout d\u00e9taillant en ligne exigeant cherchant \u00e0 optimiser leur processus de vente et, finalement, am\u00e9liore leurs performances financi\u00e8res.<\/p>\n","protected":false},"featured_media":144995,"comment_status":"open","ping_status":"open","template":"","meta":[],"product_brand":[2435],"product_cat":[1182,1223,1181],"product_tag":[1231],"class_list":{"0":"post-111798","1":"product","2":"type-product","3":"status-publish","4":"has-post-thumbnail","6":"product_brand-codecanyon","7":"product_cat-commerce-electronique-plugins","8":"product_cat-personnalisation-commerce-electronique-plugins","9":"product_cat-plugins","10":"product_tag-codecanyon","11":"member-discount","12":"discount-restricted","14":"first","15":"instock","16":"sale","17":"downloadable","18":"virtual","19":"sold-individually","20":"purchasable","21":"product-type-simple"},"_links":{"self":[{"href":"https:\/\/gpl-love.com\/fr\/wp-json\/wp\/v2\/product\/111798","targetHints":{"allow":["GET"]}}],"collection":[{"href":"https:\/\/gpl-love.com\/fr\/wp-json\/wp\/v2\/product"}],"about":[{"href":"https:\/\/gpl-love.com\/fr\/wp-json\/wp\/v2\/types\/product"}],"replies":[{"embeddable":true,"href":"https:\/\/gpl-love.com\/fr\/wp-json\/wp\/v2\/comments?post=111798"}],"wp:featuredmedia":[{"embeddable":true,"href":"https:\/\/gpl-love.com\/fr\/wp-json\/wp\/v2\/media\/144995"}],"wp:attachment":[{"href":"https:\/\/gpl-love.com\/fr\/wp-json\/wp\/v2\/media?parent=111798"}],"wp:term":[{"taxonomy":"product_brand","embeddable":true,"href":"https:\/\/gpl-love.com\/fr\/wp-json\/wp\/v2\/product_brand?post=111798"},{"taxonomy":"product_cat","embeddable":true,"href":"https:\/\/gpl-love.com\/fr\/wp-json\/wp\/v2\/product_cat?post=111798"},{"taxonomy":"product_tag","embeddable":true,"href":"https:\/\/gpl-love.com\/fr\/wp-json\/wp\/v2\/product_tag?post=111798"}],"curies":[{"name":"wp","href":"https:\/\/api.w.org\/{rel}","templated":true}]}}