{"id":111796,"date":"2026-03-18T00:00:00","date_gmt":"2026-03-17T23:00:00","guid":{"rendered":"http:\/\/gpl-love.com\/fr\/produit\/listingpro-wordpress-directory-theme\/"},"modified":"2026-03-20T23:22:37","modified_gmt":"2026-03-20T22:22:37","slug":"listingpro-wordpress-directory-theme","status":"publish","type":"product","link":"https:\/\/gpl-love.com\/fr\/produit\/listingpro-wordpress-directory-theme\/","title":{"rendered":"ListingPro WordPress Directory Theme 2.9.11"},"content":{"rendered":"<h3>ListingPro WordPress Directory Theme Traits<\/h3>\n<p>Le th\u00e8me de l&rsquo;annuaire WordPress ListingPro est un th\u00e8me d&rsquo;annuaire robuste et global qui a \u00e9t\u00e9 m\u00e9ticuleusement con\u00e7u pour aider les entreprises \u00e0 \u00e9tablir rapidement et sans effort sans effort des r\u00e9pertoires professionnels et conviviaux. Ce th\u00e8me exceptionnel dispose d&rsquo;une myriade de fonctionnalit\u00e9s et d&rsquo;outils remarquables qui permettent aux utilisateurs d&rsquo;adapter leurs r\u00e9pertoires en fonction de leurs pr\u00e9f\u00e9rences individuelles, englobant l&rsquo;int\u00e9gration de champs personnalis\u00e9s, des fonctionnalit\u00e9s de recherche avanc\u00e9es et des capacit\u00e9s de filtrage extr\u00eamement puissantes. De plus, ce th\u00e8me a \u00e9t\u00e9 optimis\u00e9 de mani\u00e8re transparente pour l&rsquo;optimisation des moteurs de recherche (SEO), facilitant ainsi les entreprises en g\u00e9n\u00e9rant un trafic substantiel vers leurs r\u00e9pertoires et en augmentant leur importance num\u00e9rique. B\u00e9n\u00e9ficiant d&rsquo;une interface \u00e9l\u00e9gante et contemporaine aux c\u00f4t\u00e9s d&rsquo;un vaste \u00e9ventail d&rsquo;options de personnalisation, le th\u00e8me du r\u00e9pertoire WordPress de ListingPro appara\u00eet ind\u00e9niablement comme le choix ultime et in\u00e9gal\u00e9 pour les entreprises qui aspirent \u00e0 organiser des r\u00e9pertoires de haut niveau capables de s\u00e9duire et de conserver une fid\u00e8le base des clients.<\/p>\n<ul>\n<li>Th\u00e8me de site Web d&rsquo;annuaire professionnel et attractif pour WordPress<\/li>\n<li>Les fonctionnalit\u00e9s incluent les listes, les cartes, les critiques, les notes et les fonctionnalit\u00e9s de recherche<\/li>\n<li>Facile \u00e0 personnaliser et enti\u00e8rement r\u00e9actif pour les appareils mobiles<\/li>\n<li>Options de mon\u00e9tisation int\u00e9gr\u00e9es telles que les listes payantes, les banni\u00e8res publicitaires et les forfaits d&rsquo;adh\u00e9sion<\/li>\n<li>S&rsquo;int\u00e8gre \u00e0 des plugins tiers populaires tels que WooCommerce, Contact Form 7 et Yoast SEO<\/li>\n<li>Optimis\u00e9 pour le r\u00e9f\u00e9rencement et l&rsquo;int\u00e9gration avec Google Maps<\/li>\n<li>Comprend un constructeur de pages glisser-d\u00e9poser pour une personnalisation facile du site<\/li>\n<li>Prend en charge plusieurs langues et comprend un contenu de d\u00e9monstration pour une configuration facile<\/li>\n<li>Livr\u00e9 avec des mises \u00e0 jour r\u00e9guli\u00e8res et un support client d\u00e9di\u00e9<\/li>\n<li>Recommand\u00e9 pour les entreprises, les organisations ou les personnes qui cherchent \u00e0 cr\u00e9er un site Web d&rsquo;annuaire professionnel.<\/li>\n<\/ul>\n","protected":false},"excerpt":{"rendered":"<p>Le th\u00e8me du r\u00e9pertoire WordPress ListingPro est un outil incroyablement puissant qui permet aux utilisateurs de construire sans effort des sites Web de r\u00e9pertoires complets. Gr\u00e2ce \u00e0 ce th\u00e8me, les individus ont la capacit\u00e9 de g\u00e9n\u00e9rer un r\u00e9pertoire tr\u00e8s robuste englobant un large \u00e9ventail d&rsquo;entreprises, de services et m\u00eame d&rsquo;\u00e9v\u00e9nements. Le th\u00e8me lui-m\u00eame offre une vaste gamme de fonctionnalit\u00e9s avanc\u00e9es, y compris, mais sans s&rsquo;y limiter, un processus de soumission de contenu transparent, l&rsquo;int\u00e9gration avec divers plugins, des options de filtrage polyvalent et des opportunit\u00e9s lucratives de mon\u00e9tisation. Remarquablement, le th\u00e8me ListingPro poss\u00e8de \u00e0 la fois du r\u00e9f\u00e9rencement et de la convivialit\u00e9, ce qui en fait une s\u00e9lection exceptionnelle pour les entreprises visant \u00e0 \u00e9tendre leur client\u00e8le ou leur individu aspirant \u00e0 \u00e9tablir un r\u00e9pertoire de niche florissant. En utilisant ce th\u00e8me, les utilisateurs peuvent modeler rapidement un site d&rsquo;annuaire esth\u00e9tiquement agr\u00e9able, convivial et exceptionnellement riche en fonctionnalit\u00e9s.<\/p>\n","protected":false},"featured_media":144386,"comment_status":"open","ping_status":"open","template":"","meta":[],"product_brand":[2433],"product_cat":[1242,1212,1213],"product_tag":[1366],"class_list":{"0":"post-111796","1":"product","2":"type-product","3":"status-publish","4":"has-post-thumbnail","6":"product_brand-themeforest","7":"product_cat-creatif","8":"product_cat-themes","9":"product_cat-wordpress-themes","10":"product_tag-themeforest","11":"member-discount","12":"discount-restricted","14":"first","15":"instock","16":"sale","17":"downloadable","18":"virtual","19":"sold-individually","20":"purchasable","21":"product-type-simple"},"_links":{"self":[{"href":"https:\/\/gpl-love.com\/fr\/wp-json\/wp\/v2\/product\/111796","targetHints":{"allow":["GET"]}}],"collection":[{"href":"https:\/\/gpl-love.com\/fr\/wp-json\/wp\/v2\/product"}],"about":[{"href":"https:\/\/gpl-love.com\/fr\/wp-json\/wp\/v2\/types\/product"}],"replies":[{"embeddable":true,"href":"https:\/\/gpl-love.com\/fr\/wp-json\/wp\/v2\/comments?post=111796"}],"wp:featuredmedia":[{"embeddable":true,"href":"https:\/\/gpl-love.com\/fr\/wp-json\/wp\/v2\/media\/144386"}],"wp:attachment":[{"href":"https:\/\/gpl-love.com\/fr\/wp-json\/wp\/v2\/media?parent=111796"}],"wp:term":[{"taxonomy":"product_brand","embeddable":true,"href":"https:\/\/gpl-love.com\/fr\/wp-json\/wp\/v2\/product_brand?post=111796"},{"taxonomy":"product_cat","embeddable":true,"href":"https:\/\/gpl-love.com\/fr\/wp-json\/wp\/v2\/product_cat?post=111796"},{"taxonomy":"product_tag","embeddable":true,"href":"https:\/\/gpl-love.com\/fr\/wp-json\/wp\/v2\/product_tag?post=111796"}],"curies":[{"name":"wp","href":"https:\/\/api.w.org\/{rel}","templated":true}]}}