{"id":111792,"date":"2023-08-09T00:00:00","date_gmt":"2023-08-08T22:00:00","guid":{"rendered":"http:\/\/gpl-love.com\/fr\/produit\/ciyashop-woocommerce-wordpress-theme\/"},"modified":"2026-03-20T22:58:30","modified_gmt":"2026-03-20T21:58:30","slug":"ciyashop-woocommerce-wordpress-theme","status":"publish","type":"product","link":"https:\/\/gpl-love.com\/fr\/produit\/ciyashop-woocommerce-wordpress-theme\/","title":{"rendered":"CiyaShop Responsive Multi-Purpose WooCommerce WordPress Theme 4.13.0"},"content":{"rendered":"<h3>CiyaShop Responsive Multi-Purpose WooCommerce WordPress Theme Traits<\/h3>\n<p>Le th\u00e8me WOOCOMMERCE WOOCOMMERCE r\u00e9actif Ciyashop offre une pl\u00e9thore de capacit\u00e9s et d&rsquo;adaptabilit\u00e9, ce qui en fait un choix id\u00e9al pour les entreprises en ligne de diff\u00e9rents types et \u00e9chelles. Ce th\u00e8me poss\u00e8de une suite de fonctionnalit\u00e9s puissantes et une interface intuitive qui permet aux utilisateurs de cr\u00e9er des sites Web \u00e0 couper le souffle visuellement et enti\u00e8rement fonctionnels du commerce \u00e9lectronique qui sont optimis\u00e9s pour les performances de haut niveau, la rapidit\u00e9 et l&rsquo;optimisation des moteurs de recherche. De plus, Ciyashop fournit une vaste gamme de mod\u00e8les et de dispositions pr\u00e9-con\u00e7us qui peuvent \u00eatre personnalis\u00e9s sans effort \u00e0 l&rsquo;aide du constructeur de glisser-d\u00e9poser pratique, \u00e9liminant le besoin d&rsquo;une expertise de codage. De plus, le th\u00e8me s&rsquo;int\u00e8gre parfaitement \u00e0 WooCommerce, garantissant une fusion sans faille des fonctionnalit\u00e9s de la boutique en ligne avec votre site Web. Tout bien consid\u00e9r\u00e9, Ciyashop se r\u00e9v\u00e8le \u00eatre une option exceptionnelle pour les entreprises visant \u00e0 \u00e9tablir une pr\u00e9sence en ligne robuste et \u00e0 am\u00e9liorer leurs chiffres de vente.<\/p>\n<ul>\n<li>Conception enti\u00e8rement r\u00e9active pour une visualisation optimale sur n&rsquo;importe quel appareil<\/li>\n<li>20 dispositions de d\u00e9monstration pr\u00e9-faites au choix<\/li>\n<li>Compatible avec WooCommerce pour une configuration et une gestion de boutiques en ligne faciles<\/li>\n<li>Int\u00e9gr\u00e9 \u00e0 des plugins populaires tels que Slider Revolution et Contact Form 7<\/li>\n<li>Panneau d&rsquo;options de th\u00e8me puissant pour une personnalisation facile de la mise en page, des polices, des couleurs et plus encore<\/li>\n<li>Options d&rsquo;en-t\u00eate et de pied de page multiples pour la marque personnalis\u00e9e<\/li>\n<li>SEO optimis\u00e9 pour am\u00e9liorer le classement des moteurs de recherche<\/li>\n<li>Traduction pr\u00eate \u00e0 \u00eatre utilis\u00e9e dans n&rsquo;importe quelle langue<\/li>\n<li>Importation de d\u00e9monstration en un clic pour une configuration facile<\/li>\n<li>Documentation compl\u00e8te et soutien de l&rsquo;\u00e9quipe de Ciyashop.<\/li>\n<\/ul>\n","protected":false},"excerpt":{"rendered":"<p>D\u00e9couvrez les capacit\u00e9s robustes de Ciyashop, un th\u00e8me WooCommerce WOOCommerce r\u00e9actif. Ce th\u00e8me est con\u00e7u en pensant \u00e0 l&rsquo;utilisateur et propose une gamme de fonctionnalit\u00e9s polyvalentes, garantissant une exp\u00e9rience num\u00e9rique transparente. Avec Ciyashop, vous pouvez construire sans effort votre boutique de commerce \u00e9lectronique et faire monter en fl\u00e8che votre pr\u00e9sence en ligne. Que vous soyez novice ou expert, l&rsquo;interface intuitive de Ciyashop facilite la navigation et la personnalisation de votre site vers le contenu de votre c\u0153ur. Avec sa conception polyvalente, vous pouvez r\u00e9pondre \u00e0 n&rsquo;importe quel cr\u00e9neau d&rsquo;entreprise, en vous assurant que votre site Web se d\u00e9marque de la foule. Le th\u00e8me est enti\u00e8rement r\u00e9actif, ce qui signifie qu&rsquo;il s&rsquo;adapte \u00e0 n&rsquo;importe quelle taille d&rsquo;\u00e9cran pour une exp\u00e9rience de visualisation optimale. De plus, il est pr\u00eat WooCommerce, vous permettant de vendre des produits et de g\u00e9rer facilement votre boutique en ligne. Boostez votre entreprise avec Ciyashop, le th\u00e8me WordPress ultime.<\/p>\n","protected":false},"featured_media":143387,"comment_status":"open","ping_status":"open","template":"","meta":[],"product_brand":[2433],"product_cat":[1238,1372,1212],"product_tag":[1366],"class_list":{"0":"post-111792","1":"product","2":"type-product","3":"status-publish","4":"has-post-thumbnail","6":"product_brand-themeforest","7":"product_cat-commerce-electronique-themes","8":"product_cat-polyvalent-commerce-electronique-themes","9":"product_cat-themes","10":"product_tag-themeforest","11":"member-discount","12":"discount-restricted","14":"first","15":"instock","16":"sale","17":"downloadable","18":"virtual","19":"sold-individually","20":"purchasable","21":"product-type-simple"},"_links":{"self":[{"href":"https:\/\/gpl-love.com\/fr\/wp-json\/wp\/v2\/product\/111792","targetHints":{"allow":["GET"]}}],"collection":[{"href":"https:\/\/gpl-love.com\/fr\/wp-json\/wp\/v2\/product"}],"about":[{"href":"https:\/\/gpl-love.com\/fr\/wp-json\/wp\/v2\/types\/product"}],"replies":[{"embeddable":true,"href":"https:\/\/gpl-love.com\/fr\/wp-json\/wp\/v2\/comments?post=111792"}],"wp:featuredmedia":[{"embeddable":true,"href":"https:\/\/gpl-love.com\/fr\/wp-json\/wp\/v2\/media\/143387"}],"wp:attachment":[{"href":"https:\/\/gpl-love.com\/fr\/wp-json\/wp\/v2\/media?parent=111792"}],"wp:term":[{"taxonomy":"product_brand","embeddable":true,"href":"https:\/\/gpl-love.com\/fr\/wp-json\/wp\/v2\/product_brand?post=111792"},{"taxonomy":"product_cat","embeddable":true,"href":"https:\/\/gpl-love.com\/fr\/wp-json\/wp\/v2\/product_cat?post=111792"},{"taxonomy":"product_tag","embeddable":true,"href":"https:\/\/gpl-love.com\/fr\/wp-json\/wp\/v2\/product_tag?post=111792"}],"curies":[{"name":"wp","href":"https:\/\/api.w.org\/{rel}","templated":true}]}}