{"id":111790,"date":"2024-01-15T00:00:00","date_gmt":"2024-01-14T23:00:00","guid":{"rendered":"http:\/\/gpl-love.com\/fr\/produit\/essentials-multipurpose-wordpress-theme\/"},"modified":"2026-03-20T23:04:34","modified_gmt":"2026-03-20T22:04:34","slug":"essentials-multipurpose-wordpress-theme","status":"publish","type":"product","link":"https:\/\/gpl-love.com\/fr\/produit\/essentials-multipurpose-wordpress-theme\/","title":{"rendered":"Essentials Multipurpose WordPress Theme 3.1.9"},"content":{"rendered":"<h3>Essentials Multipurpose WordPress Theme Traits<\/h3>\n<p>Le th\u00e8me WordPress polyvalent Essentials, avec sa myriade d&rsquo;options personnalisables et de dispositions pr\u00e9d\u00e9finies, se pr\u00e9sente comme un choix remarquablement polyvalent et convivial pour les personnes qui cherchent \u00e0 \u00e9tablir une pr\u00e9sence en ligne professionnelle. Quelle que soit la nature de son site Web ou de son site Web personnel, ce th\u00e8me peut s&rsquo;adapter sans effort pour r\u00e9pondre aux exigences et exigences uniques de tout projet. Sa conception r\u00e9active garantit une accessibilit\u00e9 optimale sur une gamme diversifi\u00e9e d&rsquo;appareils, tandis que ses fonctionnalit\u00e9s d&rsquo;optimisation des moteurs de recherche fonctionnent avec diligence pour renforcer sa visibilit\u00e9 en ligne. En outre, le th\u00e8me int\u00e8gre de mani\u00e8re transparente divers plugins, y compris, mais sans s&rsquo;y limiter, WooCommerce et Contact Form 7, am\u00e9liorant ainsi la fonctionnalit\u00e9 globale et facilitant la gestion des sites Web rationalis\u00e9es. Par cons\u00e9quent, il est \u00e9vident que le th\u00e8me WordPress multiplicateur Essentials appara\u00eet comme une solution fiable et globale pour les individus qui se lancent dans une entreprise de site Web.<\/p>\n<ul>\n<li>Th\u00e8me WordPress polyvalent polyvalent adapt\u00e9 \u00e0 diff\u00e9rents types de sites Web<\/li>\n<li>Facile \u00e0 personnaliser et \u00e0 utiliser, m\u00eame pour les d\u00e9butants avec peu ou pas de connaissances de codage<\/li>\n<li>Conception enti\u00e8rement r\u00e9active pour assurer une exp\u00e9rience de visualisation optimale sur diff\u00e9rents appareils<\/li>\n<li>Int\u00e9gration avec des plugins populaires comme WooCommerce, Yoast SEO et Contact Form 7<\/li>\n<li>Plusieurs d\u00e9mos pr\u00e9-con\u00e7ues disponibles pour lancer votre conception de site Web<\/li>\n<li>Options pour les en-t\u00eates personnalisables, les pieds de page, les mises en page et la typographie<\/li>\n<li>Builder de page de glisser-d\u00e9poser int\u00e9gr\u00e9 pour cr\u00e9er des pages Web uniques sans codage<\/li>\n<li>SEO optimis\u00e9 avec du code propre, une vitesse de chargement rapide et une int\u00e9gration de sch\u00e9ma<\/li>\n<li>Mises \u00e0 jour continues et support d\u00e9di\u00e9 pour s&rsquo;assurer que le th\u00e8me est \u00e0 jour et en marche en douceur<\/li>\n<li>Compatible avec les constructeurs de page WordPress populaires tels que Elementor, Divi et Beaver Builder.<\/li>\n<\/ul>\n","protected":false},"excerpt":{"rendered":"<p>Le th\u00e8me WordPress polyvalent Essentials Essentials, avec sa myriade de fonctionnalit\u00e9s et de pl\u00e9thore de fonctionnalit\u00e9s, appara\u00eet comme la s\u00e9lection ultime et optimale pour toute entreprise de site Web. En raison de sa conception contemporaine et polyvalente, associ\u00e9e \u00e0 ses options de personnalisation sans effort et conviviales, construire un site Web exclusif et professionnel devient une question de quelques minutes. Des attributs notables tels qu&rsquo;une disposition enti\u00e8rement r\u00e9active, une typographie personnalisable et une pl\u00e9thore de variations de page d&rsquo;accueil contribuent \u00e0 conf\u00e9rer \u00e0 votre site Web une apparence vierge et polie qui est garantie de captiver et de laisser une impression ind\u00e9l\u00e9bile \u00e0 vos visiteurs ch\u00e9ris. En outre, l&rsquo;incorporation d&rsquo;un constructeur de pages int\u00e9gr\u00e9 facilite la cr\u00e9ation de dispositions distinctives et l&rsquo;ajout transparent d&rsquo;\u00e9l\u00e9ments personnalis\u00e9s avec une facilit\u00e9 et une simplicit\u00e9 in\u00e9gal\u00e9es. Peu importe que votre objectif implique la cr\u00e9ation d&rsquo;un site Web d&rsquo;entreprise, de portefeuille ou de commerce \u00e9lectronique, le th\u00e8me Essentials Essentials suppose incontestablement l&rsquo;\u00e9tat d&rsquo;un actif indispensable et non n\u00e9gociable pour tout utilisateur de WordPress exigeant.<\/p>\n","protected":false},"featured_media":143783,"comment_status":"open","ping_status":"open","template":"","meta":[],"product_brand":[2433],"product_cat":[1214,1212,1213],"product_tag":[1366],"class_list":{"0":"post-111790","1":"product","2":"type-product","3":"status-publish","4":"has-post-thumbnail","6":"product_brand-themeforest","7":"product_cat-polyvalent","8":"product_cat-themes","9":"product_cat-wordpress-themes","10":"product_tag-themeforest","11":"member-discount","12":"discount-restricted","14":"first","15":"instock","16":"sale","17":"downloadable","18":"virtual","19":"sold-individually","20":"purchasable","21":"product-type-simple"},"_links":{"self":[{"href":"https:\/\/gpl-love.com\/fr\/wp-json\/wp\/v2\/product\/111790","targetHints":{"allow":["GET"]}}],"collection":[{"href":"https:\/\/gpl-love.com\/fr\/wp-json\/wp\/v2\/product"}],"about":[{"href":"https:\/\/gpl-love.com\/fr\/wp-json\/wp\/v2\/types\/product"}],"replies":[{"embeddable":true,"href":"https:\/\/gpl-love.com\/fr\/wp-json\/wp\/v2\/comments?post=111790"}],"wp:featuredmedia":[{"embeddable":true,"href":"https:\/\/gpl-love.com\/fr\/wp-json\/wp\/v2\/media\/143783"}],"wp:attachment":[{"href":"https:\/\/gpl-love.com\/fr\/wp-json\/wp\/v2\/media?parent=111790"}],"wp:term":[{"taxonomy":"product_brand","embeddable":true,"href":"https:\/\/gpl-love.com\/fr\/wp-json\/wp\/v2\/product_brand?post=111790"},{"taxonomy":"product_cat","embeddable":true,"href":"https:\/\/gpl-love.com\/fr\/wp-json\/wp\/v2\/product_cat?post=111790"},{"taxonomy":"product_tag","embeddable":true,"href":"https:\/\/gpl-love.com\/fr\/wp-json\/wp\/v2\/product_tag?post=111790"}],"curies":[{"name":"wp","href":"https:\/\/api.w.org\/{rel}","templated":true}]}}