{"id":111788,"date":"2025-10-18T00:00:00","date_gmt":"2025-10-17T22:00:00","guid":{"rendered":"http:\/\/gpl-love.com\/fr\/produit\/divi-ghoster-white-label-divi-plugin\/"},"modified":"2026-03-20T23:00:57","modified_gmt":"2026-03-20T22:00:57","slug":"divi-ghoster-white-label-divi-plugin","status":"publish","type":"product","link":"https:\/\/gpl-love.com\/fr\/produit\/divi-ghoster-white-label-divi-plugin\/","title":{"rendered":"Divi Ghoster White Label Divi Plugin 5.0.58"},"content":{"rendered":"<h3>Divi Ghoster White Label Divi Plugin Traits<\/h3>\n<p>Le plugin Divi Label Divi est un outil incroyablement puissant qui offre aux utilisateurs la possibilit\u00e9 de personnaliser sans effort leur th\u00e8me et leur image de marque. En utilisant ce plugin, les utilisateurs peuvent modifier facilement et de mani\u00e8re transparente leur th\u00e8me Divi, le transformant en une repr\u00e9sentation unique de leur propre style personnel. Ce plugin fournit une vaste gamme d&rsquo;options de personnalisation, allant de la possibilit\u00e9 de modifier les couleurs et les polices \u00e0 l&rsquo;option d&rsquo;ins\u00e9rer des logos et des pieds de page personnalis\u00e9s, permettant aux utilisateurs de vraiment personnaliser leur site Web sur le contenu de leur c\u0153ur. En outre, le plugin Divi Label Divi de Divi Ghoster offre \u00e9galement aux utilisateurs la capacit\u00e9 de cr\u00e9er des pages de connexion personnalis\u00e9es, garantissant que chaque aspect de leur site Web est adapt\u00e9 \u00e0 leurs besoins et d\u00e9sirs individuels. En r\u00e9sum\u00e9, ce plugin est un choix exceptionnel pour les personnes qui cherchent \u00e0 \u00e9lever leur marque de site Web au niveau sup\u00e9rieur et \u00e0 obtenir une pr\u00e9sence en ligne vraiment distinctive.<\/p>\n<ul>\n<li>Vous permet de renommer compl\u00e8tement le th\u00e8me Divi et de cacher toutes les r\u00e9f\u00e9rences \u00e0 elle<\/li>\n<li>Remplacez le nom du th\u00e8me Divi par votre propre marque ou votre marque client<\/li>\n<li>Supprime le lien \u00ab\u00a0con\u00e7u par th\u00e8mes \u00e9l\u00e9gants\u00a0\u00bb du pied de page<\/li>\n<li>Permet des transfressions de clients plus transparentes et professionnelles<\/li>\n<li>Comprend des options suppl\u00e9mentaires pour personnaliser l&rsquo;interface Divi Builder et supprimer des \u00e9l\u00e9ments inutiles<\/li>\n<li>Offre la tranquillit\u00e9 d&rsquo;esprit aux d\u00e9veloppeurs qui ne veulent pas que leurs clients aient acc\u00e8s \u00e0 la marque Divi<\/li>\n<li>L&rsquo;un des plugins Divi les plus puissants et les plus flexibles pour retirer la marque Divi<\/li>\n<\/ul>\n","protected":false},"excerpt":{"rendered":"<p>Exploitez la puissance de la personnalisation avec le plugin Divi Label Divi de Divi Ghoster. Ce plugin haute performance vous permet de personnaliser enti\u00e8rement l&rsquo;environnement Divi, ce qui vous en est propre. Il propose une gamme de fonctionnalit\u00e9s telles que la cachette du divi ou du th\u00e8me suppl\u00e9mentaire \u00e0 partir du code source, des sites de d\u00e9tecteur de th\u00e8me et m\u00eame du tableau de bord WordPress. Le plugin Divi Ghoster ouvre la voie \u00e0 une exp\u00e9rience utilisateur transparente et \u00e0 un haut niveau de personnalisation qui est g\u00e9n\u00e9ralement inaccessible. Il est parfait pour les d\u00e9veloppeurs, les agences et les pigistes qui cherchent \u00e0 offrir une exp\u00e9rience plus personnalis\u00e9e, unique et ax\u00e9e sur la marque \u00e0 leurs clients. Boostez votre professionnalisme et faites une impression durable avec le plugin Divi de l&rsquo;\u00e9tiquette blanc Divi Ghoster.<\/p>\n","protected":false},"featured_media":143547,"comment_status":"open","ping_status":"open","template":"","meta":[],"product_brand":[2514],"product_cat":[1189,1181,1186],"product_tag":[1590],"class_list":{"0":"post-111788","1":"product","2":"type-product","3":"status-publish","4":"has-post-thumbnail","6":"product_brand-aspen","7":"product_cat-personnalisation","8":"product_cat-plugins","9":"product_cat-wordpress-plugins","10":"product_tag-aspen","11":"member-discount","12":"discount-restricted","14":"first","15":"instock","16":"sale","17":"downloadable","18":"virtual","19":"sold-individually","20":"purchasable","21":"product-type-simple"},"_links":{"self":[{"href":"https:\/\/gpl-love.com\/fr\/wp-json\/wp\/v2\/product\/111788","targetHints":{"allow":["GET"]}}],"collection":[{"href":"https:\/\/gpl-love.com\/fr\/wp-json\/wp\/v2\/product"}],"about":[{"href":"https:\/\/gpl-love.com\/fr\/wp-json\/wp\/v2\/types\/product"}],"replies":[{"embeddable":true,"href":"https:\/\/gpl-love.com\/fr\/wp-json\/wp\/v2\/comments?post=111788"}],"wp:featuredmedia":[{"embeddable":true,"href":"https:\/\/gpl-love.com\/fr\/wp-json\/wp\/v2\/media\/143547"}],"wp:attachment":[{"href":"https:\/\/gpl-love.com\/fr\/wp-json\/wp\/v2\/media?parent=111788"}],"wp:term":[{"taxonomy":"product_brand","embeddable":true,"href":"https:\/\/gpl-love.com\/fr\/wp-json\/wp\/v2\/product_brand?post=111788"},{"taxonomy":"product_cat","embeddable":true,"href":"https:\/\/gpl-love.com\/fr\/wp-json\/wp\/v2\/product_cat?post=111788"},{"taxonomy":"product_tag","embeddable":true,"href":"https:\/\/gpl-love.com\/fr\/wp-json\/wp\/v2\/product_tag?post=111788"}],"curies":[{"name":"wp","href":"https:\/\/api.w.org\/{rel}","templated":true}]}}