{"id":111785,"date":"2024-11-27T00:00:00","date_gmt":"2024-11-26T23:00:00","guid":{"rendered":"http:\/\/gpl-love.com\/fr\/produit\/4-9-0\/"},"modified":"2026-03-20T23:00:53","modified_gmt":"2026-03-20T22:00:53","slug":"4-9-0","status":"publish","type":"product","link":"https:\/\/gpl-love.com\/fr\/produit\/4-9-0\/","title":{"rendered":"Divi Builder 4.27.4"},"content":{"rendered":"<h3>Divi Builder Traits<\/h3>\n<p>Le plugin Divi Builder, qui est un outil tr\u00e8s puissant, est sp\u00e9cialement con\u00e7u pour fournir aux utilisateurs la possibilit\u00e9 de cr\u00e9er sans effort des pages Web qui sont non seulement visuellement \u00e9tonnantes mais \u00e9galement tr\u00e8s fonctionnelles. En utilisant son interface de glisser-d\u00e9poser, les utilisateurs peuvent incorporer sans effort divers \u00e9l\u00e9ments dans leurs conceptions et les adapter pour r\u00e9pondre \u00e0 leurs besoins individualis\u00e9s. De plus, ce plugin poss\u00e8de un vaste tableau de modules, allant du texte aux images, des vid\u00e9os, des boutons et bien plus encore, facilitant ainsi la cr\u00e9ation de contenu captivant sans aucune difficult\u00e9. En outre, le plugin Divi Builder est largement consid\u00e9r\u00e9 pour sa personnalisation exceptionnelle, offrant aux utilisateurs la possibilit\u00e9 de r\u00e9gler les polices, les couleurs, les dispositions et d&rsquo;innombrables autres fonctionnalit\u00e9s. En exploitant le pouvoir de cet outil, les individus sont en mesure de d\u00e9velopper rapidement et sans effort sans effort qui d\u00e9gagent un sentiment de professionnalisme, le tout sans n\u00e9cessiter aucune connaissance du codage. Essentiellement, le plugin Divi Builder sert d&rsquo;investissement exceptionnel aux personnes cherchant \u00e0 augmenter l&rsquo;efficacit\u00e9 et l&rsquo;exp\u00e9rience utilisateur globale de leurs sites Web.<\/p>\n<ul>\n<li>Faire glisser et d\u00e9poser un g\u00e9n\u00e9rateur de page pour WordPress<\/li>\n<li>Cr\u00e9e des conceptions personnalis\u00e9es et r\u00e9actives sans codage<\/li>\n<li>S&rsquo;int\u00e8gre \u00e0 plus de 40 modules de contenu, y compris le curseur, la galerie et la vid\u00e9o<\/li>\n<li>Gave le temps en reproduisant les dispositions et les modules sur les pages<\/li>\n<li>Offre des aper\u00e7us de conception en temps r\u00e9el et une modification en ligne<\/li>\n<li>Fournit des options avanc\u00e9es pour la typographie, les animations et la personnalisation<\/li>\n<li>Livr\u00e9 avec plus de 800 conceptions et dispositions pr\u00e9-faites<\/li>\n<li>Offre une compatibilit\u00e9 avec des th\u00e8mes et des plugins tiers WordPress<\/li>\n<li>Fournit un support client et des mises \u00e0 jour pour la vie<\/li>\n<li>Augmente la vitesse et les performances du site avec l&rsquo;optimisation du code<\/li>\n<li>Permet la collaboration d&rsquo;\u00e9quipe avec les capacit\u00e9s d&rsquo;\u00e9dition multi-utilisateurs.<\/li>\n<\/ul>\n","protected":false},"excerpt":{"rendered":"<p>D\u00e9couvrez la puissance de la construction de votre site Web avec une facilit\u00e9 totale en utilisant Divi Builder! Cet outil sup\u00e9rieur vous offre une flexibilit\u00e9 incroyable vous permettant de cr\u00e9er et de concevoir votre site avec pr\u00e9cision et cr\u00e9ativit\u00e9.<\/p>\n<p>Les principales fonctionnalit\u00e9s de Divi Builder incluent un \u00e9diteur visuel qui vous permet de voir des modifications dans les modules en temps r\u00e9el et personnalisables pour divers types de contenu et des param\u00e8tres de conception avanc\u00e9s pour modifier chaque \u00e9l\u00e9ment au contenu de votre c\u0153ur. Il est parfait pour ceux qui appr\u00e9cient une interface conviviale sans compromettre les options avanc\u00e9es.<\/p>\n<p>Avec Divi Builder, vous pouvez dire au revoir aux limites des dispositions traditionnelles. Sa fonction de glisser-d\u00e9poser signifie que vous pouvez r\u00e9gler et r\u00e9organiser votre disposition comme vous le souhaitez. De plus, avec plus de 40 \u00e9l\u00e9ments de contenu comme les curseurs, les galeries et les formulaires, vous aurez tout ce dont vous avez besoin pour cr\u00e9er un site Web \u00e9tonnant et fonctionnel.<\/p>\n<p>Divi Builder propose \u00e9galement un contr\u00f4le de mise en page complet, avec la possibilit\u00e9 d&rsquo;importer et d&rsquo;exporter des dispositions, d&rsquo;enregistrer les dispositions pour plus tard, et m\u00eame d&rsquo;acc\u00e9der \u00e0 une biblioth\u00e8que de dispositions pr\u00e9-faites. Cette fonctionnalit\u00e9 vous fait gagner du temps et des efforts,<\/p>\n","protected":false},"featured_media":143543,"comment_status":"open","ping_status":"open","template":"","meta":[],"product_brand":[2511],"product_cat":[1189,1181,1186],"product_tag":[1261],"class_list":{"0":"post-111785","1":"product","2":"type-product","3":"status-publish","4":"has-post-thumbnail","6":"product_brand-elegant-themes","7":"product_cat-personnalisation","8":"product_cat-plugins","9":"product_cat-wordpress-plugins","10":"product_tag-elegant-themes","11":"member-discount","12":"discount-restricted","14":"first","15":"instock","16":"sale","17":"downloadable","18":"virtual","19":"sold-individually","20":"purchasable","21":"product-type-simple"},"_links":{"self":[{"href":"https:\/\/gpl-love.com\/fr\/wp-json\/wp\/v2\/product\/111785","targetHints":{"allow":["GET"]}}],"collection":[{"href":"https:\/\/gpl-love.com\/fr\/wp-json\/wp\/v2\/product"}],"about":[{"href":"https:\/\/gpl-love.com\/fr\/wp-json\/wp\/v2\/types\/product"}],"replies":[{"embeddable":true,"href":"https:\/\/gpl-love.com\/fr\/wp-json\/wp\/v2\/comments?post=111785"}],"wp:featuredmedia":[{"embeddable":true,"href":"https:\/\/gpl-love.com\/fr\/wp-json\/wp\/v2\/media\/143543"}],"wp:attachment":[{"href":"https:\/\/gpl-love.com\/fr\/wp-json\/wp\/v2\/media?parent=111785"}],"wp:term":[{"taxonomy":"product_brand","embeddable":true,"href":"https:\/\/gpl-love.com\/fr\/wp-json\/wp\/v2\/product_brand?post=111785"},{"taxonomy":"product_cat","embeddable":true,"href":"https:\/\/gpl-love.com\/fr\/wp-json\/wp\/v2\/product_cat?post=111785"},{"taxonomy":"product_tag","embeddable":true,"href":"https:\/\/gpl-love.com\/fr\/wp-json\/wp\/v2\/product_tag?post=111785"}],"curies":[{"name":"wp","href":"https:\/\/api.w.org\/{rel}","templated":true}]}}