{"id":111783,"date":"2025-08-30T00:00:00","date_gmt":"2025-08-29T22:00:00","guid":{"rendered":"http:\/\/gpl-love.com\/fr\/produit\/coins-marketcap-wordpress-cryptocurrency-plugin\/"},"modified":"2026-04-01T00:30:18","modified_gmt":"2026-03-31T22:30:18","slug":"coins-marketcap-wordpress-cryptocurrency-plugin","status":"publish","type":"product","link":"https:\/\/gpl-love.com\/fr\/produit\/coins-marketcap-wordpress-cryptocurrency-plugin\/","title":{"rendered":"Coins MarketCap WordPress Cryptocurrency Plugin 5.8.0"},"content":{"rendered":"<h3>Coins MarketCap WordPress Cryptocurrency Plugin Traits<\/h3>\n<p>Le plugin de crypto-monnaie WordPress Coins MarketCap s&rsquo;av\u00e8re \u00eatre une ressource formidable qui permet aux utilisateurs de montrer des donn\u00e9es de march\u00e9 de crypto-monnaie actuelles et dynamiques sur leurs sites Web WordPress. Ce plugin remarquable permet aux utilisateurs de pr\u00e9senter sans effort un \u00e9ventail d&rsquo;informations cruciales, y compris les prix des crypto-monnaies, la capitalisation boursi\u00e8re, le volume de n\u00e9gociation et d&rsquo;autres points de donn\u00e9es pertinents. En outre, le plugin poss\u00e8de un niveau de personnalisation exceptionnel, offrant aux utilisateurs la libert\u00e9 de s\u00e9lectionner les crypto-monnaies souhait\u00e9es, ainsi que de d\u00e9cider comment ces donn\u00e9es inestimables sont pr\u00e9sent\u00e9es. De plus, il englobe une multitude de caract\u00e9ristiques remarquables, englobant les graphiques de prix historiques, les flux d&rsquo;actualit\u00e9s et m\u00eame les alertes de prix. Essentiellement, l&rsquo;acquisition du plugin de crypto-monnaie WordPress de Coins MarketCap est un atout indispensable pour tous ceux qui cherchent \u00e0 fournir aux visiteurs de leur site Web les informations les plus \u00e0 jour et les plus compl\u00e8tes concernant le domaine dynamique du march\u00e9 des crypto-monnaies.<\/p>\n<ul>\n<li>Permet une int\u00e9gration facile des donn\u00e9es du march\u00e9 des crypto-monnaies dans les sites Web WordPress<\/li>\n<li>Fournit des donn\u00e9es en temps r\u00e9el pour plus de 5 000 crypto-monnaies<\/li>\n<li>Offre des options de personnalisation pour afficher des donn\u00e9es telles que des graphiques, des graphiques et des tables<\/li>\n<li>Met automatiquement \u00e0 jour les donn\u00e9es chaque minute pour des informations pr\u00e9cises<\/li>\n<li>Peut \u00eatre utilis\u00e9 pour afficher des informations sp\u00e9cifiques de crypto-monnaie ou un aper\u00e7u du march\u00e9 plus large<\/li>\n<li>Comprend plusieurs widgets pour diverses options d&rsquo;affichage de donn\u00e9es<\/li>\n<li>Prend en charge plusieurs traductions linguistiques pour l&rsquo;utilisation mondiale<\/li>\n<li>Offre un design r\u00e9actif pour l&rsquo;int\u00e9gration transparente avec n&rsquo;importe quel th\u00e8me WordPress<\/li>\n<li>Peut \u00eatre utilis\u00e9 \u00e0 des fins personnelles ou commerciales<\/li>\n<li>Fournit une documentation et une prise en charge utiles pour l&rsquo;installation et l&rsquo;utilisation<\/li>\n<\/ul>\n","protected":false},"excerpt":{"rendered":"<p>D\u00e9couvrez la commodit\u00e9 du suivi de vos investissements de crypto-monnaie avec notre plugin de crypto-monnaie WordPress Coins WordPress. Cet outil innovant vous permet de surveiller la valeur de diverses crypto-monnaies en temps r\u00e9el. Avec une interface facile \u00e0 utiliser, vous pouvez acc\u00e9der \u00e0 des informations sur la capitalisation boursi\u00e8re de chaque crypto-monnaie, offrant une vue compl\u00e8te de vos investissements. Int\u00e9gr\u00e9 \u00e0 WordPress, ce plugin s&rsquo;adapte parfaitement \u00e0 votre site Web, offrant une exp\u00e9rience professionnelle et conviviale. Le plugin Coins MarketCap est parfait pour les clients potentiels qui cherchent \u00e0 rester \u00e0 jour sur le march\u00e9 des crypto-monnaies fluctuantes.<\/p>\n","protected":false},"featured_media":143405,"comment_status":"open","ping_status":"open","template":"","meta":[],"product_brand":[2435],"product_cat":[1189,1181,1186],"product_tag":[1231],"class_list":{"0":"post-111783","1":"product","2":"type-product","3":"status-publish","4":"has-post-thumbnail","6":"product_brand-codecanyon","7":"product_cat-personnalisation","8":"product_cat-plugins","9":"product_cat-wordpress-plugins","10":"product_tag-codecanyon","11":"member-discount","12":"discount-restricted","14":"first","15":"instock","16":"sale","17":"downloadable","18":"virtual","19":"sold-individually","20":"purchasable","21":"product-type-simple"},"_links":{"self":[{"href":"https:\/\/gpl-love.com\/fr\/wp-json\/wp\/v2\/product\/111783","targetHints":{"allow":["GET"]}}],"collection":[{"href":"https:\/\/gpl-love.com\/fr\/wp-json\/wp\/v2\/product"}],"about":[{"href":"https:\/\/gpl-love.com\/fr\/wp-json\/wp\/v2\/types\/product"}],"replies":[{"embeddable":true,"href":"https:\/\/gpl-love.com\/fr\/wp-json\/wp\/v2\/comments?post=111783"}],"wp:featuredmedia":[{"embeddable":true,"href":"https:\/\/gpl-love.com\/fr\/wp-json\/wp\/v2\/media\/143405"}],"wp:attachment":[{"href":"https:\/\/gpl-love.com\/fr\/wp-json\/wp\/v2\/media?parent=111783"}],"wp:term":[{"taxonomy":"product_brand","embeddable":true,"href":"https:\/\/gpl-love.com\/fr\/wp-json\/wp\/v2\/product_brand?post=111783"},{"taxonomy":"product_cat","embeddable":true,"href":"https:\/\/gpl-love.com\/fr\/wp-json\/wp\/v2\/product_cat?post=111783"},{"taxonomy":"product_tag","embeddable":true,"href":"https:\/\/gpl-love.com\/fr\/wp-json\/wp\/v2\/product_tag?post=111783"}],"curies":[{"name":"wp","href":"https:\/\/api.w.org\/{rel}","templated":true}]}}