{"id":111781,"date":"2025-06-16T00:00:00","date_gmt":"2025-06-15T22:00:00","guid":{"rendered":"http:\/\/gpl-love.com\/fr\/produit\/hero-shoutcast-and-icecast-radio-player\/"},"modified":"2026-03-20T23:19:30","modified_gmt":"2026-03-20T22:19:30","slug":"hero-shoutcast-and-icecast-radio-player","status":"publish","type":"product","link":"https:\/\/gpl-love.com\/fr\/produit\/hero-shoutcast-and-icecast-radio-player\/","title":{"rendered":"Hero Shoutcast et Icecast Radio Player 4.4.8"},"content":{"rendered":"<h3>Hero Shoutcast et Icecast Radio Player Traits<\/h3>\n<p>Le Hero Shoutcast et IceCast Radio Player est une application logicielle exceptionnellement puissante qui permet aux individus de diffuser et de s&rsquo;engager sans effort dans leurs exp\u00e9riences auditives avec leurs stations de radio pr\u00e9f\u00e9r\u00e9es via Internet. Cette conception de logiciels de pointe poss\u00e8de une interface incroyablement intuitive, facilitant ainsi la navigation et la s\u00e9lection transparentes parmi une vaste gamme de stations de radio. En outre, il permet aux utilisateurs d&rsquo;augmenter leurs voyages auditifs en incorporant des stations de radio organis\u00e9es personnellement. Le joueur est \u00e9quip\u00e9 de protocoles de streaming hautement adaptables et polyvalents, \u00e0 savoir Shoutcast et IceCast, assurant ainsi la plus grande compatibilit\u00e9 avec une multitude diversifi\u00e9e de stations de radio. De plus, le r\u00e9pertoire du joueur s&rsquo;\u00e9tend au-del\u00e0 des fonctionnalit\u00e9s de base, encapsulant un assortiment de fonctionnalit\u00e9s avanc\u00e9es, y compris, mais sans s&rsquo;y limiter, les contr\u00f4les d&rsquo;\u00e9galiseur con\u00e7us pour adapter l&rsquo;exp\u00e9rience acoustique, les options de demande de chanson pour s&rsquo;engager activement avec la programmation et la possibilit\u00e9 de personnaliser les logos de station pour une touche plus personnalis\u00e9e. Par cons\u00e9quent, il devient \u00e9vident que l&rsquo;obtention du Hero Shoutcast et de la radio ICECast est un imp\u00e9ratif pour les personnes qui poss\u00e8dent une passion in\u00e9branlable pour d\u00e9couvrir de nouvelles m\u00e9lodies ou se d\u00e9tendre avec leurs stations de radio bien-aim\u00e9es, quelle que soit leur emplacement g\u00e9ographique.<\/p>\n<ul>\n<li>Streaming audio de haute qualit\u00e9 \u00e0 partir de stations de radio Shoutcast et IceCast<\/li>\n<li>Interface facile \u00e0 utiliser avec des options de conception personnalisables<\/li>\n<li>Possibilit\u00e9 d&rsquo;ajouter et d&rsquo;enregistrer des stations pr\u00e9f\u00e9r\u00e9es pour un acc\u00e8s facile<\/li>\n<li>\u00c9galiseur int\u00e9gr\u00e9 pour ajuster la qualit\u00e9 du son<\/li>\n<li>Prend en charge les formats de flux MP3 et AAC<\/li>\n<li>Compatible avec tous les principaux navigateurs Web et appareils mobiles<\/li>\n<li>Code d&rsquo;int\u00e9gration facultatif pour l&rsquo;int\u00e9gration transparente sur les sites Web<\/li>\n<li>Assistance technique d\u00e9di\u00e9e disponible pour tous les probl\u00e8mes ou questions.<\/li>\n<\/ul>\n","protected":false},"excerpt":{"rendered":"<p>Le Hero Shoutcast et IceCast Radio Player est un appareil incroyablement polyvalent et exceptionnellement convivial qui vous accorde l&rsquo;occasion remarquable de vous connecter de mani\u00e8re transparente \u00e0 vos stations de radio les plus appr\u00e9ci\u00e9es de la plus haute qualit\u00e9. Avec son interface navigable sans effort et conviviale, vous avez le privil\u00e8ge d&rsquo;acc\u00e9der \u00e0 une vaste gamme de stations couvrant le globe, englobant les stations de radio Internet et les podcasts rivettants. Ce joueur de pointe va vraiment au-del\u00e0 en soutenant \u00e0 la fois le prestigieux Shoutcast et les protocoles de streaming ICECast estim\u00e9s, garantissant ainsi que vous savourerez une lecture ininterrompue de vos canaux pr\u00e9f\u00e9r\u00e9s. Que vous vous trouviez confortablement nich\u00e9e dans les limites de votre propre demeure ou aventurant en mouvement, le Hero Shoutcast et IceCast Radio repr\u00e9sente le summum de la perfection pour ceux qui ch\u00e9ritent et ch\u00e9rissent l&rsquo;exp\u00e9rience enchanteresse de se livrer \u00e0 des symphonies m\u00e9lodieuses.<\/p>\n","protected":false},"featured_media":144176,"comment_status":"open","ping_status":"open","template":"","meta":[],"product_brand":[2435],"product_cat":[1189,1181,1186],"product_tag":[1231],"class_list":{"0":"post-111781","1":"product","2":"type-product","3":"status-publish","4":"has-post-thumbnail","6":"product_brand-codecanyon","7":"product_cat-personnalisation","8":"product_cat-plugins","9":"product_cat-wordpress-plugins","10":"product_tag-codecanyon","11":"member-discount","12":"discount-restricted","14":"first","15":"instock","16":"sale","17":"downloadable","18":"virtual","19":"sold-individually","20":"purchasable","21":"product-type-simple"},"_links":{"self":[{"href":"https:\/\/gpl-love.com\/fr\/wp-json\/wp\/v2\/product\/111781","targetHints":{"allow":["GET"]}}],"collection":[{"href":"https:\/\/gpl-love.com\/fr\/wp-json\/wp\/v2\/product"}],"about":[{"href":"https:\/\/gpl-love.com\/fr\/wp-json\/wp\/v2\/types\/product"}],"replies":[{"embeddable":true,"href":"https:\/\/gpl-love.com\/fr\/wp-json\/wp\/v2\/comments?post=111781"}],"wp:featuredmedia":[{"embeddable":true,"href":"https:\/\/gpl-love.com\/fr\/wp-json\/wp\/v2\/media\/144176"}],"wp:attachment":[{"href":"https:\/\/gpl-love.com\/fr\/wp-json\/wp\/v2\/media?parent=111781"}],"wp:term":[{"taxonomy":"product_brand","embeddable":true,"href":"https:\/\/gpl-love.com\/fr\/wp-json\/wp\/v2\/product_brand?post=111781"},{"taxonomy":"product_cat","embeddable":true,"href":"https:\/\/gpl-love.com\/fr\/wp-json\/wp\/v2\/product_cat?post=111781"},{"taxonomy":"product_tag","embeddable":true,"href":"https:\/\/gpl-love.com\/fr\/wp-json\/wp\/v2\/product_tag?post=111781"}],"curies":[{"name":"wp","href":"https:\/\/api.w.org\/{rel}","templated":true}]}}