{"id":111779,"date":"2024-07-25T00:00:00","date_gmt":"2024-07-24T22:00:00","guid":{"rendered":"http:\/\/gpl-love.com\/fr\/produit\/anymag-magazine-style-wordpress-blog\/"},"modified":"2026-03-20T22:54:44","modified_gmt":"2026-03-20T21:54:44","slug":"anymag-magazine-style-wordpress-blog","status":"publish","type":"product","link":"https:\/\/gpl-love.com\/fr\/produit\/anymag-magazine-style-wordpress-blog\/","title":{"rendered":"Anymag Magazine Style WordPress Blog 2.9.7"},"content":{"rendered":"<h3>Anymag Magazine Style WordPress Blog Traits<\/h3>\n<p>Le blog WordPress de style magazine AnyMag se pr\u00e9sente comme la solution ultime pour les blogueurs qui aspirent \u00e0 poss\u00e9der un site Web visuellement attrayant et con\u00e7u par des professionnels. Sa disposition \u00e9l\u00e9gante et moderne le rend id\u00e9al pour l&rsquo;affichage du contenu dans un format de style magazine. Ce th\u00e8me poss\u00e8de un \u00e9ventail d&rsquo;options personnalisables, permettant ainsi aux blogueurs de personnaliser leurs sites en fonction de leurs demandes sp\u00e9cifiques. Construit sur les bases de WordPress, le blog WordPress de style magazine AnyMag garantit une convivialit\u00e9 et offre une gamme diversifi\u00e9e de fonctionnalit\u00e9s, telles que la conception r\u00e9active, une abondance d&rsquo;options de couleurs, des widgets personnalis\u00e9s et bien plus encore. Que l&rsquo;on soit un blogueur exp\u00e9riment\u00e9 ou un novice qui commence simplement son parcours en ligne, le blog WordPress de style magazine AnyMag sert de choix par excellence pour \u00e9tablir une pr\u00e9sence num\u00e9rique remarquable.<\/p>\n<ul>\n<li>Design de magazine moderne et \u00e9l\u00e9gant<\/li>\n<li>Disposition enti\u00e8rement r\u00e9active et adapt\u00e9e aux mobiles<\/li>\n<li>Optimisation de SEO int\u00e9gr\u00e9e pour un meilleur classement des moteurs de recherche<\/li>\n<li>Options de personnalisation faciles pour les couleurs, les polices et la mise en page<\/li>\n<li>Plusieurs options de disposition de page d&rsquo;accueil \u00e0 choisir<\/li>\n<li>Compatible avec les plugins WordPress populaires pour des fonctionnalit\u00e9s ajout\u00e9es<\/li>\n<li>Int\u00e9gration avec les plateformes de m\u00e9dias sociaux pour un partage facile du contenu<\/li>\n<li>Espaces publicitaires int\u00e9gr\u00e9s pour mon\u00e9tiser votre blog<\/li>\n<li>Comprend une vari\u00e9t\u00e9 de formats de publication, tels que la vid\u00e9o et la galerie<\/li>\n<li>\u00c9quipe de soutien d\u00e9di\u00e9e \u00e0 tout probl\u00e8me ou pr\u00e9occupation<\/li>\n<\/ul>\n","protected":false},"excerpt":{"rendered":"<p>D\u00e9couvrez un nouveau niveau de publication num\u00e9rique avec AnyMag, un blog WordPress de style magazine qui offre une plate-forme unique, moderne et hautement personnalisable pour tout votre contenu. Ses fonctionnalit\u00e9s puissantes incluent une interface conviviale, une navigation transparente et une gamme d&rsquo;options personnalisables qui en font un choix id\u00e9al pour les blogueurs, les \u00e9diteurs num\u00e9riques et les cr\u00e9ateurs de contenu. Avec AnyMag, vous pouvez facilement adapter votre site en fonction de vos pr\u00e9f\u00e9rences esth\u00e9tiques, gr\u00e2ce aux vastes options de th\u00e8me et aux param\u00e8tres de typographie avanc\u00e9e. La conception r\u00e9active du blog garantit une visualisation optimale sur n&rsquo;importe quel appareil, offrant une exp\u00e9rience utilisateur sup\u00e9rieure. AnyMag prend \u00e9galement en charge les fonctionnalit\u00e9s multi-langues, ce qui en fait un excellent choix pour un public mondial. \u00c9levez votre contenu num\u00e9rique avec AnyMag, la solution ultime pour un blog WordPress dynamique, engageant et visuellement \u00e9tonnant.<\/p>\n","protected":false},"featured_media":143138,"comment_status":"open","ping_status":"open","template":"","meta":[],"product_brand":[2433],"product_cat":[1220,1212,1213],"product_tag":[1366],"class_list":{"0":"post-111779","1":"product","2":"type-product","3":"status-publish","4":"has-post-thumbnail","6":"product_brand-themeforest","7":"product_cat-blog-magazine","8":"product_cat-themes","9":"product_cat-wordpress-themes","10":"product_tag-themeforest","11":"member-discount","12":"discount-restricted","14":"first","15":"instock","16":"sale","17":"downloadable","18":"virtual","19":"sold-individually","20":"purchasable","21":"product-type-simple"},"_links":{"self":[{"href":"https:\/\/gpl-love.com\/fr\/wp-json\/wp\/v2\/product\/111779","targetHints":{"allow":["GET"]}}],"collection":[{"href":"https:\/\/gpl-love.com\/fr\/wp-json\/wp\/v2\/product"}],"about":[{"href":"https:\/\/gpl-love.com\/fr\/wp-json\/wp\/v2\/types\/product"}],"replies":[{"embeddable":true,"href":"https:\/\/gpl-love.com\/fr\/wp-json\/wp\/v2\/comments?post=111779"}],"wp:featuredmedia":[{"embeddable":true,"href":"https:\/\/gpl-love.com\/fr\/wp-json\/wp\/v2\/media\/143138"}],"wp:attachment":[{"href":"https:\/\/gpl-love.com\/fr\/wp-json\/wp\/v2\/media?parent=111779"}],"wp:term":[{"taxonomy":"product_brand","embeddable":true,"href":"https:\/\/gpl-love.com\/fr\/wp-json\/wp\/v2\/product_brand?post=111779"},{"taxonomy":"product_cat","embeddable":true,"href":"https:\/\/gpl-love.com\/fr\/wp-json\/wp\/v2\/product_cat?post=111779"},{"taxonomy":"product_tag","embeddable":true,"href":"https:\/\/gpl-love.com\/fr\/wp-json\/wp\/v2\/product_tag?post=111779"}],"curies":[{"name":"wp","href":"https:\/\/api.w.org\/{rel}","templated":true}]}}