{"id":111777,"date":"2024-12-22T00:00:00","date_gmt":"2024-12-21T23:00:00","guid":{"rendered":"http:\/\/gpl-love.com\/fr\/produit\/avante-business-consulting-wordpress-theme\/"},"modified":"2026-03-20T22:55:45","modified_gmt":"2026-03-20T21:55:45","slug":"avante-business-consulting-wordpress-theme","status":"publish","type":"product","link":"https:\/\/gpl-love.com\/fr\/produit\/avante-business-consulting-wordpress-theme\/","title":{"rendered":"Avante Business Consulting WordPress Theme 3.0"},"content":{"rendered":"<h3>Avante Business Consulting WordPress Theme Traits<\/h3>\n<p>Le th\u00e8me WordPress Avante Business Consulting est un outil tr\u00e8s sophistiqu\u00e9 et de pointe qui a \u00e9t\u00e9 sp\u00e9cialement con\u00e7u pour aider les entreprises et les soci\u00e9t\u00e9s de conseil en pr\u00e9sentant efficacement leurs services et leur expertise sur Internet. Ce th\u00e8me exceptionnel offre une large gamme de fonctionnalit\u00e9s personnalisables qui permettent aux utilisateurs de personnaliser leur site Web pour s&rsquo;aligner parfaitement avec leur marque et leur style. Avec son interface remarquablement conviviale et sa navigation intuitive sans effort, le th\u00e8me WordPress Avante Business Consulting cr\u00e9e une exp\u00e9rience optimale pour les visiteurs alors qu&rsquo;ils explorent votre site et acqui\u00e8rent des informations pr\u00e9cieuses sur votre entreprise. En outre, ce th\u00e8me exceptionnel englobe \u00e9galement une s\u00e9lection diversifi\u00e9e de mod\u00e8les pr\u00e9d\u00e9finis, tels que des dispositions de page d&rsquo;accueil personnalis\u00e9es, des pages de services et des pages de portefeuille, rationalisant ainsi le processus de lancement de votre site Web et vous permettant de cr\u00e9er rapidement une pr\u00e9sence en ligne tr\u00e8s professionnelle. Que vous soyez exploit\u00e9 une petite entreprise ou une grande soci\u00e9t\u00e9 de conseil, le th\u00e8me WordPress Avante Business Consulting vous offre tous les outils et ressources n\u00e9cessaires pour \u00e9tablir une plate-forme en ligne commandante et attirer sans effort de nouveaux clients.<\/p>\n<ul>\n<li>Th\u00e8me WordPress con\u00e7u par des professionnels pour les sites Web de conseil aux entreprises<\/li>\n<li>Livr\u00e9 avec six dispositions de page d&rsquo;accueil pr\u00e9d\u00e9finies pour choisir<\/li>\n<li>Comprend une vari\u00e9t\u00e9 de widgets personnalis\u00e9s pour pr\u00e9senter les membres de l&rsquo;\u00e9quipe, les services et les t\u00e9moignages des clients<\/li>\n<li>Sch\u00e9ma de couleurs enti\u00e8rement personnalisable et options de typographie<\/li>\n<li>Conception r\u00e9active pour une visualisation optimale sur tous les appareils<\/li>\n<li>Compatible avec les plugins WordPress populaires tels que Yoast SEO et le formulaire de contact 7<\/li>\n<li>Construit avec un code propre et optimis\u00e9 pour la vitesse et les performances optimales du site<\/li>\n<li>Comprend une documentation compl\u00e8te et une \u00e9quipe de soutien d\u00e9di\u00e9e \u00e0 l&rsquo;aide<\/li>\n<li>R\u00e9guli\u00e8rement mis \u00e0 jour avec de nouvelles fonctionnalit\u00e9s et corrections de bogues<\/li>\n<\/ul>\n","protected":false},"excerpt":{"rendered":"<p>Le th\u00e8me WordPress Avante Business Consulting est une solution dynamique et professionnelle pour tous vos besoins commerciaux en ligne. Ce th\u00e8me WordPress robuste est sp\u00e9cialement con\u00e7u pour le conseil aux entreprises, les conseillers financiers et les entit\u00e9s d&rsquo;entreprise. Avec Avante, vous pouvez facilement pr\u00e9senter vos services, pr\u00e9senter votre travail et cr\u00e9er votre marque en ligne. Le th\u00e8me est livr\u00e9 avec une interface intuitive et conviviale, ce qui facilite la personnalisation et la gestion de votre site Web. La conception conviviale de r\u00e9f\u00e9rencement garantit que votre site Web se classe bien sur les r\u00e9sultats des moteurs de recherche. Il dispose \u00e9galement d&rsquo;une disposition r\u00e9active, offrant une exp\u00e9rience de visualisation optimale sur divers appareils. Avante est \u00e9galement pr\u00eate \u00e0 la traduction, vous permettant d&rsquo;atteindre un public mondial. Avec son temps de chargement rapide et son excellent support technique, le th\u00e8me WordPress Avante Business Consulting est un outil pr\u00e9cieux pour toute entreprise visant \u00e0 \u00e9tablir une forte pr\u00e9sence en ligne. D\u00e9couvrez les avantages d&rsquo;Avante et amenez votre entreprise \u00e0 de nouveaux sommets.<\/p>\n","protected":false},"featured_media":143206,"comment_status":"open","ping_status":"open","template":"","meta":[],"product_brand":[2433],"product_cat":[1516,1212,1213],"product_tag":[1366],"class_list":{"0":"post-111777","1":"product","2":"type-product","3":"status-publish","4":"has-post-thumbnail","6":"product_brand-themeforest","7":"product_cat-entreprise","8":"product_cat-themes","9":"product_cat-wordpress-themes","10":"product_tag-themeforest","11":"member-discount","12":"discount-restricted","14":"first","15":"instock","16":"sale","17":"downloadable","18":"virtual","19":"sold-individually","20":"purchasable","21":"product-type-simple"},"_links":{"self":[{"href":"https:\/\/gpl-love.com\/fr\/wp-json\/wp\/v2\/product\/111777","targetHints":{"allow":["GET"]}}],"collection":[{"href":"https:\/\/gpl-love.com\/fr\/wp-json\/wp\/v2\/product"}],"about":[{"href":"https:\/\/gpl-love.com\/fr\/wp-json\/wp\/v2\/types\/product"}],"replies":[{"embeddable":true,"href":"https:\/\/gpl-love.com\/fr\/wp-json\/wp\/v2\/comments?post=111777"}],"wp:featuredmedia":[{"embeddable":true,"href":"https:\/\/gpl-love.com\/fr\/wp-json\/wp\/v2\/media\/143206"}],"wp:attachment":[{"href":"https:\/\/gpl-love.com\/fr\/wp-json\/wp\/v2\/media?parent=111777"}],"wp:term":[{"taxonomy":"product_brand","embeddable":true,"href":"https:\/\/gpl-love.com\/fr\/wp-json\/wp\/v2\/product_brand?post=111777"},{"taxonomy":"product_cat","embeddable":true,"href":"https:\/\/gpl-love.com\/fr\/wp-json\/wp\/v2\/product_cat?post=111777"},{"taxonomy":"product_tag","embeddable":true,"href":"https:\/\/gpl-love.com\/fr\/wp-json\/wp\/v2\/product_tag?post=111777"}],"curies":[{"name":"wp","href":"https:\/\/api.w.org\/{rel}","templated":true}]}}