{"id":111772,"date":"2026-04-30T00:00:00","date_gmt":"2026-04-29T22:00:00","guid":{"rendered":"http:\/\/gpl-love.com\/fr\/produit\/acf-frontend-form-element-pro\/"},"modified":"2026-05-01T06:30:18","modified_gmt":"2026-05-01T04:30:18","slug":"acf-frontend-form-element-pro","status":"publish","type":"product","link":"https:\/\/gpl-love.com\/fr\/produit\/acf-frontend-form-element-pro\/","title":{"rendered":"ACF Frontend Admin Pro 3.28.37"},"content":{"rendered":"<h3>ACF Frontend Admin Pro Traits<\/h3>\n<p>ACF Frontend Pro est un plugin incroyablement robuste et riche en fonctionnalit\u00e9s qui vous accorde la possibilit\u00e9 de g\u00e9n\u00e9rer sans effort des formulaires personnalis\u00e9s, d&rsquo;effectuer l&rsquo;\u00e9dition frontale et de faciliter les fonctionnalit\u00e9s de soumission des frontend pour vos champs personnalis\u00e9s avanc\u00e9s (ACF) dans votre site Web WordPress. Gr\u00e2ce \u00e0 l&rsquo;utilisation de ACF Frontend Pro, vos utilisateurs estim\u00e9s pourront soumettre et modifier sans effort leurs publications, pages et m\u00eame types de publication personnalis\u00e9s directement \u00e0 partir du frontage convivial de votre site Web, le tout sans avoir besoin d&rsquo;acc\u00e9der au backend de WordPress . Il est important de noter que ce plugin propose \u00e9galement une vaste gamme d&rsquo;options de personnalisation, y compris, mais sans s&rsquo;y limiter R\u00e9pondre \u00e0 vos exigences uniques et sp\u00e9cifiques. En outre, il convient de mentionner que ACF Frontend Pro s&rsquo;int\u00e8gre parfaitement \u00e0 certains des constructeurs de pages les plus populaires et les plus utilis\u00e9s, tels que Elementor, Beaver Builder et Divi, le transformant efficacement en un outil exceptionnellement polyvalent et indispensable pour tout site Web WordPress.<\/p>\n<ul>\n<li>Permet aux utilisateurs non techniques de modifier les champs personnalis\u00e9s avanc\u00e9s (ACF) directement \u00e0 partir du frontend de leur site WordPress<\/li>\n<li>Hautement personnalisable avec des options de glisser-d\u00e9poser pour cr\u00e9er des dispositions personnalis\u00e9es<\/li>\n<li>Plusieurs types de champs, y compris le texte, l&rsquo;image, le s\u00e9lecteur de dattes, et plus<\/li>\n<li>S&rsquo;int\u00e8gre aux constructeurs de pages populaires tels que Beaver Builder et Elementor<\/li>\n<li>Prend en charge la logique conditionnelle pour cr\u00e9er des formes et du contenu dynamiques<\/li>\n<li>Fournit un contr\u00f4le granulaire sur les autorisations des utilisateurs pour l&rsquo;\u00e9dition et la visualisation des champs ACF<\/li>\n<li>Compatible avec ACF Pro et ACF V5 et plus<\/li>\n<li>Comprend une vari\u00e9t\u00e9 de crochets et de filtres pour les d\u00e9veloppeurs pour \u00e9tendre les fonctionnalit\u00e9s<\/li>\n<li>R\u00e9guli\u00e8rement mis \u00e0 jour avec les am\u00e9liorations des fonctionnalit\u00e9s et les corrections de bogues<\/li>\n<li>Interface facile \u00e0 utiliser et intuitive pour la cr\u00e9ation et les mises \u00e0 jour de contenu transparentes.<\/li>\n<\/ul>\n","protected":false},"excerpt":{"rendered":"<p>ACF Frontend Pro, un plugin exceptionnellement convivial pour les formulaires personnalis\u00e9s, vous donne la puissance de g\u00e9n\u00e9rer sans effort des formulaires frontaux personnalis\u00e9s. Ce plugin con\u00e7u habilement s&rsquo;int\u00e8gre parfaitement aux champs personnalis\u00e9s avanc\u00e9s, vous permettant de pr\u00e9senter facilement des champs personnalis\u00e9s sur votre site Web. Avec les fonctionnalit\u00e9s exceptionnelles d&rsquo;ACF Frontend Pro, vous pouvez am\u00e9liorer la fonctionnalit\u00e9 de votre site Web en cr\u00e9ant une vari\u00e9t\u00e9 de formulaires, y compris des formulaires d&rsquo;enregistrement, des formulaires de contact et m\u00eame des formulaires de paiement.<\/p>\n<p>Le plugin ACF Frontend Pro optimise non seulement la productivit\u00e9, mais \u00e9limine \u00e9galement le besoin de codage, offrant une approche plus simple de la g\u00e9n\u00e9ration de formulaires. Son int\u00e9gration avec des champs personnalis\u00e9s avanc\u00e9s, ainsi que sa capacit\u00e9 \u00e0 pr\u00e9senter des champs personnalis\u00e9s, en fait un outil indispensable pour les d\u00e9veloppeurs et concepteurs Web.<\/p>\n<p>Utilisez ACF Frontend Pro pour des champs personnalis\u00e9s et voyez comment il propulse votre site Web \u00e0 l&rsquo;excellence. Avec la g\u00e9n\u00e9ration de formulaires sans effort avec ACF Frontend Pro, vous pouvez vous concentrer sur l&rsquo;am\u00e9lioration de la fonctionnalit\u00e9 et de l&rsquo;exp\u00e9rience utilisateur de votre site Web. Alors, \u00e9vitez le processus fastidieux de codage avec ACF<\/p>\n","protected":false},"featured_media":143014,"comment_status":"open","ping_status":"open","template":"","meta":[],"product_brand":[2437],"product_cat":[1189,1181,1186],"product_tag":[2213],"class_list":{"0":"post-111772","1":"product","2":"type-product","3":"status-publish","4":"has-post-thumbnail","6":"product_brand-acf-frontend","7":"product_cat-personnalisation","8":"product_cat-plugins","9":"product_cat-wordpress-plugins","10":"product_tag-acf-frontend","11":"member-discount","12":"discount-restricted","14":"first","15":"instock","16":"sale","17":"downloadable","18":"virtual","19":"sold-individually","20":"purchasable","21":"product-type-simple"},"_links":{"self":[{"href":"https:\/\/gpl-love.com\/fr\/wp-json\/wp\/v2\/product\/111772","targetHints":{"allow":["GET"]}}],"collection":[{"href":"https:\/\/gpl-love.com\/fr\/wp-json\/wp\/v2\/product"}],"about":[{"href":"https:\/\/gpl-love.com\/fr\/wp-json\/wp\/v2\/types\/product"}],"replies":[{"embeddable":true,"href":"https:\/\/gpl-love.com\/fr\/wp-json\/wp\/v2\/comments?post=111772"}],"wp:featuredmedia":[{"embeddable":true,"href":"https:\/\/gpl-love.com\/fr\/wp-json\/wp\/v2\/media\/143014"}],"wp:attachment":[{"href":"https:\/\/gpl-love.com\/fr\/wp-json\/wp\/v2\/media?parent=111772"}],"wp:term":[{"taxonomy":"product_brand","embeddable":true,"href":"https:\/\/gpl-love.com\/fr\/wp-json\/wp\/v2\/product_brand?post=111772"},{"taxonomy":"product_cat","embeddable":true,"href":"https:\/\/gpl-love.com\/fr\/wp-json\/wp\/v2\/product_cat?post=111772"},{"taxonomy":"product_tag","embeddable":true,"href":"https:\/\/gpl-love.com\/fr\/wp-json\/wp\/v2\/product_tag?post=111772"}],"curies":[{"name":"wp","href":"https:\/\/api.w.org\/{rel}","templated":true}]}}