{"id":111770,"date":"2025-09-01T00:00:00","date_gmt":"2025-08-31T22:00:00","guid":{"rendered":"http:\/\/gpl-love.com\/fr\/produit\/yith-woocommerce-recovered-abandoned-cart-premium\/"},"modified":"2026-04-25T06:32:13","modified_gmt":"2026-04-25T04:32:13","slug":"yith-woocommerce-recovered-abandoned-cart-premium","status":"publish","type":"product","link":"https:\/\/gpl-love.com\/fr\/produit\/yith-woocommerce-recovered-abandoned-cart-premium\/","title":{"rendered":"YITH Recover Abandoned Cart Premium 3.12.0"},"content":{"rendered":"<h3>YITH Recover Abandoned Cart Premium Traits<\/h3>\n<p>Yith Recover Abandoned Cart Premium est un outil incroyablement robuste et tr\u00e8s efficace qui a \u00e9t\u00e9 sp\u00e9cifiquement con\u00e7u et adapt\u00e9 pour r\u00e9pondre aux besoins des propri\u00e9taires de magasins en ligne, l&rsquo;objectif principal \u00e9tant la r\u00e9cup\u00e9ration des chariots abandonn\u00e9s, conduisant ainsi \u00e0 une augmentation substantielle des ventes. Ce plugin ing\u00e9nieux offre la capacit\u00e9 ph\u00e9nom\u00e9nale pour envoyer sans effort et sans couture des rappels de courrier \u00e9lectronique automatis\u00e9s aux clients qui, pour quelque raison que ce soit, ont choisi d&rsquo;abandonner leurs chariots sans terminer le processus d&rsquo;achat. De plus, ce plugin remarquable vous offre l&rsquo;occasion unique et in\u00e9gal\u00e9e de personnaliser et d&rsquo;adapter personnellement les mod\u00e8les de messagerie en fonction de vos propres pr\u00e9f\u00e9rences distinctives et individuelles, vous permettant ainsi de cr\u00e9er une interaction vraiment personnalis\u00e9e et intime avec vos pr\u00e9cieux clients. De plus, le plugin lui-m\u00eame fournit \u00e9galement aux utilisateurs un tableau de bord complet et global, qui est sp\u00e9cialement con\u00e7u et con\u00e7u pour fournir aux utilisateurs des informations, des statistiques et des rapports inestimables et \u00e0 la fois des chariots abandonn\u00e9s et les chariots abandonn\u00e9s et les chariots suivants et les suivants R\u00e9cup\u00e9ration des ventes. Par cons\u00e9quent, en utilisant la prime de CART abandonn\u00e9e \u00e0 r\u00e9cup\u00e9rer Yith, les propri\u00e9taires de magasins en ligne sont en mesure d&rsquo;\u00e9lever et d&rsquo;am\u00e9liorer consid\u00e9rablement sans effort les taux de r\u00e9tention de la client\u00e8le et les taux de conversion globaux, qui culminent invariablement dans une augmentation significative des revenus, le tout avec un effort minimal et une facilit\u00e9 absolue.<\/p>\n<ul>\n<li>Un plugin WordPress con\u00e7u pour r\u00e9cup\u00e9rer les chariots abandonn\u00e9s et augmenter les ventes sur votre boutique en ligne<\/li>\n<li>Resse automatiquement avec les clients qui abandonnent leurs chariots, leur rappelant de revenir et terminer leur achat<\/li>\n<li>Permet des mod\u00e8les de messagerie personnalisables et de la planification des e-mails de suivi<\/li>\n<li>Fournit une analyse et des donn\u00e9es sur les chariots abandonn\u00e9s, vous permettant de suivre le succ\u00e8s du plugin et de faire des optimisations n\u00e9cessaires<\/li>\n<li>Dispose d&rsquo;un tableau de bord convivial et d&rsquo;un processus d&rsquo;installation facile<\/li>\n<li>Compatible avec une large gamme de plugins de commerce \u00e9lectronique WordPress populaires, y compris WooCommerce et les t\u00e9l\u00e9chargements num\u00e9riques faciles<\/li>\n<li>Offre une gamme de fonctionnalit\u00e9s avanc\u00e9es, y compris la possibilit\u00e9 d&rsquo;offrir des coupons personnalis\u00e9s pour inciter les clients \u00e0 retourner dans leur panier abandonn\u00e9<\/li>\n<li>Vous aide \u00e0 r\u00e9cup\u00e9rer les revenus perdus et \u00e0 am\u00e9liorer les taux de conversion en convertissant les chariots abandonn\u00e9s en ventes<\/li>\n<li>Fournit un excellent support client et des mises \u00e0 jour r\u00e9guli\u00e8res pour s&rsquo;assurer que le plugin est toujours \u00e0 jour et efficace.<\/li>\n<\/ul>\n","protected":false},"excerpt":{"rendered":"<p>Yith Recover Abandoned Cart Premium, un plugin robuste d\u00e9velopp\u00e9 pour aider les entreprises en ligne \u00e0 r\u00e9cup\u00e9rer les ventes de remise des chariots abandonn\u00e9s, poss\u00e8de une myriade de fonctionnalit\u00e9s puissantes, y compris, mais sans s&rsquo;y limiter, des notifications par e-mail, des capacit\u00e9s de suivi en temps r\u00e9el et des e-mails de suivi automatis\u00e9s . En exploitant le potentiel de ce plugin, non seulement les entreprises peuvent augmenter leurs sources de revenus, mais \u00e9galement la fid\u00e9lit\u00e9 constante de la client\u00e8le. En outre, la nature conviviale de ce plugin le rend sans effort compatible avec les plateformes de commerce \u00e9lectronique estim\u00e9es comme WooCommerce, Shopify et Magento. Ne perdez pas de temps \u00e0 capitaliser sur cet outil transformateur, car il vous permet de r\u00e9cup\u00e9rer les ventes perdues et de propulser finalement votre rentabilit\u00e9 globale \u00e0 des sommets sans pr\u00e9c\u00e9dent.<\/p>\n","protected":false},"featured_media":146424,"comment_status":"open","ping_status":"open","template":"","meta":[],"product_brand":[2487],"product_cat":[1182,1200,1181],"product_tag":[1437],"class_list":{"0":"post-111770","1":"product","2":"type-product","3":"status-publish","4":"has-post-thumbnail","6":"product_brand-yith","7":"product_cat-commerce-electronique-plugins","8":"product_cat-commercialisation","9":"product_cat-plugins","10":"product_tag-yith","11":"member-discount","12":"discount-restricted","14":"first","15":"instock","16":"sale","17":"downloadable","18":"virtual","19":"sold-individually","20":"purchasable","21":"product-type-simple"},"_links":{"self":[{"href":"https:\/\/gpl-love.com\/fr\/wp-json\/wp\/v2\/product\/111770","targetHints":{"allow":["GET"]}}],"collection":[{"href":"https:\/\/gpl-love.com\/fr\/wp-json\/wp\/v2\/product"}],"about":[{"href":"https:\/\/gpl-love.com\/fr\/wp-json\/wp\/v2\/types\/product"}],"replies":[{"embeddable":true,"href":"https:\/\/gpl-love.com\/fr\/wp-json\/wp\/v2\/comments?post=111770"}],"wp:featuredmedia":[{"embeddable":true,"href":"https:\/\/gpl-love.com\/fr\/wp-json\/wp\/v2\/media\/146424"}],"wp:attachment":[{"href":"https:\/\/gpl-love.com\/fr\/wp-json\/wp\/v2\/media?parent=111770"}],"wp:term":[{"taxonomy":"product_brand","embeddable":true,"href":"https:\/\/gpl-love.com\/fr\/wp-json\/wp\/v2\/product_brand?post=111770"},{"taxonomy":"product_cat","embeddable":true,"href":"https:\/\/gpl-love.com\/fr\/wp-json\/wp\/v2\/product_cat?post=111770"},{"taxonomy":"product_tag","embeddable":true,"href":"https:\/\/gpl-love.com\/fr\/wp-json\/wp\/v2\/product_tag?post=111770"}],"curies":[{"name":"wp","href":"https:\/\/api.w.org\/{rel}","templated":true}]}}