{"id":111768,"date":"2026-02-23T00:00:00","date_gmt":"2026-02-22T23:00:00","guid":{"rendered":"http:\/\/gpl-love.com\/fr\/produit\/woothumbs-for-woocommerce\/"},"modified":"2026-03-20T23:48:54","modified_gmt":"2026-03-20T22:48:54","slug":"woothumbs-for-woocommerce","status":"publish","type":"product","link":"https:\/\/gpl-love.com\/fr\/produit\/woothumbs-for-woocommerce\/","title":{"rendered":"WooThumbs pour WooCommerce 5.13.2"},"content":{"rendered":"<h3>WooThumbs pour WooCommerce Traits<\/h3>\n<p>Woothumbs for WooCommerce est un plugin extr\u00eamement puissant qui a \u00e9t\u00e9 m\u00e9ticuleusement con\u00e7u pour optimiser et \u00e9lever les images du produit dans votre boutique WooCommerce. En exploitant le potentiel sans limites de ce plugin remarquable, vous avez la capacit\u00e9 exceptionnelle de fa\u00e7onner une exp\u00e9rience d&rsquo;achat extr\u00eamement captivante et interactive pour votre client\u00e8le estim\u00e9e. Le plugin est rempli d&rsquo;une vaste gamme de fonctionnalit\u00e9s de pointe, englobant la capacit\u00e9 inestimable \u00e0 incorporer de mani\u00e8re transparente plusieurs images dans une galerie de produits envo\u00fbtante singuli\u00e8rement, une fonction de zoom incomparable qui permet \u00e0 vos clients de examiner m\u00eame les d\u00e9tails les plus minuscules et une personnalisation extr\u00eamement personnalisable Image Slider qui vous accorde le privil\u00e8ge de pr\u00e9senter astucieusement votre gamme diversifi\u00e9e de produits dans une myriade de mani\u00e8res passionnantes, dominant ainsi vos clients estim\u00e9s avec une clart\u00e9 et un discernement accrus lorsqu&rsquo;ils effectuent leurs achats. De plus, Woothumbs harmonise impeccablement son immense puissance et fonctionnalit\u00e9 avec une facilit\u00e9 d&rsquo;utilisation extraordinaire, garantissant que chaque propri\u00e9taire de magasin WooCommerce peut naviguer sans effort. En outre, le plugin s&rsquo;accompagne d&rsquo;un syst\u00e8me de soutien complet et in\u00e9branlable, cimentant ainsi son statut de choix in\u00e9branlable et ferme pour tout propri\u00e9taire de magasin de WooCommerce qui aspire \u00e0 augmenter et \u00e0 affiner consid\u00e9rablement la qualit\u00e9 de leurs images de produits.<\/p>\n<ul>\n<li>Un plugin essentiel pour les propri\u00e9taires de magasins WooCommerce qui souhaitent pr\u00e9senter leurs produits avec des images captivantes et des galeries interactives<\/li>\n<li>Fournit diverses options de mise en page pour des images comprenant une taille pleine largeur, des miniatures et des fonctionnalit\u00e9s de zoom<\/li>\n<li>Permet aux utilisateurs d&rsquo;ajouter plusieurs images aux galeries de produits et de les afficher de mani\u00e8re intuitive et r\u00e9active<\/li>\n<li>Offre une gamme d&rsquo;options de personnalisation pour que les galeries d&rsquo;images correspondent \u00e0 la conception et \u00e0 la marque du magasin<\/li>\n<li>Augmente l&rsquo;engagement et les conversions en permettant aux clients de visualiser les produits sous plusieurs angles et de zoomer sur des fonctionnalit\u00e9s uniques<\/li>\n<li>Facile \u00e0 installer et \u00e0 utiliser, avec une documentation d\u00e9taill\u00e9e et un support fourni par l&rsquo;\u00e9quipe Woothumbs<\/li>\n<li>Tr\u00e8s compatible avec tous les th\u00e8mes et plugins populaires<\/li>\n<li>Boose les classements SEO en offrant une exp\u00e9rience utilisateur unique que les clients potentiels sont plus susceptibles de s&rsquo;engager et de partager sur les r\u00e9seaux sociaux.<\/li>\n<\/ul>\n","protected":false},"excerpt":{"rendered":"<p>Mettez \u00e0 niveau et am\u00e9liorez la qualit\u00e9 globale de votre boutique en ligne en incorporant Woothumbs pour WooCommerce, une extension de galerie d&rsquo;images exceptionnelle et faisant autorit\u00e9 qui vous accorde la possibilit\u00e9 de pr\u00e9senter de nombreuses images de produits, de zoomer efficacement sur les d\u00e9tails complexes et de pr\u00e9senter des variations de produits dans une captivation visuellement et manifestant. Cet outil remarquable offre une gamme de fonctionnalit\u00e9s conviviales telles que la prise en charge vid\u00e9o, un mode plein \u00e9cran, une option de visualisation innovante \u00e0 360 degr\u00e9s, ainsi que des styles personnalisables, amplifiant la simplicit\u00e9 et la facilit\u00e9 avec lesquelles vous pouvez cr\u00e9er un impressionnant et visuellement Exp\u00e9rience d&rsquo;achat fascinante qui captisera et convertira sans aucun doute vos clients estim\u00e9s. N&rsquo;h\u00e9sitez pas \u00e0 \u00e9lever le calibre de votre magasin WooCommerce aujourd&rsquo;hui en incorporant les fonctionnalit\u00e9s remarquables et les capacit\u00e9s exceptionnelles de woothumbs.<\/p>\n","protected":false},"featured_media":146096,"comment_status":"open","ping_status":"open","template":"","meta":[],"product_brand":[2572],"product_cat":[1200,1182,1181],"product_tag":[1587],"class_list":{"0":"post-111768","1":"product","2":"type-product","3":"status-publish","4":"has-post-thumbnail","6":"product_brand-iconic","7":"product_cat-commercialisation","8":"product_cat-commerce-electronique-plugins","9":"product_cat-plugins","10":"product_tag-iconic","11":"member-discount","12":"discount-restricted","14":"first","15":"instock","16":"sale","17":"downloadable","18":"virtual","19":"sold-individually","20":"purchasable","21":"product-type-simple"},"_links":{"self":[{"href":"https:\/\/gpl-love.com\/fr\/wp-json\/wp\/v2\/product\/111768","targetHints":{"allow":["GET"]}}],"collection":[{"href":"https:\/\/gpl-love.com\/fr\/wp-json\/wp\/v2\/product"}],"about":[{"href":"https:\/\/gpl-love.com\/fr\/wp-json\/wp\/v2\/types\/product"}],"replies":[{"embeddable":true,"href":"https:\/\/gpl-love.com\/fr\/wp-json\/wp\/v2\/comments?post=111768"}],"wp:featuredmedia":[{"embeddable":true,"href":"https:\/\/gpl-love.com\/fr\/wp-json\/wp\/v2\/media\/146096"}],"wp:attachment":[{"href":"https:\/\/gpl-love.com\/fr\/wp-json\/wp\/v2\/media?parent=111768"}],"wp:term":[{"taxonomy":"product_brand","embeddable":true,"href":"https:\/\/gpl-love.com\/fr\/wp-json\/wp\/v2\/product_brand?post=111768"},{"taxonomy":"product_cat","embeddable":true,"href":"https:\/\/gpl-love.com\/fr\/wp-json\/wp\/v2\/product_cat?post=111768"},{"taxonomy":"product_tag","embeddable":true,"href":"https:\/\/gpl-love.com\/fr\/wp-json\/wp\/v2\/product_tag?post=111768"}],"curies":[{"name":"wp","href":"https:\/\/api.w.org\/{rel}","templated":true}]}}