{"id":111764,"date":"2023-03-29T00:00:00","date_gmt":"2023-03-28T22:00:00","guid":{"rendered":"http:\/\/gpl-love.com\/fr\/produit\/woocommerce-reward-points\/"},"modified":"2026-03-20T23:47:33","modified_gmt":"2026-03-20T22:47:33","slug":"woocommerce-reward-points","status":"publish","type":"product","link":"https:\/\/gpl-love.com\/fr\/produit\/woocommerce-reward-points\/","title":{"rendered":"WooCommerce Reward Points 1.1.17"},"content":{"rendered":"<h3>WooCommerce Reward Points Traits<\/h3>\n<p>Le plugin de points de r\u00e9compense WooCommerce est un outil extr\u00eamement robuste et puissant, permettant aux propri\u00e9taires de magasins en ligne de motiver et d&rsquo;inciter efficacement la fid\u00e9lit\u00e9 des clients gr\u00e2ce \u00e0 la fourniture de points de r\u00e9compense pour les achats. Ce plugin remarquable permet aux clients d&rsquo;accumuler des points pr\u00e9cieux non seulement pour leurs achats, mais aussi pour leurs r\u00e9f\u00e9rences et leurs efforts de partage social, entre autres activit\u00e9s. Ces points accumul\u00e9s peuvent par la suite \u00eatre \u00e9chang\u00e9s par les clients pour b\u00e9n\u00e9ficier de r\u00e9ductions importantes sur leurs achats futurs. L&rsquo;impact positif de cette fonctionnalit\u00e9 transcende le simple encouragement des clients \u00e0 fr\u00e9quenter \u00e0 plusieurs reprises votre magasin; Il sert \u00e9galement de catalyseur pour augmenter vos ventes et vos revenus globaux. L&rsquo;installation et la configuration sans effort de ce plugin, associ\u00e9es \u00e0 sa fourniture de valeurs ponctuelles personnalisables et de r\u00e8gles de rachat, accentuent encore sa nature conviviale. De plus, l&rsquo;inclusion d&rsquo;un tableau de bord complet facilite la surveillance transparente de l&rsquo;activit\u00e9 des clients et des soldes ponctuels, tandis que sa fonction de notification par e-mail automatique garantit que les clients restent bien inform\u00e9s sur leur statut de point actuel. Essentiellement, le plugin de points de r\u00e9compense WooCommerce appara\u00eet indiscutablement comme un outil indispensable et indispensable pour toute boutique en ligne exigeante cherchant \u00e0 am\u00e9liorer la fid\u00e9lit\u00e9 des clients et \u00e0 stimuler la croissance des ventes exponentielles.<\/p>\n<ul>\n<li>Gamify votre magasin de commerce \u00e9lectronique avec des points de r\u00e9compense WooCommerce<\/li>\n<li>Encouragez la fid\u00e9lit\u00e9 en offrant aux clients des points pour les achats et autres actions<\/li>\n<li>Personnaliser les valeurs ponctuelles, les r\u00e8gles de gain et les options de rachat<\/li>\n<li>Suivre les points des clients et g\u00e9rer facilement les r\u00e9compenses dans votre tableau de bord WooCommerce<\/li>\n<li>Boostez l&rsquo;engagement client et r\u00e9p\u00e9tez les affaires avec une exp\u00e9rience amusante et enrichissante<\/li>\n<\/ul>\n","protected":false},"excerpt":{"rendered":"<p>WooCommerce Reward Points est un plugin tr\u00e8s puissant et efficace, m\u00e9ticuleusement con\u00e7u pour vous permettre d&rsquo;offrir des incitations et des \u00e9loges attrayantes \u00e0 vos clients estim\u00e9s en reconnaissance de leurs achats inestimables. Gr\u00e2ce \u00e0 l&rsquo;int\u00e9gration transparente de ce plugin exceptionnel, vous \u00eates autoris\u00e9 \u00e0 \u00e9tablir et \u00e0 mettre en \u0153uvre sans effort un programme de fid\u00e9lit\u00e9 in\u00e9gal\u00e9, dans lequel votre client\u00e8le ch\u00e9ris sera accord\u00e9 de points inestimables pour chaque dollar qu&rsquo;ils d\u00e9pensent consciencieusement dans votre emporium en ligne estim\u00e9. Ces points convoit\u00e9s, qui sont minutieusement accumul\u00e9s par vos clients estim\u00e9s, peuvent par la suite \u00eatre \u00e9chang\u00e9s lucrativement contre un \u00e9ventail de r\u00e9compenses exceptionnellement attrayantes, y compris, mais sans s&rsquo;y limiter, des remises g\u00e9n\u00e9reuses, des marchandises compl\u00e9mentaires et une myriade d&rsquo;autres avantages m\u00e9ticuleusement organis\u00e9s. L&rsquo;impact profond de ce plugin remarquable s&rsquo;\u00e9tend au-del\u00e0 de la simple r\u00e9tention des clients, car il stimule et favorise v\u00e9ritablement une atmosph\u00e8re propice aux d\u00e9penses augment\u00e9es sur votre site Web estim\u00e9, propulsant ainsi vos ventes \u00e0 des hauteurs sans pr\u00e9c\u00e9dent. Il est imp\u00e9ratif de noter que l&rsquo;installation et l&rsquo;utilisation de ce plugin extraordinaire sont remarquablement faciles, engendrer une exp\u00e9rience conviviale pour toutes les parties prenantes impliqu\u00e9es. En outre, les options de personnalisation indispensables offertes par ce plugin ph\u00e9nom\u00e9nal garantissent un alignement optimal avec les exigences distinctives de votre marque estim\u00e9e. Commencez ce voyage impressionnant d&rsquo;appr\u00e9ciation des clients sans d\u00e9lai et d\u00e9lectez-vous dans la transformation sans \u00e9quivoque de votre trajectoire de vente!<\/p>\n","protected":false},"featured_media":146010,"comment_status":"open","ping_status":"open","template":"","meta":[],"product_brand":[2435],"product_cat":[1200,1182,1181],"product_tag":[1231],"class_list":{"0":"post-111764","1":"product","2":"type-product","3":"status-publish","4":"has-post-thumbnail","6":"product_brand-codecanyon","7":"product_cat-commercialisation","8":"product_cat-commerce-electronique-plugins","9":"product_cat-plugins","10":"product_tag-codecanyon","11":"member-discount","12":"discount-restricted","14":"first","15":"instock","16":"sale","17":"downloadable","18":"virtual","19":"sold-individually","20":"purchasable","21":"product-type-simple"},"_links":{"self":[{"href":"https:\/\/gpl-love.com\/fr\/wp-json\/wp\/v2\/product\/111764","targetHints":{"allow":["GET"]}}],"collection":[{"href":"https:\/\/gpl-love.com\/fr\/wp-json\/wp\/v2\/product"}],"about":[{"href":"https:\/\/gpl-love.com\/fr\/wp-json\/wp\/v2\/types\/product"}],"replies":[{"embeddable":true,"href":"https:\/\/gpl-love.com\/fr\/wp-json\/wp\/v2\/comments?post=111764"}],"wp:featuredmedia":[{"embeddable":true,"href":"https:\/\/gpl-love.com\/fr\/wp-json\/wp\/v2\/media\/146010"}],"wp:attachment":[{"href":"https:\/\/gpl-love.com\/fr\/wp-json\/wp\/v2\/media?parent=111764"}],"wp:term":[{"taxonomy":"product_brand","embeddable":true,"href":"https:\/\/gpl-love.com\/fr\/wp-json\/wp\/v2\/product_brand?post=111764"},{"taxonomy":"product_cat","embeddable":true,"href":"https:\/\/gpl-love.com\/fr\/wp-json\/wp\/v2\/product_cat?post=111764"},{"taxonomy":"product_tag","embeddable":true,"href":"https:\/\/gpl-love.com\/fr\/wp-json\/wp\/v2\/product_tag?post=111764"}],"curies":[{"name":"wp","href":"https:\/\/api.w.org\/{rel}","templated":true}]}}