{"id":111758,"date":"2024-12-07T00:00:00","date_gmt":"2024-12-06T23:00:00","guid":{"rendered":"http:\/\/gpl-love.com\/fr\/produit\/themify-wumblr-wordpress-theme\/"},"modified":"2026-04-10T18:43:13","modified_gmt":"2026-04-10T16:43:13","slug":"themify-wumblr-wordpress-theme","status":"publish","type":"product","link":"https:\/\/gpl-love.com\/fr\/produit\/themify-wumblr-wordpress-theme\/","title":{"rendered":"Themify Wumblr Theme 7.5.5"},"content":{"rendered":"<h3>Themify Wumblr Theme Traits<\/h3>\n<p>Le th\u00e8me Wumblr The Thify, un th\u00e8me WordPress adapt\u00e9 aux blogueurs et aux cr\u00e9atifs, poss\u00e8de un niveau impressionnant de polyvalence et de personnalisation. Avec son design \u00e9l\u00e9gant et moderne, ce th\u00e8me pr\u00e9sente sans effort le contenu de mani\u00e8re visuellement \u00e9tonnante, s&rsquo;adressant \u00e0 ceux qui souhaitent un attrait esth\u00e9tique. De plus, ce th\u00e8me est enti\u00e8rement r\u00e9actif et optimis\u00e9 pour tous les appareils, garantissant que votre site Web d\u00e9gagera de l&rsquo;excellence sur toute taille d&rsquo;\u00e9cran. Notamment, le large \u00e9ventail d&rsquo;options de personnalisation disponibles vous permet de tout adapter m\u00e9ticuleusement, de la mise en page \u00e0 la typographie, vous permettant de cr\u00e9er une pr\u00e9sence en ligne distinctive et captivante qui vous diff\u00e9renciera sans aucun doute des masses.<\/p>\n<ul>\n<li>Un th\u00e8me WordPress moderne et \u00e9l\u00e9gant con\u00e7u sp\u00e9cifiquement pour cr\u00e9er un site Web de style Tublelog<\/li>\n<li>Formats de publication int\u00e9gr\u00e9s pour diff\u00e9rents types de contenu, y compris le texte, les photos, les galeries, les vid\u00e9os, les citations et les liens<\/li>\n<li>Sch\u00e9mas de couleurs enti\u00e8rement personnalisables, polices et arri\u00e8re-plans pour correspondre \u00e0 votre marque ou \u00e0 votre style personnel<\/li>\n<li>Conception r\u00e9active qui a fi\u00e8re allure sur n&rsquo;importe quel appareil, avec des mises en page sp\u00e9cifiques au mobile en option<\/li>\n<li>Panneau d&rsquo;options de th\u00e8me avanc\u00e9 avec un contr\u00f4le facile sur la mise en page, la typographie et d&rsquo;autres param\u00e8tres<\/li>\n<li>Widgets personnalis\u00e9s pour afficher les flux de m\u00e9dias sociaux, les publications populaires, les commentaires r\u00e9cents et plus encore<\/li>\n<li>Int\u00e9gration avec des plugins WordPress populaires comme Jetpack, Contact Form 7 et WooCommerce<\/li>\n<li>Code de r\u00e9f\u00e9rencement et temps de chargement de page rapide pour un meilleur classement des moteurs de recherche et une exp\u00e9rience utilisateur<\/li>\n<li>Mises \u00e0 jour r\u00e9guli\u00e8res et soutien de l&rsquo;\u00e9quipe The Th\u00e9ify pour maintenir votre site en marche et en toute s\u00e9curit\u00e9.<\/li>\n<\/ul>\n","protected":false},"excerpt":{"rendered":"<p>Le th\u00e8me Wumblr The Th\u00e9ify est un th\u00e8me WordPress remarquablement polyvalent et ind\u00e9niablement moderne qui offre sans effort les blogueurs et les cr\u00e9atifs une apparence impeccablement propre et incroyablement cr\u00e9ative. Avec sa mise en page innovante de la grille, sa conception parfaitement sensible et la capacit\u00e9 de personnaliser sans effort les widgets, ce th\u00e8me est vraiment au-dessus de la concurrence. De plus, il propose une vaste s\u00e9lection d&rsquo;options de couleurs vibrantes et va au-del\u00e0 en soutenant pleinement une pl\u00e9thore de divers formats de poste. Peu importe que vous affichez fi\u00e8rement votre \u00e9criture captivante, votre photographie \u00e9poustouflante ou vos projets personnels impressionnants, le th\u00e8me Wumblr The Thify offre une plate-forme impeccable et in\u00e9gal\u00e9e parfaitement adapt\u00e9e pour r\u00e9pondre aux besoins et d\u00e9sirs uniques de votre blog ou site Web estim\u00e9.<\/p>\n","protected":false},"featured_media":145563,"comment_status":"open","ping_status":"open","template":"","meta":[],"product_brand":[2674],"product_cat":[1242,1212,1213],"product_tag":[1375],"class_list":{"0":"post-111758","1":"product","2":"type-product","3":"status-publish","4":"has-post-thumbnail","6":"product_brand-themify","7":"product_cat-creatif","8":"product_cat-themes","9":"product_cat-wordpress-themes","10":"product_tag-themify","11":"member-discount","12":"discount-restricted","14":"first","15":"instock","16":"sale","17":"downloadable","18":"virtual","19":"sold-individually","20":"purchasable","21":"product-type-simple"},"_links":{"self":[{"href":"https:\/\/gpl-love.com\/fr\/wp-json\/wp\/v2\/product\/111758","targetHints":{"allow":["GET"]}}],"collection":[{"href":"https:\/\/gpl-love.com\/fr\/wp-json\/wp\/v2\/product"}],"about":[{"href":"https:\/\/gpl-love.com\/fr\/wp-json\/wp\/v2\/types\/product"}],"replies":[{"embeddable":true,"href":"https:\/\/gpl-love.com\/fr\/wp-json\/wp\/v2\/comments?post=111758"}],"wp:featuredmedia":[{"embeddable":true,"href":"https:\/\/gpl-love.com\/fr\/wp-json\/wp\/v2\/media\/145563"}],"wp:attachment":[{"href":"https:\/\/gpl-love.com\/fr\/wp-json\/wp\/v2\/media?parent=111758"}],"wp:term":[{"taxonomy":"product_brand","embeddable":true,"href":"https:\/\/gpl-love.com\/fr\/wp-json\/wp\/v2\/product_brand?post=111758"},{"taxonomy":"product_cat","embeddable":true,"href":"https:\/\/gpl-love.com\/fr\/wp-json\/wp\/v2\/product_cat?post=111758"},{"taxonomy":"product_tag","embeddable":true,"href":"https:\/\/gpl-love.com\/fr\/wp-json\/wp\/v2\/product_tag?post=111758"}],"curies":[{"name":"wp","href":"https:\/\/api.w.org\/{rel}","templated":true}]}}