{"id":111756,"date":"2026-03-13T00:00:00","date_gmt":"2026-03-12T23:00:00","guid":{"rendered":"http:\/\/gpl-love.com\/fr\/produit\/the-fox-responsive-multi-purpose-wordpress-theme\/"},"modified":"2026-04-10T18:42:18","modified_gmt":"2026-04-10T16:42:18","slug":"the-fox-responsive-multi-purpose-wordpress-theme","status":"publish","type":"product","link":"https:\/\/gpl-love.com\/fr\/produit\/the-fox-responsive-multi-purpose-wordpress-theme\/","title":{"rendered":"The Fox Responsive Multi-Purpose WordPress Theme 3.9.79"},"content":{"rendered":"<h3>The Fox Responsive Multi-Purpose WordPress Theme Traits<\/h3>\n<p>Le th\u00e8me WordPress polyvalent r\u00e9actif FOX, avec ses capacit\u00e9s polyvalentes et puissantes, offre aux entreprises et aux particuliers de l&rsquo;incroyable opportunit\u00e9 de concevoir et rapidement des sites Web visuellement frappants visuellement. Ce th\u00e8me incroyablement adaptable a \u00e9t\u00e9 m\u00e9ticuleusement con\u00e7u pour hi\u00e9rarchiser la flexibilit\u00e9 et la personnalisation, permettant aux utilisateurs d&rsquo;adapter leur site Web pour s&rsquo;aligner parfaitement avec leurs exigences uniques et leurs pr\u00e9f\u00e9rences personnelles. En outre, il convient de noter que le renard poss\u00e8de une r\u00e9activit\u00e9 remarquable, garantissant une exp\u00e9rience de vision sans faille sur une myriade d&rsquo;appareils, allant des ordinateurs de bureau traditionnels aux smartphones de pointe. Que l&rsquo;on cherche \u00e0 construire un site Web professionnel, contemporain ou captivant, le Fox propose une vaste gamme d&rsquo;options concernant la mise en page, la conception et la fonctionnalit\u00e9, ce qui en fait un choix exemplaire pour les personnes cherchant \u00e0 \u00e9tablir une pr\u00e9sence en ligne tr\u00e8s sophistiqu\u00e9e et engageante.<\/p>\n<ul>\n<li>Conception enti\u00e8rement personnalisable et polyvalente pour r\u00e9pondre aux besoins de tout site Web ou entreprise<\/li>\n<li>Disposition r\u00e9active qui s&rsquo;adapte \u00e0 n&rsquo;importe quelle taille d&rsquo;\u00e9cran de p\u00e9riph\u00e9rique pour une exp\u00e9rience utilisateur transparente<\/li>\n<li>Comprend plus de 15 d\u00e9mos de page d&rsquo;accueil pr\u00e9-con\u00e7ues pour relancer le processus de conception de votre site Web<\/li>\n<li>Builder de page int\u00e9gr\u00e9 pour la personnalisation facile et les fonctionnalit\u00e9s de glisser-d\u00e9poser<\/li>\n<li>Panneau d&rsquo;options de th\u00e8me puissant pour contr\u00f4ler tous les aspects du style et des fonctionnalit\u00e9s de votre site Web<\/li>\n<li>Compatible avec les plugins WordPress populaires tels que WooCommerce, Contact Form 7 et Yoast SEO<\/li>\n<li>Optimis\u00e9 pour la vitesse et le r\u00e9f\u00e9rencement, garantissant que votre site Web fonctionne bien et se classe haut dans les moteurs de recherche<\/li>\n<li>Documentation approfondie et didacticiels vid\u00e9o fournis pour une configuration et une personnalisation faciles<\/li>\n<li>\u00c9quipe de support d\u00e9di\u00e9e disponible pour aider \u00e0 toutes les questions ou probl\u00e8mes que vous pourriez avoir<\/li>\n<li>Mises \u00e0 jour et am\u00e9liorations r\u00e9guli\u00e8res pour garantir que le th\u00e8me reste \u00e0 jour avec les derni\u00e8res technologies et normes Web.<\/li>\n<\/ul>\n","protected":false},"excerpt":{"rendered":"<p>Le th\u00e8me WordPress polyvalent r\u00e9actif Fox, r\u00e9put\u00e9 pour ses capacit\u00e9s exceptionnelles et sa polyvalence, se pr\u00e9sente comme la solution d\u00e9finitive pour ceux qui s&rsquo;efforcent d&rsquo;\u00e9tablir un site Web visuellement frappant et pleinement op\u00e9rationnel. B\u00e9n\u00e9ficiant d&rsquo;une richesse de fonctionnalit\u00e9s de pointe, ce th\u00e8me transcende les limites et peut s&rsquo;adresser sans effort \u00e0 un \u00e9ventail d&rsquo;objectifs, allant de la cr\u00e9ation d&rsquo;une plate-forme de commerce \u00e9lectronique \u00e0 l&rsquo;initiation d&rsquo;un blog ou \u00e0 la cr\u00e9ation d&rsquo;un portefeuille astucieux. Le renard, dot\u00e9 de sa r\u00e9activit\u00e9 illimit\u00e9e, s&rsquo;adapte sans effort \u00e0 n&rsquo;importe quel appareil, rendant une exp\u00e9rience visuellement agr\u00e9able et coh\u00e9rente sur tous les \u00e9crans. De plus, ses options de personnalisation flexible vous accordent la libert\u00e9 d&rsquo;adapter m\u00e9ticuleusement l&rsquo;apparence \u00e0 vos sp\u00e9cifications exactes. En plus de ses prouesses esth\u00e9tiques, le th\u00e8me a \u00e9t\u00e9 m\u00e9ticuleusement optimis\u00e9 pour assurer une exp\u00e9rience de navigation in\u00e9gal\u00e9e, avec une vitesse et une fluidit\u00e9 in\u00e9gal\u00e9es. Avec le renard \u00e0 votre disposition, vous pouvez \u00eatre assur\u00e9 que votre site Web captivera non seulement ses visiteurs, mais laissera une impression ind\u00e9l\u00e9bile et durable.<\/p>\n","protected":false},"featured_media":145471,"comment_status":"open","ping_status":"open","template":"","meta":[],"product_brand":[2433],"product_cat":[1214,1212,1213],"product_tag":[1366],"class_list":{"0":"post-111756","1":"product","2":"type-product","3":"status-publish","4":"has-post-thumbnail","6":"product_brand-themeforest","7":"product_cat-polyvalent","8":"product_cat-themes","9":"product_cat-wordpress-themes","10":"product_tag-themeforest","11":"member-discount","12":"discount-restricted","14":"first","15":"instock","16":"sale","17":"downloadable","18":"virtual","19":"sold-individually","20":"purchasable","21":"product-type-simple"},"_links":{"self":[{"href":"https:\/\/gpl-love.com\/fr\/wp-json\/wp\/v2\/product\/111756","targetHints":{"allow":["GET"]}}],"collection":[{"href":"https:\/\/gpl-love.com\/fr\/wp-json\/wp\/v2\/product"}],"about":[{"href":"https:\/\/gpl-love.com\/fr\/wp-json\/wp\/v2\/types\/product"}],"replies":[{"embeddable":true,"href":"https:\/\/gpl-love.com\/fr\/wp-json\/wp\/v2\/comments?post=111756"}],"wp:featuredmedia":[{"embeddable":true,"href":"https:\/\/gpl-love.com\/fr\/wp-json\/wp\/v2\/media\/145471"}],"wp:attachment":[{"href":"https:\/\/gpl-love.com\/fr\/wp-json\/wp\/v2\/media?parent=111756"}],"wp:term":[{"taxonomy":"product_brand","embeddable":true,"href":"https:\/\/gpl-love.com\/fr\/wp-json\/wp\/v2\/product_brand?post=111756"},{"taxonomy":"product_cat","embeddable":true,"href":"https:\/\/gpl-love.com\/fr\/wp-json\/wp\/v2\/product_cat?post=111756"},{"taxonomy":"product_tag","embeddable":true,"href":"https:\/\/gpl-love.com\/fr\/wp-json\/wp\/v2\/product_tag?post=111756"}],"curies":[{"name":"wp","href":"https:\/\/api.w.org\/{rel}","templated":true}]}}