{"id":111755,"date":"2026-02-26T00:00:00","date_gmt":"2026-02-25T23:00:00","guid":{"rendered":"http:\/\/gpl-love.com\/fr\/produit\/stackable-gutenberg-blocks-premium\/"},"modified":"2026-04-10T18:40:27","modified_gmt":"2026-04-10T16:40:27","slug":"stackable-gutenberg-blocks-premium","status":"publish","type":"product","link":"https:\/\/gpl-love.com\/fr\/produit\/stackable-gutenberg-blocks-premium\/","title":{"rendered":"Stackable Gutenberg Blocks Premium 3.19.7"},"content":{"rendered":"<h3>Stackable Gutenberg Blocks Premium Traits<\/h3>\n<p>Empilable Gutenberg Blocks Premium est un module compl\u00e9mentaire WordPress extr\u00eamement robuste qui am\u00e9liore consid\u00e9rablement la fonctionnalit\u00e9 de l&rsquo;\u00e9diteur de Gutenberg, un outil essentiel pour cr\u00e9er et \u00e9diter du contenu sur les sites Web WordPress. Ce plugin premium exceptionnel fournit aux utilisateurs une gamme incroyablement polyvalente de blocs pr\u00e9-con\u00e7us, m\u00e9ticuleusement con\u00e7us pour s&rsquo;adapter et se conformer sans effort aux pr\u00e9f\u00e9rences individuelles, facilitant ainsi la cr\u00e9ation transparente de pages, de publications et de dispositions captivantes visuellement qui sont per\u00e7ues de laisser une impressionnure impression de visuellement captivante, de publications et de dispositions qui sont tenues de laisser une imprim\u00e9e durable sur les visiteurs. Le processus de personnalisation sans effort de ces blocs annule l&rsquo;exigence d&rsquo;une exp\u00e9rience de codage pr\u00e9alable, garantissant que les utilisateurs peuvent \u00e9laborer sans effort r\u00e9actif et immersif des conceptions Web qui engagent efficacement leur public cible. La gamme compl\u00e8te d&rsquo;options de conception disponibles dans le plugin englobe une vaste s\u00e9lection de param\u00e8tres de typographie, de couleur et de mise en page, ce qui permet aux utilisateurs la possibilit\u00e9 d&rsquo;adapter m\u00e9ticuleusement chaque \u00e9l\u00e9ment de leur site Web \u00e0 la perfection. L&rsquo;interface intuitive de glisser-d\u00e9poser augmente davantage l&rsquo;exp\u00e9rience utilisateur, faisant de l&rsquo;utilisation des blocs de Gutenberg empilables Premium une brise absolue pour les d\u00e9veloppeurs Web assaisonn\u00e9s et les concepteurs en herbe. En int\u00e9grant de mani\u00e8re transparente cet outil indispensable dans leurs sites Web WordPress, les d\u00e9veloppeurs Web et les concepteurs peuvent \u00e9lever de mani\u00e8re transparente leur pr\u00e9sence en ligne \u00e0 des hauteurs sans pr\u00e9c\u00e9dent, offrant une exp\u00e9rience utilisateur in\u00e9gal\u00e9e qui est tenue de captiver et d&rsquo;engager leur public.<\/p>\n<ul>\n<li>Un ensemble de blocs Gutenberg pour WordPress qui sont con\u00e7us pour fonctionner parfaitement ensemble et \u00eatre empil\u00e9s sans effort<\/li>\n<li>Offre plus de 40 blocs uniques qui peuvent \u00eatre personnalis\u00e9s pour s&rsquo;adapter \u00e0 n&rsquo;importe quelle conception de site Web<\/li>\n<li>Les blocs incluent des fonctionnalit\u00e9s telles que les curseurs, les t\u00e9moignages, les boutons d&rsquo;appel \u00e0 l&rsquo;action et les tables de tarification<\/li>\n<li>Construit avec SEO et les performances \u00e0 l&rsquo;esprit, garantissant que votre site Web reste rapide et optimis\u00e9<\/li>\n<li>Les blocs sont conviviaux, ce qui facilite la cr\u00e9ation de pages belles et fonctionnelles sans avoir besoin de comp\u00e9tences de codage \u00e9tendues<\/li>\n<li>Compatible avec tout th\u00e8me ou plugin WordPress, assurant une int\u00e9gration transparente avec votre site Web existant<\/li>\n<li>Enti\u00e8rement r\u00e9actif, ce qui signifie que votre site Web aura fi\u00e8re allure sur n&rsquo;importe quel appareil<\/li>\n<li>R\u00e9guli\u00e8rement mis \u00e0 jour avec de nouveaux blocs et fonctionnalit\u00e9s, garantissant que votre site Web reste \u00e0 jour et \u00e0 jour<\/li>\n<li>Livr\u00e9 avec un support client de premier ordre, en vous assurant de toujours avoir de l&rsquo;aide lorsque vous en avez besoin.<\/li>\n<\/ul>\n","protected":false},"excerpt":{"rendered":"<p>Le Gutenberg empilable bloque Premium, un plugin WordPress indispensable, sert d&rsquo;outil d&rsquo;immense valeur dans votre qu\u00eate pour la mode captivante des pages Web au sein du c\u00e9l\u00e8bre \u00e9diteur de Gutenberg. En vous \u00e9quipant la possibilit\u00e9 d&rsquo;incorporer des blocs sup\u00e9rieurs qui s&rsquo;adaptent parfaitement \u00e0 n&rsquo;importe quel appareil, ce plugin vous permet de cr\u00e9er un site Web visuellement frappant qui se distingue des masses. De plus, le Gutenberg Blocks empilable Premium poss\u00e8de une abondance d&rsquo;options de personnalisation, vous offrant la libert\u00e9 de configurer un \u00e9ventail de styles, d&rsquo;effets et d&rsquo;animations en fonction de vos pr\u00e9f\u00e9rences. De plus, il vous accorde le privil\u00e8ge d&#8217;empiler des blocs, facilitant ainsi la cr\u00e9ation de dispositions distinctives qui transmettent efficacement votre message \u00e0 votre public pr\u00e9vu.<\/p>\n","protected":false},"featured_media":145321,"comment_status":"open","ping_status":"open","template":"","meta":[],"product_brand":[2664],"product_cat":[1189,1181,1186],"product_tag":[1576],"class_list":{"0":"post-111755","1":"product","2":"type-product","3":"status-publish","4":"has-post-thumbnail","6":"product_brand-stackable","7":"product_cat-personnalisation","8":"product_cat-plugins","9":"product_cat-wordpress-plugins","10":"product_tag-stackable","11":"member-discount","12":"discount-restricted","14":"first","15":"instock","16":"sale","17":"downloadable","18":"virtual","19":"sold-individually","20":"purchasable","21":"product-type-simple"},"_links":{"self":[{"href":"https:\/\/gpl-love.com\/fr\/wp-json\/wp\/v2\/product\/111755","targetHints":{"allow":["GET"]}}],"collection":[{"href":"https:\/\/gpl-love.com\/fr\/wp-json\/wp\/v2\/product"}],"about":[{"href":"https:\/\/gpl-love.com\/fr\/wp-json\/wp\/v2\/types\/product"}],"replies":[{"embeddable":true,"href":"https:\/\/gpl-love.com\/fr\/wp-json\/wp\/v2\/comments?post=111755"}],"wp:featuredmedia":[{"embeddable":true,"href":"https:\/\/gpl-love.com\/fr\/wp-json\/wp\/v2\/media\/145321"}],"wp:attachment":[{"href":"https:\/\/gpl-love.com\/fr\/wp-json\/wp\/v2\/media?parent=111755"}],"wp:term":[{"taxonomy":"product_brand","embeddable":true,"href":"https:\/\/gpl-love.com\/fr\/wp-json\/wp\/v2\/product_brand?post=111755"},{"taxonomy":"product_cat","embeddable":true,"href":"https:\/\/gpl-love.com\/fr\/wp-json\/wp\/v2\/product_cat?post=111755"},{"taxonomy":"product_tag","embeddable":true,"href":"https:\/\/gpl-love.com\/fr\/wp-json\/wp\/v2\/product_tag?post=111755"}],"curies":[{"name":"wp","href":"https:\/\/api.w.org\/{rel}","templated":true}]}}