{"id":111751,"date":"2025-12-15T00:00:00","date_gmt":"2025-12-14T23:00:00","guid":{"rendered":"http:\/\/gpl-love.com\/fr\/produit\/restrict-content-pro-restriction-timeouts\/"},"modified":"2026-03-20T23:33:56","modified_gmt":"2026-03-20T22:33:56","slug":"restrict-content-pro-restriction-timeouts","status":"publish","type":"product","link":"https:\/\/gpl-love.com\/fr\/produit\/restrict-content-pro-restriction-timeouts\/","title":{"rendered":"Restrict Content Pro Restriction Timeouts 1.0.6"},"content":{"rendered":"<h3>Restrict Content Pro Restriction Timeouts Traits<\/h3>\n<p>Le compl\u00e9ment de d\u00e9lais de restriction de restriction du contenu restreint est un outil tr\u00e8s puissant et efficace qui accorde aux propri\u00e9taires de sites Web la possibilit\u00e9 d&rsquo;\u00e9tablir sans effort des contraintes de temps sur leur contenu restreint. En utilisant ce plugin exceptionnel, vous poss\u00e9dez la capacit\u00e9 de restreindre l&rsquo;acc\u00e8s \u00e0 votre contenu exclusif pour une dur\u00e9e d\u00e9sign\u00e9e, par la suite \u00e0 laquelle il sera par la suite accessible \u00e0 vos utilisateurs estim\u00e9s. Cette fonctionnalit\u00e9 remarquable s&rsquo;av\u00e8re exceptionnellement avantageuse pour les sites Web qui offrent du contenu de nature sensible au temps, tels que des cours en ligne, des webinaires et des \u00e9v\u00e9nements. Ce qui d\u00e9finit les d\u00e9lais de restriction de restriction de contenu restreint \u00e0 part, c&rsquo;est sa remarquable convivialit\u00e9 par l&rsquo;utilisateur et sa capacit\u00e9 in\u00e9gal\u00e9e \u00e0 \u00eatre adapt\u00e9e \u00e0 vos exigences uniques et sp\u00e9cifiques, ce qui le rend une ressource indispensable et inestimable pour tout propri\u00e9taire de site Web discern\u00e9 qui cherche \u00e0 mon\u00e9tiser efficacement sa mont\u00e9 Contenu pr\u00e9cieux.<\/p>\n<ul>\n<li>Restreindre les d\u00e9lais de restriction du contenu pro vous permet de d\u00e9finir une limite de temps sur l&rsquo;acc\u00e8s \u00e0 votre contenu<\/li>\n<li>Vous pouvez facilement configurer la limite de temps pour chaque niveau d&rsquo;adh\u00e9sion ou membre individuel<\/li>\n<li>Une fois le d\u00e9lai atteint, l&rsquo;utilisateur sera verrouill\u00e9 du contenu jusqu&rsquo;\u00e0 ce qu&rsquo;ils renouvellent leur abonnement ou ach\u00e8teront une nouvelle adh\u00e9sion<\/li>\n<li>Cette fonctionnalit\u00e9 vous aide \u00e0 g\u00e9rer l&rsquo;acc\u00e8s \u00e0 votre contenu et \u00e0 vous assurer que seuls les membres actifs peuvent y acc\u00e9der<\/li>\n<li>Vous pouvez \u00e9galement configurer des e-mails automatiques pour informer les membres lorsque leur compte est sur le point d&rsquo;expirer et les inciter \u00e0 renouveler<\/li>\n<li>Les d\u00e9lais d&rsquo;attente de restriction sont enti\u00e8rement int\u00e9gr\u00e9s \u00e0 Restrict Content Pro, ce qui facilite la configuration et la gestion<\/li>\n<li>Avec des d\u00e9lais d&rsquo;attente de restriction, vous pouvez offrir un acc\u00e8s limit\u00e9 dans le temps \u00e0 votre contenu sans avoir \u00e0 surveiller et g\u00e9rer manuellement chaque compte individuel<\/li>\n<li>Cette fonctionnalit\u00e9 garantit une exp\u00e9rience utilisateur fluide et sans couture pour vos membres, ce qui rend plus probable qu&rsquo;ils renouvellent leurs abonnements et continueront \u00e0 acc\u00e9der \u00e0 votre contenu.<\/li>\n<\/ul>\n","protected":false},"excerpt":{"rendered":"<p>Restreindre le contenu des d\u00e9lais de restriction pro est une extension absolument essentielle pour les sites Web qui fournissent du contenu restreint ou qui ont un syst\u00e8me d&rsquo;acc\u00e8s bas\u00e9 sur les membres en place. Il offre aux propri\u00e9taires de sites Web la possibilit\u00e9 d&rsquo;\u00e9tablir des d\u00e9lais pr\u00e9cis et personnalis\u00e9s pour accorder l&rsquo;acc\u00e8s aux membres ou aux utilisateurs qui ont achet\u00e9 un abonnement. En cons\u00e9quence, une fois un d\u00e9lai d&rsquo;expiration de restriction sp\u00e9cifique atteint, les utilisateurs seront rapidement et automatiquement priv\u00e9s de leur acc\u00e8s au contenu restreint ou aux privil\u00e8ges d&rsquo;adh\u00e9sion. Cette fonctionnalit\u00e9 inestimable permet aux propri\u00e9taires de sites de la t\u00e2che fastidieuse et chronophage de surveiller et de d\u00e9sactiver manuellement l&rsquo;acc\u00e8s. Essentiellement, la mise en \u0153uvre des d\u00e9lais de restriction de restriction de contenu restreint sert de moyen tr\u00e8s efficace et efficace de rationalisation de la gestion de l&rsquo;acc\u00e8s et de maintenir la s\u00e9curit\u00e9 et la convivialit\u00e9 d&rsquo;un site Web donn\u00e9.<\/p>\n","protected":false},"featured_media":145126,"comment_status":"open","ping_status":"open","template":"","meta":[],"product_brand":[2644],"product_cat":[1187,1181,1186],"product_tag":[1488],"class_list":{"0":"post-111751","1":"product","2":"type-product","3":"status-publish","4":"has-post-thumbnail","6":"product_brand-restirct-content","7":"product_cat-administration-wordpress-plugins","8":"product_cat-plugins","9":"product_cat-wordpress-plugins","10":"product_tag-restirct-content","11":"member-discount","12":"discount-restricted","14":"first","15":"instock","16":"sale","17":"downloadable","18":"virtual","19":"sold-individually","20":"purchasable","21":"product-type-simple"},"_links":{"self":[{"href":"https:\/\/gpl-love.com\/fr\/wp-json\/wp\/v2\/product\/111751","targetHints":{"allow":["GET"]}}],"collection":[{"href":"https:\/\/gpl-love.com\/fr\/wp-json\/wp\/v2\/product"}],"about":[{"href":"https:\/\/gpl-love.com\/fr\/wp-json\/wp\/v2\/types\/product"}],"replies":[{"embeddable":true,"href":"https:\/\/gpl-love.com\/fr\/wp-json\/wp\/v2\/comments?post=111751"}],"wp:featuredmedia":[{"embeddable":true,"href":"https:\/\/gpl-love.com\/fr\/wp-json\/wp\/v2\/media\/145126"}],"wp:attachment":[{"href":"https:\/\/gpl-love.com\/fr\/wp-json\/wp\/v2\/media?parent=111751"}],"wp:term":[{"taxonomy":"product_brand","embeddable":true,"href":"https:\/\/gpl-love.com\/fr\/wp-json\/wp\/v2\/product_brand?post=111751"},{"taxonomy":"product_cat","embeddable":true,"href":"https:\/\/gpl-love.com\/fr\/wp-json\/wp\/v2\/product_cat?post=111751"},{"taxonomy":"product_tag","embeddable":true,"href":"https:\/\/gpl-love.com\/fr\/wp-json\/wp\/v2\/product_tag?post=111751"}],"curies":[{"name":"wp","href":"https:\/\/api.w.org\/{rel}","templated":true}]}}