{"id":111749,"date":"2021-02-09T00:00:00","date_gmt":"2021-02-08T23:00:00","guid":{"rendered":"http:\/\/gpl-love.com\/fr\/produit\/restrict-content-pro-restriction-timelock\/"},"modified":"2026-04-10T18:38:14","modified_gmt":"2026-04-10T16:38:14","slug":"restrict-content-pro-restriction-timelock","status":"publish","type":"product","link":"https:\/\/gpl-love.com\/fr\/produit\/restrict-content-pro-restriction-timelock\/","title":{"rendered":"Restrict Content Pro Restriction Timelock 1.1.1"},"content":{"rendered":"<h3>Restrict Content Pro Restriction Timelock Traits<\/h3>\n<p>Le plugin Timelock Restrict Content Pro Restriction est un outil incroyablement robuste qui vous offre la capacit\u00e9 d&rsquo;exercer un contr\u00f4le sur l&rsquo;accessibilit\u00e9 de votre contenu en fonction des param\u00e8tres de temps sp\u00e9cifiques. En tirant parti de cette fonctionnalit\u00e9 remarquable, vous \u00eates autoris\u00e9 \u00e0 planifier de mani\u00e8re transparente la disponibilit\u00e9 ou la restriction de votre contenu pour vos utilisateurs estim\u00e9s. Cette fonctionnalit\u00e9 s&rsquo;av\u00e8re particuli\u00e8rement avantageuse pour divers types de contenu, tels que des cours, des abonnements et d&rsquo;autres contenus qui poss\u00e8dent une disponibilit\u00e9 finie ou une dur\u00e9e d&rsquo;acc\u00e8s limit\u00e9e. Le processus d&rsquo;installation et d&rsquo;utilisation de ce plugin est \u00e0 la fois simple et sans effort, tout en offrant une vaste gamme d&rsquo;options de personnalisation qui r\u00e9pondent \u00e0 vos pr\u00e9f\u00e9rences de protection pr\u00e9cises. Que vous soyez en train de construire un site d&rsquo;adh\u00e9sion exclusif ou de g\u00e9rer efficacement un cours \u00e9ducatif, le Timelock de restriction du contenu de restriction indispensable sert d&rsquo;instrument inestimable pour garantir la plus grande s\u00e9curit\u00e9 et accessibilit\u00e9 uniquement aux personnes qui en ont vraiment besoin.<\/p>\n<ul>\n<li>Add-on TimeLock restriction pour restreindre le plugin Pro Content Pro<\/li>\n<li>Vous permet de d\u00e9finir une p\u00e9riode de temps sp\u00e9cifique pendant laquelle l&rsquo;acc\u00e8s d&rsquo;un utilisateur au contenu restreint sera actif<\/li>\n<li>Id\u00e9al pour les offres \u00e0 dur\u00e9e limit\u00e9e ou les cours restreintes dans le temps<\/li>\n<li>Simple et facile \u00e0 utiliser<\/li>\n<li>Int\u00e9gre parfaitement avec restreindre le contenu pro Pro<\/li>\n<li>Compatible avec tous les th\u00e8mes WordPress<\/li>\n<li>Fournit une couche de s\u00e9curit\u00e9 suppl\u00e9mentaire pour votre contenu<\/li>\n<li>Vous aide \u00e0 mon\u00e9tiser et \u00e0 contr\u00f4ler l&rsquo;acc\u00e8s \u00e0 votre contenu pr\u00e9cieux.<\/li>\n<\/ul>\n","protected":false},"excerpt":{"rendered":"<p>Le Timelock de restriction du contenu restreint, un outil extr\u00eamement puissant, vous donne la possibilit\u00e9 d&rsquo;imposer des limitations \u00e0 l&rsquo;acc\u00e8s \u00e0 votre contenu pour une dur\u00e9e pr\u00e9d\u00e9termin\u00e9e. En utilisant ce plugin, vous pouvez \u00e9tablir sans effort des restrictions li\u00e9es au temps entre vos messages, pages, types de messages personnalis\u00e9s et m\u00eame cat\u00e9gories. Par cons\u00e9quent, vous avez la libert\u00e9 de rendre votre contenu accessible uniquement pour un d\u00e9lai sp\u00e9cifique et d&#8217;emp\u00eacher ensuite l&rsquo;acc\u00e8s automatiquement une fois que le calendrier a \u00e9t\u00e9 expliqu\u00e9. Que vous administriez un site Web bas\u00e9 sur l&rsquo;abonnement ou que vous aspirez simplement \u00e0 maintenir la nouveaut\u00e9 et l&rsquo;exclusivit\u00e9 de votre contenu, le Timelock de restriction du contenu restreint sert d&rsquo;instrument indispensable qui facilite la r\u00e9alisation de vos objectifs.<\/p>\n","protected":false},"featured_media":145125,"comment_status":"open","ping_status":"open","template":"","meta":[],"product_brand":[2644],"product_cat":[1187,1181,1186],"product_tag":[1488],"class_list":{"0":"post-111749","1":"product","2":"type-product","3":"status-publish","4":"has-post-thumbnail","6":"product_brand-restirct-content","7":"product_cat-administration-wordpress-plugins","8":"product_cat-plugins","9":"product_cat-wordpress-plugins","10":"product_tag-restirct-content","11":"member-discount","12":"discount-restricted","14":"first","15":"instock","16":"sale","17":"downloadable","18":"virtual","19":"sold-individually","20":"purchasable","21":"product-type-simple"},"_links":{"self":[{"href":"https:\/\/gpl-love.com\/fr\/wp-json\/wp\/v2\/product\/111749","targetHints":{"allow":["GET"]}}],"collection":[{"href":"https:\/\/gpl-love.com\/fr\/wp-json\/wp\/v2\/product"}],"about":[{"href":"https:\/\/gpl-love.com\/fr\/wp-json\/wp\/v2\/types\/product"}],"replies":[{"embeddable":true,"href":"https:\/\/gpl-love.com\/fr\/wp-json\/wp\/v2\/comments?post=111749"}],"wp:featuredmedia":[{"embeddable":true,"href":"https:\/\/gpl-love.com\/fr\/wp-json\/wp\/v2\/media\/145125"}],"wp:attachment":[{"href":"https:\/\/gpl-love.com\/fr\/wp-json\/wp\/v2\/media?parent=111749"}],"wp:term":[{"taxonomy":"product_brand","embeddable":true,"href":"https:\/\/gpl-love.com\/fr\/wp-json\/wp\/v2\/product_brand?post=111749"},{"taxonomy":"product_cat","embeddable":true,"href":"https:\/\/gpl-love.com\/fr\/wp-json\/wp\/v2\/product_cat?post=111749"},{"taxonomy":"product_tag","embeddable":true,"href":"https:\/\/gpl-love.com\/fr\/wp-json\/wp\/v2\/product_tag?post=111749"}],"curies":[{"name":"wp","href":"https:\/\/api.w.org\/{rel}","templated":true}]}}