{"id":111747,"date":"2021-02-09T00:00:00","date_gmt":"2021-02-08T23:00:00","guid":{"rendered":"http:\/\/gpl-love.com\/fr\/produit\/restrict-content-pro-restrict-past-content\/"},"modified":"2026-04-10T18:38:13","modified_gmt":"2026-04-10T16:38:13","slug":"restrict-content-pro-restrict-past-content","status":"publish","type":"product","link":"https:\/\/gpl-love.com\/fr\/produit\/restrict-content-pro-restrict-past-content\/","title":{"rendered":"Restrict Content Pro Restrict Past Content 1.0.3"},"content":{"rendered":"<h3>Restrict Content Pro Restrict Past Content Traits<\/h3>\n<p>Le Plugin de contenu pass\u00e9 de Contenu Restrict Pro est un outil extr\u00eamement puissant et riche en fonctionnalit\u00e9s qui a \u00e9t\u00e9 sp\u00e9cialement con\u00e7u pour fournir aux propri\u00e9taires de sites Web la possibilit\u00e9 de limiter efficacement l&rsquo;acc\u00e8s au contenu pass\u00e9 sur leurs sites Web. En utilisant les diverses fonctionnalit\u00e9s offertes par cet outil, les propri\u00e9taires de sites Web peuvent restreindre facilement et efficacement l&rsquo;acc\u00e8s des utilisateurs aux articles, pages ou m\u00eame types de messages personnalis\u00e9s, garantissant ainsi qu&rsquo;ils sont en mesure d&#8217;emp\u00eacher quiconque d&rsquo;acc\u00e9der \u00e0 tout contenu publi\u00e9 avant un date sp\u00e9cifique. Cet outil particulier s&rsquo;av\u00e8re particuli\u00e8rement pr\u00e9cieux pour les sites Web qui poss\u00e8dent un contenu exclusif uniquement accessible \u00e0 leurs abonn\u00e9s ou membres. Avec la mise en \u0153uvre du Plugin de contenu pass\u00e9 de Contenu Restrict Pro, les propri\u00e9taires de sites Web peuvent \u00e9tablir des r\u00e8gles d&rsquo;acc\u00e8s personnalis\u00e9es, restreindre le contenu en fonction des r\u00f4les utilisateur et m\u00eame g\u00e9n\u00e9rer du contenu sensible au temps qui deviendra automatiquement restreint apr\u00e8s une p\u00e9riode de temps pr\u00e9d\u00e9termin\u00e9e. Essentiellement, ce plugin sert de solution remarquable \u00e0 tout propri\u00e9taire de site Web qui souhaite exercer un contr\u00f4le sur l&rsquo;accessibilit\u00e9 de son contenu pass\u00e9 tout en am\u00e9liorant simultan\u00e9ment la s\u00e9curit\u00e9 globale de son site.<\/p>\n<ul>\n<li>Restreindre facilement le contenu de votre site Web<\/li>\n<li>Capacit\u00e9 \u00e0 restreindre le contenu par type de poste, cat\u00e9gorie ou postes \/ pages sp\u00e9cifiques<\/li>\n<li>Choisissez de restreindre le contenu pour certains niveaux d&rsquo;adh\u00e9sion ou visiteurs qui n&rsquo;ont pas connect\u00e9<\/li>\n<li>Prot\u00e9gez automatiquement le contenu une fois qu&rsquo;il est publi\u00e9, ou choisissez manuellement le contenu \u00e0 restreindre<\/li>\n<li>Message personnalisable pour un contenu restreint pour informer les utilisateurs comment acc\u00e9der<\/li>\n<li>Option pour rediriger les utilisateurs vers une page personnalis\u00e9e lorsqu&rsquo;ils tentent d&rsquo;acc\u00e9der au contenu restreint<\/li>\n<li>Compatibilit\u00e9 compl\u00e8te avec le plugin de gestion de l&rsquo;adh\u00e9sion du contenu restreint<\/li>\n<li>Processus de configuration simple et intuitif pour commencer facilement et rapidement<\/li>\n<li>Options flexibles pour s&rsquo;adapter \u00e0 vos besoins, que vous soyez un blogueur, un propri\u00e9taire d&rsquo;entreprise ou un directeur de site d&rsquo;adh\u00e9sion<\/li>\n<li>Support client sup\u00e9rieur et mises \u00e0 jour r\u00e9guli\u00e8res pour assurer des performances fiables au fil du temps<\/li>\n<\/ul>\n","protected":false},"excerpt":{"rendered":"<p>Le contenu restreint Pro restreint le compl\u00e9ment de contenu pass\u00e9 sert d&rsquo;outil impeccable pour les propri\u00e9taires de sites Web qui souhaitent imposer des limites \u00e0 l&rsquo;accessibilit\u00e9 du contenu publi\u00e9 pr\u00e9c\u00e9demment. En utilisant ce plugin, on peut restreindre efficacement l&rsquo;acc\u00e8s au contenu pass\u00e9 sur un post, une page ou une base de type post personnalis\u00e9e. Ces fonctionnalit\u00e9s permettent au propri\u00e9taire du site Web de g\u00eaner l&rsquo;acc\u00e8s \u00e0 un contenu archa\u00efque ou limit\u00e9 au temps, garantissant ainsi que seules les personnes poss\u00e9dant les autorisations pertinentes sont en mesure de le voir. Par cons\u00e9quent, ce module compl\u00e9mentaire repr\u00e9sente la solution ultime pour les cr\u00e9ateurs de contenu cherchant \u00e0 limiter leurs archives uniquement \u00e0 des cohortes utilisateur sp\u00e9cifiques ou \u00e0 prot\u00e9ger le contenu de s\u00e9lection de l&rsquo;\u00e9chec public.<\/p>\n","protected":false},"featured_media":145124,"comment_status":"open","ping_status":"open","template":"","meta":[],"product_brand":[2644],"product_cat":[1187,1181,1186],"product_tag":[1488],"class_list":{"0":"post-111747","1":"product","2":"type-product","3":"status-publish","4":"has-post-thumbnail","6":"product_brand-restirct-content","7":"product_cat-administration-wordpress-plugins","8":"product_cat-plugins","9":"product_cat-wordpress-plugins","10":"product_tag-restirct-content","11":"member-discount","12":"discount-restricted","14":"first","15":"instock","16":"sale","17":"downloadable","18":"virtual","19":"sold-individually","20":"purchasable","21":"product-type-simple"},"_links":{"self":[{"href":"https:\/\/gpl-love.com\/fr\/wp-json\/wp\/v2\/product\/111747","targetHints":{"allow":["GET"]}}],"collection":[{"href":"https:\/\/gpl-love.com\/fr\/wp-json\/wp\/v2\/product"}],"about":[{"href":"https:\/\/gpl-love.com\/fr\/wp-json\/wp\/v2\/types\/product"}],"replies":[{"embeddable":true,"href":"https:\/\/gpl-love.com\/fr\/wp-json\/wp\/v2\/comments?post=111747"}],"wp:featuredmedia":[{"embeddable":true,"href":"https:\/\/gpl-love.com\/fr\/wp-json\/wp\/v2\/media\/145124"}],"wp:attachment":[{"href":"https:\/\/gpl-love.com\/fr\/wp-json\/wp\/v2\/media?parent=111747"}],"wp:term":[{"taxonomy":"product_brand","embeddable":true,"href":"https:\/\/gpl-love.com\/fr\/wp-json\/wp\/v2\/product_brand?post=111747"},{"taxonomy":"product_cat","embeddable":true,"href":"https:\/\/gpl-love.com\/fr\/wp-json\/wp\/v2\/product_cat?post=111747"},{"taxonomy":"product_tag","embeddable":true,"href":"https:\/\/gpl-love.com\/fr\/wp-json\/wp\/v2\/product_tag?post=111747"}],"curies":[{"name":"wp","href":"https:\/\/api.w.org\/{rel}","templated":true}]}}