{"id":111745,"date":"2026-02-26T00:00:00","date_gmt":"2026-02-25T23:00:00","guid":{"rendered":"http:\/\/gpl-love.com\/fr\/produit\/restrict-content-pro-rest-api\/"},"modified":"2026-04-10T18:38:13","modified_gmt":"2026-04-10T16:38:13","slug":"restrict-content-pro-rest-api","status":"publish","type":"product","link":"https:\/\/gpl-love.com\/fr\/produit\/restrict-content-pro-rest-api\/","title":{"rendered":"Restrict Content Pro REST API 1.2.4"},"content":{"rendered":"<h3>Restrict Content Pro REST API Traits<\/h3>\n<p>L&rsquo;API REST offerte par Restrict Content Pro est un outil incroyablement robuste et efficace sp\u00e9cialement d\u00e9velopp\u00e9 pour les entreprises et les associations cherchant \u00e0 fortifier leur contenu en ligne. En utilisant cette API, les utilisateurs sont autoris\u00e9s \u00e0 r\u00e9guler sans effort l&rsquo;acc\u00e8s \u00e0 leur contenu gr\u00e2ce \u00e0 la mise en \u0153uvre de divers crit\u00e8res, y compris des r\u00f4les utilisateur, des niveaux d&rsquo;adh\u00e9sion ou des plans d&rsquo;abonnement. L&rsquo;API REST facilite l&rsquo;int\u00e9gration transparente de la fonctionnalit\u00e9 de restriction du contenu Pro directement dans les applications, rationalisant ainsi la protection du contenu et les proc\u00e9dures d&rsquo;authentification des utilisateurs. Que vous soyez exploit\u00e9 un site d&rsquo;adh\u00e9sion ou supervisez un cours en ligne, l&rsquo;API Restricce Content Pro REST propose une solution tr\u00e8s adaptable et extensible pour prot\u00e9ger votre contenu inestimable.<\/p>\n<ul>\n<li>Permet une int\u00e9gration facile de restreindre le contenu Pro avec d&rsquo;autres applications<\/li>\n<li>Fournit un moyen s\u00e9curis\u00e9 et efficace pour acc\u00e9der et g\u00e9rer les abonnements et les donn\u00e9es utilisateur<\/li>\n<li>Prend en charge une vari\u00e9t\u00e9 de m\u00e9thodes HTTP pour g\u00e9rer les ressources (obtenir, publier, mettre, supprimer)<\/li>\n<li>Permet la cr\u00e9ation et la gestion des abonnements et des abonnements via des appels API<\/li>\n<li>Fournit une documentation d\u00e9taill\u00e9e et des exemples pour que les d\u00e9veloppeurs commencent rapidement avec l&rsquo;API REST<\/li>\n<li>Assure la compatibilit\u00e9 et la stabilit\u00e9 avec les derni\u00e8res versions de restreindre le contenu Pro<\/li>\n<li>R\u00e9duit la saisie manuelle des donn\u00e9es et rationalise les processus de gestion des abonnements<\/li>\n<li>Offre une am\u00e9lioration de la flexibilit\u00e9 et de la personnalisation pour les entreprises qui n\u00e9cessitent des workflows de gestion des membres uniques<\/li>\n<li>Permet la synchronisation en temps r\u00e9el des donn\u00e9es d&rsquo;adh\u00e9sion sur plusieurs plateformes et applications<\/li>\n<li>Fournit un outil puissant pour g\u00e9rer l&rsquo;acc\u00e8s et les autorisations des utilisateurs et assurer la conformit\u00e9 avec le RGPD et d&rsquo;autres r\u00e9glementations de confidentialit\u00e9 des donn\u00e9es.<\/li>\n<\/ul>\n","protected":false},"excerpt":{"rendered":"<p>En utilisant l&rsquo;API de restriction du contenu Pro Rest, les utilisateurs ont la commodit\u00e9 de superviser sans effort le contenu restreint de leur site Web via des plateformes externes. Cette API incroyablement polyvalente facilite l&rsquo;int\u00e9gration transparente avec des syst\u00e8mes pr\u00e9existants, permettant la gestion rationalis\u00e9e de l&rsquo;acc\u00e8s, des abonnements et des abonnements aux utilisateurs. Pr\u00e9servez la s\u00e9curit\u00e9 et l&rsquo;organisation de votre site Web par le biais de l&rsquo;assistance inestimable fournie par l&rsquo;API Restrict Content Pro Rest.<\/p>\n","protected":false},"featured_media":145123,"comment_status":"open","ping_status":"open","template":"","meta":[],"product_brand":[2644],"product_cat":[1189,1181,1186],"product_tag":[1488],"class_list":{"0":"post-111745","1":"product","2":"type-product","3":"status-publish","4":"has-post-thumbnail","6":"product_brand-restirct-content","7":"product_cat-personnalisation","8":"product_cat-plugins","9":"product_cat-wordpress-plugins","10":"product_tag-restirct-content","11":"member-discount","12":"discount-restricted","14":"first","15":"instock","16":"sale","17":"downloadable","18":"virtual","19":"sold-individually","20":"purchasable","21":"product-type-simple"},"_links":{"self":[{"href":"https:\/\/gpl-love.com\/fr\/wp-json\/wp\/v2\/product\/111745","targetHints":{"allow":["GET"]}}],"collection":[{"href":"https:\/\/gpl-love.com\/fr\/wp-json\/wp\/v2\/product"}],"about":[{"href":"https:\/\/gpl-love.com\/fr\/wp-json\/wp\/v2\/types\/product"}],"replies":[{"embeddable":true,"href":"https:\/\/gpl-love.com\/fr\/wp-json\/wp\/v2\/comments?post=111745"}],"wp:featuredmedia":[{"embeddable":true,"href":"https:\/\/gpl-love.com\/fr\/wp-json\/wp\/v2\/media\/145123"}],"wp:attachment":[{"href":"https:\/\/gpl-love.com\/fr\/wp-json\/wp\/v2\/media?parent=111745"}],"wp:term":[{"taxonomy":"product_brand","embeddable":true,"href":"https:\/\/gpl-love.com\/fr\/wp-json\/wp\/v2\/product_brand?post=111745"},{"taxonomy":"product_cat","embeddable":true,"href":"https:\/\/gpl-love.com\/fr\/wp-json\/wp\/v2\/product_cat?post=111745"},{"taxonomy":"product_tag","embeddable":true,"href":"https:\/\/gpl-love.com\/fr\/wp-json\/wp\/v2\/product_tag?post=111745"}],"curies":[{"name":"wp","href":"https:\/\/api.w.org\/{rel}","templated":true}]}}