{"id":111743,"date":"2021-02-09T00:00:00","date_gmt":"2021-02-08T23:00:00","guid":{"rendered":"http:\/\/gpl-love.com\/fr\/produit\/restrict-content-pro-math-verification\/"},"modified":"2026-04-10T18:38:12","modified_gmt":"2026-04-10T16:38:12","slug":"restrict-content-pro-math-verification","status":"publish","type":"product","link":"https:\/\/gpl-love.com\/fr\/produit\/restrict-content-pro-math-verification\/","title":{"rendered":"Restrict Content Pro Math Verification 1.0.5"},"content":{"rendered":"<h3>Restrict Content Pro Math Verification Traits<\/h3>\n<p>La v\u00e9rification Math Math Restrict Content Pro est un outil incroyablement robuste et tr\u00e8s efficace qui a \u00e9t\u00e9 m\u00e9ticuleusement con\u00e7u dans le but sp\u00e9cifique de limiter l&rsquo;accessibilit\u00e9 du contenu uniquement aux utilisateurs qui ont r\u00e9ussi un test complet de v\u00e9rification en math\u00e9matiques. En mettant en \u0153uvre ce plugin exceptionnel, les propri\u00e9taires de sites Web sont habilit\u00e9s \u00e0 contrecarrer de mani\u00e8re transparente et sans effort tout trafic non autoris\u00e9 et ind\u00e9sirable, emp\u00eachant ainsi efficacement les robots de spam d&rsquo;infiltrer et de compromettre le pr\u00e9cieux contenu de leur site. De plus, ce plugin poss\u00e8de un niveau in\u00e9gal\u00e9 de convivialit\u00e9, permettant aux propri\u00e9taires de sites Web d&rsquo;adapter sans effort ses fonctionnalit\u00e9s pour r\u00e9pondre \u00e0 leurs exigences uniques et individualis\u00e9es. Il est \u00e0 noter que ce plugin propose fi\u00e8rement une gamme diversifi\u00e9e d&rsquo;options de v\u00e9rification math\u00e9matique, y compris les op\u00e9rations arithm\u00e9tiques rudimentaires, la g\u00e9n\u00e9ration d&rsquo;\u00e9quations math\u00e9matiques al\u00e9atoires et complexes, et m\u00eame l&rsquo;int\u00e9gration transparente du syst\u00e8me Recaptcha tr\u00e8s v\u00e9n\u00e9r\u00e9. Par cons\u00e9quent, une fois qu&rsquo;un utilisateur a r\u00e9ussi \u00e0 d\u00e9passer les rigueurs du test de v\u00e9rification, il est rapidement accord\u00e9 un acc\u00e8s sans restriction et sans entrave au contenu convoit\u00e9, assurant ainsi incontestablement une exp\u00e9rience de site Web sans tracas et sans tracas pour les propri\u00e9taires de sites Web estim\u00e9s et les propri\u00e9taires de sites Web et les propri\u00e9taires de sites Web et les propri\u00e9taires de sites Web et les propri\u00e9taires de sites Web et les propri\u00e9taires de sites Web et les propri\u00e9taires de sites Web et les propri\u00e9taires de sites Web et les propri\u00e9taires de sites Web et les propri\u00e9taires de sites Web et les propri\u00e9taires de sites Web et les propri\u00e9taires de sites Web et les propri\u00e9taires de site visiteurs estim\u00e9s. En r\u00e9sum\u00e9, il est irr\u00e9futablement \u00e9vident que la v\u00e9rification de Math Math Restrict Content Pro constitue un outil indispensable et inestimable pour tout individu exigeant \u00e0 la recherche de la fortification de l&rsquo;inviolabilit\u00e9 du contenu de son site Web estim\u00e9, tout en garantissant simultan\u00e9ment une rencontre avec un utilisateur absolument agr\u00e9able et sans \u00e9quivoque.<\/p>\n<ul>\n<li>Am\u00e9lioration de la s\u00e9curit\u00e9 du contenu du site Web<\/li>\n<li>Technologie avanc\u00e9e de v\u00e9rification des math\u00e9matiques pour emp\u00eacher les robots de spam et les fausses inscriptions<\/li>\n<li>Questions math\u00e9matiques personnalisables et niveaux de difficult\u00e9 pour une s\u00e9curit\u00e9 suppl\u00e9mentaire<\/li>\n<li>Int\u00e9gration facile avec le plugin d&rsquo;adh\u00e9sion \u00e0 Content Pro restrictif<\/li>\n<li>Exp\u00e9rience utilisateur sans couture sans interrompre le processus d&rsquo;enregistrement<\/li>\n<li>Aucune connaissance de codage requise, processus de configuration simple<\/li>\n<li>Support client fiable et rapide de Restrict Content Pro Team<\/li>\n<li>Prix \u200b\u200bcomp\u00e9titifs pour une mesure de s\u00e9curit\u00e9 tr\u00e8s efficace<\/li>\n<li>Compatible avec une vari\u00e9t\u00e9 de th\u00e8mes et de plugins WordPress.<\/li>\n<\/ul>\n","protected":false},"excerpt":{"rendered":"<p>Le plugin de v\u00e9rification Math Math Restrict, malgr\u00e9 sa simplicit\u00e9, poss\u00e8de une puissance consid\u00e9rable qui peut \u00eatre exploit\u00e9e par les propri\u00e9taires de sites Web cherchant \u00e0 prot\u00e9ger leur contenu contre le spam et l&rsquo;entr\u00e9e non autoris\u00e9e. En incorporant un \u00e9l\u00e9ment de v\u00e9rification math\u00e9matique dans vos formulaires de connexion et d&rsquo;enregistrement, ce plugin oblige les utilisateurs \u00e0 r\u00e9soudre un probl\u00e8me math\u00e9matique rudimentaire avant d&rsquo;avoir acc\u00e8s \u00e0 votre contenu. Cette \u00e9tape fondamentale contrecarte efficacement les bots automatis\u00e9s de l&rsquo;infiltration de votre site, garantissant ainsi que seuls les v\u00e9ritables utilisateurs humains peuvent parcourir votre contenu. Avec son interface conviviale, ses options personnalisables et ses fonctionnalit\u00e9s in\u00e9branlables, le plugin de v\u00e9rification de math\u00e9matiques du contenu restrictif est un choix exceptionnel pour les personnes d\u00e9sireuses de fortifier les mesures de s\u00e9curit\u00e9 de leur site Web et de prot\u00e9ger leur contenu inestimable \u00e0 partir de menaces potentielles.<\/p>\n","protected":false},"featured_media":145122,"comment_status":"open","ping_status":"open","template":"","meta":[],"product_brand":[2644],"product_cat":[1187,1181,1186],"product_tag":[1488],"class_list":{"0":"post-111743","1":"product","2":"type-product","3":"status-publish","4":"has-post-thumbnail","6":"product_brand-restirct-content","7":"product_cat-administration-wordpress-plugins","8":"product_cat-plugins","9":"product_cat-wordpress-plugins","10":"product_tag-restirct-content","11":"member-discount","12":"discount-restricted","14":"first","15":"instock","16":"sale","17":"downloadable","18":"virtual","19":"sold-individually","20":"purchasable","21":"product-type-simple"},"_links":{"self":[{"href":"https:\/\/gpl-love.com\/fr\/wp-json\/wp\/v2\/product\/111743","targetHints":{"allow":["GET"]}}],"collection":[{"href":"https:\/\/gpl-love.com\/fr\/wp-json\/wp\/v2\/product"}],"about":[{"href":"https:\/\/gpl-love.com\/fr\/wp-json\/wp\/v2\/types\/product"}],"replies":[{"embeddable":true,"href":"https:\/\/gpl-love.com\/fr\/wp-json\/wp\/v2\/comments?post=111743"}],"wp:featuredmedia":[{"embeddable":true,"href":"https:\/\/gpl-love.com\/fr\/wp-json\/wp\/v2\/media\/145122"}],"wp:attachment":[{"href":"https:\/\/gpl-love.com\/fr\/wp-json\/wp\/v2\/media?parent=111743"}],"wp:term":[{"taxonomy":"product_brand","embeddable":true,"href":"https:\/\/gpl-love.com\/fr\/wp-json\/wp\/v2\/product_brand?post=111743"},{"taxonomy":"product_cat","embeddable":true,"href":"https:\/\/gpl-love.com\/fr\/wp-json\/wp\/v2\/product_cat?post=111743"},{"taxonomy":"product_tag","embeddable":true,"href":"https:\/\/gpl-love.com\/fr\/wp-json\/wp\/v2\/product_tag?post=111743"}],"curies":[{"name":"wp","href":"https:\/\/api.w.org\/{rel}","templated":true}]}}