{"id":111741,"date":"2025-12-15T00:00:00","date_gmt":"2025-12-14T23:00:00","guid":{"rendered":"http:\/\/gpl-love.com\/fr\/produit\/restrict-content-pro-mailchimp-pro\/"},"modified":"2026-03-20T23:33:51","modified_gmt":"2026-03-20T22:33:51","slug":"restrict-content-pro-mailchimp-pro","status":"publish","type":"product","link":"https:\/\/gpl-love.com\/fr\/produit\/restrict-content-pro-mailchimp-pro\/","title":{"rendered":"Restrict Content Pro MailChimp Pro 1.5.3"},"content":{"rendered":"<h3>Restrict Content Pro MailChimp Pro Traits<\/h3>\n<p>Restriver le contenu MailChimp Pro de Content Pro est un outil incroyablement robuste et efficace qui vous offre la capacit\u00e9 d&rsquo;int\u00e9grer de mani\u00e8re transparente vos campagnes de marketing par e-mail \u00e0 votre syst\u00e8me de gestion d&rsquo;abonnement. En utilisant ce plugin, vous pouvez ajouter sans effort et automatiquement vos pr\u00e9cieux abonn\u00e9s \u00e0 vos listes MailChimp, garantissant ainsi qu&rsquo;ils sont constamment mis \u00e0 jour sur les nouvelles et les offres les plus r\u00e9centes et pertinentes de votre organisation. En outre, ce plugin exceptionnel vous permet \u00e9galement d&rsquo;\u00e9tablir des notifications par e-mail personnalis\u00e9es et personnalis\u00e9es sp\u00e9cifiquement adapt\u00e9es \u00e0 vos abonn\u00e9s, en tenant compte de leur statut ou de leur activit\u00e9 d&rsquo;abonnement unique. Cette fonctionnalit\u00e9 inestimable non seulement favorise et maintient l&rsquo;engagement et l&rsquo;int\u00e9r\u00eat de vos abonn\u00e9s, mais vous fournit \u00e9galement des informations inestimables sur les pr\u00e9f\u00e9rences et les comportements de votre public estim\u00e9. Par cons\u00e9quent, que vous soyez un blogueur distingu\u00e9, un sp\u00e9cialiste du marketing chevronn\u00e9 ou un propri\u00e9taire d&rsquo;entreprise visionnaire, l&rsquo;utilisation de MailChimp Pro est une n\u00e9cessit\u00e9 absolue afin d&rsquo;optimiser et de maximiser la valeur et le potentiel inh\u00e9rents de votre liste d&rsquo;abonn\u00e9s tr\u00e8s appr\u00e9ci\u00e9e.<\/p>\n<ul>\n<li>Int\u00e9grer de mani\u00e8re transparente Restrict Content Pro et MailChimp Pro<\/li>\n<li>Automatiser l&rsquo;enregistrement des utilisateurs et les processus d&rsquo;abonnement par e-mail<\/li>\n<li>Cibler des groupes d&rsquo;utilisateurs sp\u00e9cifiques avec du contenu et des campagnes personnalis\u00e9s<\/li>\n<li>\u00c9conomisez du temps et des efforts en automatisant la gestion de la liste de diffusion<\/li>\n<li>Augmenter l&rsquo;engagement et la r\u00e9tention des utilisateurs en livrant un contenu pertinent<\/li>\n<li>Gardez une trace des performances des e-mails avec des analyses d\u00e9taill\u00e9es et des rapports<\/li>\n<li>Personnaliser les mod\u00e8les et les conceptions de messagerie pour refl\u00e9ter l&rsquo;identit\u00e9 et la messagerie de la marque<\/li>\n<li>Restez conforme au RGPD et \u00e0 d&rsquo;autres r\u00e9glementations de protection des donn\u00e9es<\/li>\n<li>Flexibilit\u00e9 pour activer \/ d\u00e9sactiver les fonctionnalit\u00e9s et les param\u00e8tres pour r\u00e9pondre \u00e0 vos besoins<\/li>\n<\/ul>\n","protected":false},"excerpt":{"rendered":"<p>Nous sommes heureux d&rsquo;introduire l&rsquo;outil tr\u00e8s avanc\u00e9 et complet connu sous le nom de restriction du contenu Pro Mailchimp Pro, qui est sp\u00e9cialement con\u00e7u pour int\u00e9grer de mani\u00e8re transparente le marketing par e-mail dans votre site d&rsquo;adh\u00e9sion. En utilisant ce plugin exceptionnel, vous pourrez \u00e9tablir sans effort une connexion entre votre compte MailChimp et votre site d&rsquo;adh\u00e9sion \u00e0 Content Pro Restricter, vous permettant ainsi d&rsquo;automatiser vos campagnes d&rsquo;e-mail. L&rsquo;une des fonctionnalit\u00e9s remarquables de ce plugin est sa capacit\u00e9 \u00e0 envoyer des e-mails personnalis\u00e9s et cibl\u00e9s \u00e0 vos abonn\u00e9s, en fonction de divers facteurs tels que leur niveau d&rsquo;adh\u00e9sion, les progr\u00e8s des cours ou tout autre champ personnalis\u00e9. Ce plugin in\u00e9gal\u00e9 simplifie le processus d&rsquo;am\u00e9lioration de l&rsquo;engagement, d&rsquo;\u00e9largir votre liste de diffusion et, finalement, \u00e0 g\u00e9n\u00e9rer plus de ventes. N&rsquo;h\u00e9sitez plus &#8211; lancez ce voyage passionnant aujourd&rsquo;hui et \u00e9levez vos efforts de marketing par e-mail \u00e0 des hauteurs sans pr\u00e9c\u00e9dent avec restreindre le contenu pro Mailchimp Pro.<\/p>\n","protected":false},"featured_media":145121,"comment_status":"open","ping_status":"open","template":"","meta":[],"product_brand":[2644],"product_cat":[1189,1181,1186],"product_tag":[1488],"class_list":{"0":"post-111741","1":"product","2":"type-product","3":"status-publish","4":"has-post-thumbnail","6":"product_brand-restirct-content","7":"product_cat-personnalisation","8":"product_cat-plugins","9":"product_cat-wordpress-plugins","10":"product_tag-restirct-content","11":"member-discount","12":"discount-restricted","14":"first","15":"instock","16":"sale","17":"downloadable","18":"virtual","19":"sold-individually","20":"purchasable","21":"product-type-simple"},"_links":{"self":[{"href":"https:\/\/gpl-love.com\/fr\/wp-json\/wp\/v2\/product\/111741","targetHints":{"allow":["GET"]}}],"collection":[{"href":"https:\/\/gpl-love.com\/fr\/wp-json\/wp\/v2\/product"}],"about":[{"href":"https:\/\/gpl-love.com\/fr\/wp-json\/wp\/v2\/types\/product"}],"replies":[{"embeddable":true,"href":"https:\/\/gpl-love.com\/fr\/wp-json\/wp\/v2\/comments?post=111741"}],"wp:featuredmedia":[{"embeddable":true,"href":"https:\/\/gpl-love.com\/fr\/wp-json\/wp\/v2\/media\/145121"}],"wp:attachment":[{"href":"https:\/\/gpl-love.com\/fr\/wp-json\/wp\/v2\/media?parent=111741"}],"wp:term":[{"taxonomy":"product_brand","embeddable":true,"href":"https:\/\/gpl-love.com\/fr\/wp-json\/wp\/v2\/product_brand?post=111741"},{"taxonomy":"product_cat","embeddable":true,"href":"https:\/\/gpl-love.com\/fr\/wp-json\/wp\/v2\/product_cat?post=111741"},{"taxonomy":"product_tag","embeddable":true,"href":"https:\/\/gpl-love.com\/fr\/wp-json\/wp\/v2\/product_tag?post=111741"}],"curies":[{"name":"wp","href":"https:\/\/api.w.org\/{rel}","templated":true}]}}