{"id":111739,"date":"2021-02-09T00:00:00","date_gmt":"2021-02-08T23:00:00","guid":{"rendered":"http:\/\/gpl-love.com\/fr\/produit\/restrict-content-pro-ip-restriction\/"},"modified":"2026-04-10T18:38:11","modified_gmt":"2026-04-10T16:38:11","slug":"restrict-content-pro-ip-restriction","status":"publish","type":"product","link":"https:\/\/gpl-love.com\/fr\/produit\/restrict-content-pro-ip-restriction\/","title":{"rendered":"Restrict Content Pro IP Restriction 1.2.8"},"content":{"rendered":"<h3>Restrict Content Pro IP Restriction Traits<\/h3>\n<p>L&rsquo;utilisation de la restriction de prolongation de contenu restreint constitue un outil extr\u00eamement formidable qui permet aux propri\u00e9taires de sites Web la possibilit\u00e9 de limiter l&rsquo;acc\u00e8s \u00e0 leur contenu ch\u00e9ri uniquement \u00e0 partir d&rsquo;adresses IP d\u00e9sign\u00e9es. Ce plugin remarquablement efficace et robuste conf\u00e8re l&rsquo;administrateur du site Web avec la capacit\u00e9 de fabriquer une liste m\u00e9ticuleuse compos\u00e9e d&rsquo;adresses IP qui sont interdites sans \u00e9quivoque d&rsquo;acc\u00e8s au contenu susmentionn\u00e9. Gr\u00e2ce \u00e0 la mise en \u0153uvre de cette remarquable innovation technologique, on peut effectivement \u00e9viter la prolif\u00e9ration malveillante du contenu pirat\u00e9, contrecarrer les efforts insidieux des robots ou des spammeurs superflus et prot\u00e9ger les actifs num\u00e9riques inestimables qui font partie int\u00e9grante de son site Web. En outre, la compatibilit\u00e9 transparente et l&rsquo;int\u00e9gration sans effort avec le plugin Restrict Content Pro contribuent \u00e0 sa nature conviviale, ce qui le rend extraordinairement facile \u00e0 installer et \u00e0 employer. En se pr\u00e9voyant de ce plugin de restriction IP de pointe, on peut garantir que de simples utilisateurs autoris\u00e9s ont le privil\u00e8ge de participer \u00e0 la corne d&rsquo;abondance abondante d&rsquo;un contenu pr\u00e9cieux qui est offert. Sans aucun doute, cet appareil indispensable est une ressource inestimable pour toute entreprise commerciale en ligne engag\u00e9e sans rel\u00e2che \u00e0 garder le caract\u00e8re sacr\u00e9 de son contenu num\u00e9rique et \u00e0 maintenir sa r\u00e9putation vierge.<\/p>\n<ul>\n<li>Limite l&rsquo;acc\u00e8s au contenu de votre site Web par des adresses IP sp\u00e9cifi\u00e9es<\/li>\n<li>Fournit une couche de s\u00e9curit\u00e9 suppl\u00e9mentaire pour des informations et des pages sensibles<\/li>\n<li>Permet la personnalisation des restrictions de contenu par la gamme IP ou les adresses individuelles<\/li>\n<li>Peut \u00eatre configur\u00e9 facilement via l&rsquo;interface de plugin de contenu Pro restrictif<\/li>\n<li>Compatible avec une grande vari\u00e9t\u00e9 de th\u00e8mes et plugins WordPress<\/li>\n<li>Fournit des messages d&rsquo;erreur d\u00e9taill\u00e9s pour les utilisateurs qui sont emp\u00each\u00e9s d&rsquo;acc\u00e8s \u00e0 un contenu restreint<\/li>\n<li>Aide \u00e0 pr\u00e9venir l&rsquo;acc\u00e8s non autoris\u00e9 au contenu de votre site Web par des parties externes<\/li>\n<li>Peut \u00eatre utilis\u00e9 conjointement avec d&rsquo;autres mesures de s\u00e9curit\u00e9 pour une protection suppl\u00e9mentaire<\/li>\n<li>Afficher les messages personnalis\u00e9s aux utilisateurs selon qu&rsquo;ils sont autoris\u00e9s \u00e0 acc\u00e9der ou non \u00e0 un contenu en fonction de leur adresse IP<\/li>\n<li>Fournit un contr\u00f4le granulaire sur qui peut acc\u00e9der \u00e0 certaines parties de votre site Web, garantissant que seules les bonnes personnes peuvent afficher des informations sensibles.<\/li>\n<\/ul>\n","protected":false},"excerpt":{"rendered":"<p>La restriction de r\u00e9duction du contenu est un outil extr\u00eamement pr\u00e9cieux que les administrateurs de sites Web peuvent utiliser pour augmenter leurs mesures de s\u00e9curit\u00e9 de mani\u00e8re tr\u00e8s efficace. En tirant parti des prouesses de ce puissant plugin, vous avez la possibilit\u00e9 d&rsquo;exercer un contr\u00f4le complet sur l&rsquo;acc\u00e8s \u00e0 votre site Web en imposant des restrictions strictes \u00e0 des adresses IP sp\u00e9cifiques ou m\u00eame \u00e0 de vastes gammes de celles-ci. Une telle approche compl\u00e8te sert non seulement de formidable sauvegarde contre un acc\u00e8s non autoris\u00e9 \u00e0 votre contenu pr\u00e9cieux, mais il vous permet \u00e9galement de contrecarrer l&rsquo;infiltration du spam et de fortifier vos d\u00e9fenses contre des pirates malveillants qui peuvent chercher \u00e0 violer la saintet\u00e9 de votre site. Le processus d&rsquo;installation de cet outil exceptionnel est rapide et simple, tandis que l&rsquo;interface conviviale vous accorde la flexibilit\u00e9 pour se lancer dans des efforts de personnalisation avanc\u00e9s. Essentiellement, la restriction du contenu restreint du contenu est un compl\u00e9ment indispensable qui m\u00e9rite l&rsquo;attention et la consid\u00e9ration de toutes les personnes exigeantes qui d\u00e9tiennent un v\u00e9ritable int\u00e9r\u00eat \u00e0 pr\u00e9server l&rsquo;int\u00e9grit\u00e9 et la s\u00e9curit\u00e9 de leurs sites Web estim\u00e9s.<\/p>\n","protected":false},"featured_media":145120,"comment_status":"open","ping_status":"open","template":"","meta":[],"product_brand":[2644],"product_cat":[1207,1181,1186],"product_tag":[1488],"class_list":{"0":"post-111739","1":"product","2":"type-product","3":"status-publish","4":"has-post-thumbnail","6":"product_brand-restirct-content","7":"product_cat-commercialisation-wordpress-plugins","8":"product_cat-plugins","9":"product_cat-wordpress-plugins","10":"product_tag-restirct-content","11":"member-discount","12":"discount-restricted","14":"first","15":"instock","16":"sale","17":"downloadable","18":"virtual","19":"sold-individually","20":"purchasable","21":"product-type-simple"},"_links":{"self":[{"href":"https:\/\/gpl-love.com\/fr\/wp-json\/wp\/v2\/product\/111739","targetHints":{"allow":["GET"]}}],"collection":[{"href":"https:\/\/gpl-love.com\/fr\/wp-json\/wp\/v2\/product"}],"about":[{"href":"https:\/\/gpl-love.com\/fr\/wp-json\/wp\/v2\/types\/product"}],"replies":[{"embeddable":true,"href":"https:\/\/gpl-love.com\/fr\/wp-json\/wp\/v2\/comments?post=111739"}],"wp:featuredmedia":[{"embeddable":true,"href":"https:\/\/gpl-love.com\/fr\/wp-json\/wp\/v2\/media\/145120"}],"wp:attachment":[{"href":"https:\/\/gpl-love.com\/fr\/wp-json\/wp\/v2\/media?parent=111739"}],"wp:term":[{"taxonomy":"product_brand","embeddable":true,"href":"https:\/\/gpl-love.com\/fr\/wp-json\/wp\/v2\/product_brand?post=111739"},{"taxonomy":"product_cat","embeddable":true,"href":"https:\/\/gpl-love.com\/fr\/wp-json\/wp\/v2\/product_cat?post=111739"},{"taxonomy":"product_tag","embeddable":true,"href":"https:\/\/gpl-love.com\/fr\/wp-json\/wp\/v2\/product_tag?post=111739"}],"curies":[{"name":"wp","href":"https:\/\/api.w.org\/{rel}","templated":true}]}}