{"id":111737,"date":"2021-02-10T00:00:00","date_gmt":"2021-02-09T23:00:00","guid":{"rendered":"http:\/\/gpl-love.com\/fr\/produit\/restrict-content-pro-help-scout\/"},"modified":"2026-04-10T18:38:10","modified_gmt":"2026-04-10T16:38:10","slug":"restrict-content-pro-help-scout","status":"publish","type":"product","link":"https:\/\/gpl-love.com\/fr\/produit\/restrict-content-pro-help-scout\/","title":{"rendered":"Restrict Content Pro Help Scout 1.0.4"},"content":{"rendered":"<h3>Restrict Content Pro Help Scout Traits<\/h3>\n<p>Le compl\u00e9ment de Help Scout pour restreindre le contenu Pro est un outil incroyablement robuste et efficace qui s&rsquo;int\u00e8gre de mani\u00e8re transparente au plugin d&rsquo;adh\u00e9sion de Content Pro populaire. Ce module compl\u00e9mentaire remarquable permet aux clients de fusionner sans effort leur site d&rsquo;adh\u00e9sion avec Help Scout, qui est largement reconnu comme un logiciel de support client de haut niveau. En tirant parti de cette int\u00e9gration, les clients sont en mesure de superviser et de g\u00e9rer sans effort les billets de support client de leur site d&rsquo;adh\u00e9sion directement \u00e0 partir du tableau de bord tr\u00e8s intuitif de Help Scout. Cette fonctionnalit\u00e9 inestimable fonctionne pour rationaliser et optimiser les processus de support client, ce qui a entra\u00een\u00e9 des temps de r\u00e9ponse consid\u00e9rablement am\u00e9lior\u00e9s qui contribuent sans aucun doute \u00e0 des clients beaucoup plus heureux et plus satisfaits. De plus, le compl\u00e9ment de contenu Pro Aider Scout offre l&rsquo;avantage suppl\u00e9mentaire de fournir des informations clients compl\u00e8tes et d\u00e9taill\u00e9es, ainsi que des donn\u00e9es d&rsquo;achat, directement dans la plate-forme Help Scout. Cette capacit\u00e9 inestimable permet aux \u00e9quipes d&rsquo;assistance de mieux comprendre les besoins uniques de leurs clients et de r\u00e9soudre tout probl\u00e8me ou pr\u00e9occupation de mani\u00e8re plus efficace et efficace. Dans l&rsquo;ensemble, il est ind\u00e9niable que ce module compl\u00e9mentaire est un choix exceptionnel et tr\u00e8s avantageux pour les propri\u00e9taires de sites d&rsquo;adh\u00e9sion qui cherchent \u00e0 \u00e9lever et \u00e0 am\u00e9liorer leurs capacit\u00e9s de support client \u00e0 des niveaux sans pr\u00e9c\u00e9dent.<\/p>\n<ul>\n<li>S&rsquo;int\u00e8gre parfaitement \u00e0 Help Scout pour fournir un support client rationalis\u00e9<\/li>\n<li>Vous permet de restreindre l&rsquo;acc\u00e8s \u00e0 certains contenus pour diff\u00e9rents types d&rsquo;utilisateurs<\/li>\n<li>Fournit des rapports d\u00e9taill\u00e9s sur l&rsquo;activit\u00e9 des utilisateurs et les vues de contenu<\/li>\n<li>G\u00e8re en toute s\u00e9curit\u00e9 les plans de paiement et d&rsquo;abonnement pour votre contenu restreint<\/li>\n<li>Comprend des notifications par e-mail personnalisables pour tenir les utilisateurs inform\u00e9s<\/li>\n<li>S&rsquo;int\u00e8gre \u00e0 d&rsquo;autres plugins WordPress populaires, tels que les formulaires WooCommerce et Gravity<\/li>\n<li>Offre un support client sup\u00e9rieur et une base de connaissances compl\u00e8te pour le d\u00e9pannage des probl\u00e8mes<\/li>\n<\/ul>\n","protected":false},"excerpt":{"rendered":"<p>L&rsquo;int\u00e9gration de votre site d&rsquo;adh\u00e9sion avec la plate-forme de service client bien connu, Help Scout, est rendue possible via l&rsquo;outil indispensable connu sous le nom de restriction du contenu pro-scout. En incorporant ce module compl\u00e9mentaire dans votre site, vous \u00eates \u00e9quip\u00e9 de la possibilit\u00e9 d&rsquo;\u00e9tablir sans effort un bureau de support complet exclusivement pour vos pr\u00e9cieux membres. La fonctionnalit\u00e9 de ce module compl\u00e9mentaire vous permet de g\u00e9rer et de r\u00e9pondre efficacement aux demandes faites par vos membres, garantissant que leurs besoins sont rapidement satisfaits avec un support client exceptionnel. De plus, le module compl\u00e9mentaire fournit la fonctionnalit\u00e9 inestimable de la restriction d&rsquo;acc\u00e8s, garantissant que seuls les membres payants sont accord\u00e9s \u00e0 l&rsquo;entr\u00e9e au bureau d&rsquo;assistance. En outre, une documentation compl\u00e8te est fournie, offrant des instructions d\u00e9taill\u00e9es sur la fa\u00e7on de configurer et d&rsquo;utiliser cet outil exceptionnel. En exploitant le pouvoir de restreindre le contenu Pro en conjonction avec Help Scout, vous avez la possibilit\u00e9 de favoriser une r\u00e9tention et une fid\u00e9lit\u00e9 accrues des membres, tout cela gr\u00e2ce \u00e0 la fourniture d&rsquo;un support client in\u00e9gal\u00e9.<\/p>\n","protected":false},"featured_media":145119,"comment_status":"open","ping_status":"open","template":"","meta":[],"product_brand":[2644],"product_cat":[1300,1181,1186],"product_tag":[1488],"class_list":{"0":"post-111737","1":"product","2":"type-product","3":"status-publish","4":"has-post-thumbnail","6":"product_brand-restirct-content","7":"product_cat-adhesion","8":"product_cat-plugins","9":"product_cat-wordpress-plugins","10":"product_tag-restirct-content","11":"member-discount","12":"discount-restricted","14":"first","15":"instock","16":"sale","17":"downloadable","18":"virtual","19":"sold-individually","20":"purchasable","21":"product-type-simple"},"_links":{"self":[{"href":"https:\/\/gpl-love.com\/fr\/wp-json\/wp\/v2\/product\/111737","targetHints":{"allow":["GET"]}}],"collection":[{"href":"https:\/\/gpl-love.com\/fr\/wp-json\/wp\/v2\/product"}],"about":[{"href":"https:\/\/gpl-love.com\/fr\/wp-json\/wp\/v2\/types\/product"}],"replies":[{"embeddable":true,"href":"https:\/\/gpl-love.com\/fr\/wp-json\/wp\/v2\/comments?post=111737"}],"wp:featuredmedia":[{"embeddable":true,"href":"https:\/\/gpl-love.com\/fr\/wp-json\/wp\/v2\/media\/145119"}],"wp:attachment":[{"href":"https:\/\/gpl-love.com\/fr\/wp-json\/wp\/v2\/media?parent=111737"}],"wp:term":[{"taxonomy":"product_brand","embeddable":true,"href":"https:\/\/gpl-love.com\/fr\/wp-json\/wp\/v2\/product_brand?post=111737"},{"taxonomy":"product_cat","embeddable":true,"href":"https:\/\/gpl-love.com\/fr\/wp-json\/wp\/v2\/product_cat?post=111737"},{"taxonomy":"product_tag","embeddable":true,"href":"https:\/\/gpl-love.com\/fr\/wp-json\/wp\/v2\/product_tag?post=111737"}],"curies":[{"name":"wp","href":"https:\/\/api.w.org\/{rel}","templated":true}]}}