{"id":111735,"date":"2021-02-09T00:00:00","date_gmt":"2021-02-08T23:00:00","guid":{"rendered":"http:\/\/gpl-love.com\/fr\/produit\/restrict-content-pro-hard-expiration-dates\/"},"modified":"2026-04-10T18:38:09","modified_gmt":"2026-04-10T16:38:09","slug":"restrict-content-pro-hard-expiration-dates","status":"publish","type":"product","link":"https:\/\/gpl-love.com\/fr\/produit\/restrict-content-pro-hard-expiration-dates\/","title":{"rendered":"Restrict Content Pro Hard Expiration Dates 1.1.4"},"content":{"rendered":"<h3>Restrict Content Pro Hard Expiration Dates Traits<\/h3>\n<p>Restriver Content Pro Hard Expiration Dates est un plugin exceptionnellement puissant qui accorde aux propri\u00e9taires de sites Web la capacit\u00e9 extraordinaire \u00e0 \u00e9tablir des dates d&rsquo;expiration robustes pour leur contenu inestimable. En mettant en \u0153uvre ce plugin remarquable, on peut impliquer sans effort des restrictions \u00e0 un contenu sp\u00e9cifique sur leur site Web, m\u00e9ticuleusement bas\u00e9 sur des d\u00e9lais pr\u00e9d\u00e9termin\u00e9s. Par cons\u00e9quent, cette caract\u00e9ristique ph\u00e9nom\u00e9nale le rend particuli\u00e8rement avantageux pour les entreprises qui offrent des abonnements ou des services limit\u00e9s au temps. De plus, le plugin s&rsquo;int\u00e8gre de mani\u00e8re transparente dans votre site Web, en facilitant un processus d&rsquo;installation sans tracas. Il poss\u00e8de une interface utilisateur tr\u00e8s intuitive, simplifiant ainsi les proc\u00e9dures de configuration et de gestion pour m\u00eame les individus les moins avertis en technologie. Notamment, ce plugin exceptionnel pr\u00e9sente \u00e9galement une multitude de fonctionnalit\u00e9s avanc\u00e9es, y compris la fourniture de notifications par e-mail, de rappels et d&rsquo;options de renouvellement automatis\u00e9es. Par cons\u00e9quent, il s&rsquo;agit d&rsquo;un choix superlatif pour quiconque s&rsquo;efforce de fortifier la s\u00e9curit\u00e9 et d&rsquo;\u00e9lever l&rsquo;exp\u00e9rience utilisateur sur son site Web. En r\u00e9sum\u00e9, restreindre les dates d&rsquo;expiration du contenu pro est un plugin indispensable, une n\u00e9cessit\u00e9 absolue pour ceux qui se sont engag\u00e9s \u00e0 prot\u00e9ger leur contenu pr\u00e9cieux et \u00e0 garantir son accessibilit\u00e9 exclusive uniquement aux utilisateurs autoris\u00e9s.<\/p>\n<ul>\n<li>Offre la possibilit\u00e9 de d\u00e9finir des dates d&rsquo;expiration dures pour l&rsquo;acc\u00e8s au contenu<\/li>\n<li>S&rsquo;assure que les utilisateurs ayant un acc\u00e8s expir\u00e9 ne pourront plus afficher le contenu<\/li>\n<li>Aide \u00e0 maintenir la s\u00e9curit\u00e9 du contenu en emp\u00eachant un acc\u00e8s non autoris\u00e9<\/li>\n<li>Offre une flexibilit\u00e9 dans la d\u00e9finition des dates d&rsquo;expiration pour diff\u00e9rents types de contenu<\/li>\n<li>Facile \u00e0 utiliser et \u00e0 int\u00e9grer avec le plugin Pro Restricter Content Pro<\/li>\n<li>Fournit une exp\u00e9rience utilisateur sans couture en informant les utilisateurs de l&rsquo;approche des dates d&rsquo;expiration<\/li>\n<li>Param\u00e8tres de notification personnalisables pour la communication personnalis\u00e9e avec les utilisateurs<\/li>\n<li>Compatible avec une vari\u00e9t\u00e9 de passerelles de paiement et de niveaux d&rsquo;adh\u00e9sion<\/li>\n<li>Gave le temps et les efforts pour g\u00e9rer l&rsquo;acc\u00e8s manuel du contenu.<\/li>\n<\/ul>\n","protected":false},"excerpt":{"rendered":"<p>Avec la mise en \u0153uvre du plugin de dates d&rsquo;expiration dure Restrict Content Pro, vous pouvez prot\u00e9ger efficacement votre contenu pr\u00e9cieux en imposant des dates d&rsquo;expiration de l&rsquo;entreprise, ne lui restreignant ainsi l&rsquo;acc\u00e8s que dans un d\u00e9lai sp\u00e9cifi\u00e9. Cet outil remarquable offre des messages personnalisables et des param\u00e8tres polyvalents, vous accordant un contr\u00f4le sans effort sur votre contenu et garantissant son accessibilit\u00e9 uniquement aux personnes qui en ont besoin. Que votre objectif se rapporte \u00e0 prot\u00e9ger votre contenu pr\u00e9cieux de parties non autoris\u00e9es ou \u00e0 affirmer simplement l&rsquo;autorit\u00e9 sur son t\u00e9l\u00e9spectateur, l&rsquo;utilisation du plugin de dates d&rsquo;expiration durs de contenu restreint est indispensable pour tout cr\u00e9ateur de contenu discernant.<\/p>\n","protected":false},"featured_media":145118,"comment_status":"open","ping_status":"open","template":"","meta":[],"product_brand":[2644],"product_cat":[1189,1181,1186],"product_tag":[1488],"class_list":{"0":"post-111735","1":"product","2":"type-product","3":"status-publish","4":"has-post-thumbnail","6":"product_brand-restirct-content","7":"product_cat-personnalisation","8":"product_cat-plugins","9":"product_cat-wordpress-plugins","10":"product_tag-restirct-content","11":"member-discount","12":"discount-restricted","14":"first","15":"instock","16":"sale","17":"downloadable","18":"virtual","19":"sold-individually","20":"purchasable","21":"product-type-simple"},"_links":{"self":[{"href":"https:\/\/gpl-love.com\/fr\/wp-json\/wp\/v2\/product\/111735","targetHints":{"allow":["GET"]}}],"collection":[{"href":"https:\/\/gpl-love.com\/fr\/wp-json\/wp\/v2\/product"}],"about":[{"href":"https:\/\/gpl-love.com\/fr\/wp-json\/wp\/v2\/types\/product"}],"replies":[{"embeddable":true,"href":"https:\/\/gpl-love.com\/fr\/wp-json\/wp\/v2\/comments?post=111735"}],"wp:featuredmedia":[{"embeddable":true,"href":"https:\/\/gpl-love.com\/fr\/wp-json\/wp\/v2\/media\/145118"}],"wp:attachment":[{"href":"https:\/\/gpl-love.com\/fr\/wp-json\/wp\/v2\/media?parent=111735"}],"wp:term":[{"taxonomy":"product_brand","embeddable":true,"href":"https:\/\/gpl-love.com\/fr\/wp-json\/wp\/v2\/product_brand?post=111735"},{"taxonomy":"product_cat","embeddable":true,"href":"https:\/\/gpl-love.com\/fr\/wp-json\/wp\/v2\/product_cat?post=111735"},{"taxonomy":"product_tag","embeddable":true,"href":"https:\/\/gpl-love.com\/fr\/wp-json\/wp\/v2\/product_tag?post=111735"}],"curies":[{"name":"wp","href":"https:\/\/api.w.org\/{rel}","templated":true}]}}