{"id":111731,"date":"2021-02-09T00:00:00","date_gmt":"2021-02-08T23:00:00","guid":{"rendered":"http:\/\/gpl-love.com\/fr\/produit\/restrict-content-pro-drip-content\/"},"modified":"2026-04-10T18:38:08","modified_gmt":"2026-04-10T16:38:08","slug":"restrict-content-pro-drip-content","status":"publish","type":"product","link":"https:\/\/gpl-love.com\/fr\/produit\/restrict-content-pro-drip-content\/","title":{"rendered":"Restrict Content Pro Drip Content 1.0.7"},"content":{"rendered":"<h3>Restrict Content Pro Drip Content Traits<\/h3>\n<p>Le contenu du contenu du contenu est un outil tr\u00e8s robuste et convivial qui r\u00e9pond aux besoins des propri\u00e9taires de sites Web qui souhaitent fournir \u00e0 leurs utilisateurs un contenu exceptionnel et pr\u00e9cieux. La caract\u00e9ristique ing\u00e9nieuse du contenu DRIP permet aux propri\u00e9taires de sites Web de divulguer progressivement leur contenu, donnant ainsi \u00e0 leur public un afflux constant de nouveaux documents sur une p\u00e9riode prolong\u00e9e. Cet attribut particulier s&rsquo;av\u00e8re remarquablement avantageux, en particulier pour les plateformes offrant des cours en ligne, des sites d&rsquo;adh\u00e9sion et d&rsquo;autres sites Web bas\u00e9s sur l&rsquo;abonnement. En tirant parti des capacit\u00e9s de restreindre le contenu du contenu pro-DRIP, vous pouvez concevoir astucieusement des horaires personnalis\u00e9s pour la publication de votre contenu, assurant ainsi un sentiment d&rsquo;anticipation perp\u00e9tuel pour votre public estim\u00e9. De plus, le plugin s&rsquo;int\u00e8gre de mani\u00e8re transparente \u00e0 d&rsquo;autres fonctionnalit\u00e9s remarquables de restreindre le contenu Pro, telles que les options de paiement et la gestion des utilisateurs. Que votre objectif principal soit de mon\u00e9tiser efficacement votre contenu ou de r\u00e9pondre \u00e0 une exp\u00e9rience utilisateur plus adapt\u00e9e, le contenu du contenu restricte se distingue sans aucun doute comme un outil indispensable pour tout propri\u00e9taire de site Web exigeant.<\/p>\n<ul>\n<li>Restreindre en toute s\u00e9curit\u00e9 l&rsquo;acc\u00e8s au contenu premium sur votre site Web<\/li>\n<li>Autant automatiquement la lib\u00e9ration du contenu \u00e0 intervalles sp\u00e9cifiques<\/li>\n<li>Int\u00e9gration transparente avec des passerelles de paiement populaires pour l&rsquo;acc\u00e8s au contenu bas\u00e9 sur l&rsquo;abonnement<\/li>\n<li>Options de gestion et d&rsquo;abonnement flexibles de l&rsquo;adh\u00e9sion<\/li>\n<li>Rapports d\u00e9taill\u00e9s et analyses pour suivre l&rsquo;engagement et les revenus des utilisateurs<\/li>\n<li>Distribution de contenu respectueuse de l&rsquo;environnement et sans papier<\/li>\n<li>Notifications par e-mail personnalisables pour les abonn\u00e9s<\/li>\n<li>API de d\u00e9veloppeur robuste pour la personnalisation et les int\u00e9grations avanc\u00e9es<\/li>\n<li>Assistance client et documentation fiables disponibles.<\/li>\n<\/ul>\n","protected":false},"excerpt":{"rendered":"<p>Le contenu du contenu restreint du contenu est devenu une solution id\u00e9ale et impeccable pour les entreprises et les individus qui aspirent \u00e0 diffuser leur contenu \u00e0 leur public cible progressivement et sur un d\u00e9lai sp\u00e9cifique. Ce plugin de pointe poss\u00e8de un \u00e9ventail de fonctionnalit\u00e9s de contenu Drip avanc\u00e9es qui facilitent une planification sans couture et sans tracas d&rsquo;acc\u00e8s au contenu pour vos abonn\u00e9s estim\u00e9s, en tenant compte des facteurs cruciaux tels que leur niveau d&rsquo;adh\u00e9sion, la p\u00e9riode d&rsquo;abonnement et un assortiment d&rsquo;autres Param\u00e8tres pertinents. De plus, ce plugin exceptionnel propose une plate-forme imprenable et bien prot\u00e9g\u00e9e qui contrecarte efficacement toutes les tentatives non autoris\u00e9es pour acc\u00e9der \u00e0 votre pr\u00e9cieux contenu. Que vous op\u00e9rez un cours en ligne, l&rsquo;administration d&rsquo;un site d&rsquo;adh\u00e9sion premium ou que vous transmettant du contenu premium \u00e0 votre public ch\u00e9ri, les capacit\u00e9s in\u00e9gal\u00e9es du contenu restreint le contenu pro-DRIP fortifieront sans aucun doute votre capacit\u00e9 \u00e0 diss\u00e9miner votre contenu de mani\u00e8re efficace et sans effort.<\/p>\n","protected":false},"featured_media":145116,"comment_status":"open","ping_status":"open","template":"","meta":[],"product_brand":[2644],"product_cat":[1207,1181,1186],"product_tag":[1488],"class_list":{"0":"post-111731","1":"product","2":"type-product","3":"status-publish","4":"has-post-thumbnail","6":"product_brand-restirct-content","7":"product_cat-commercialisation-wordpress-plugins","8":"product_cat-plugins","9":"product_cat-wordpress-plugins","10":"product_tag-restirct-content","11":"member-discount","12":"discount-restricted","14":"first","15":"instock","16":"sale","17":"downloadable","18":"virtual","19":"sold-individually","20":"purchasable","21":"product-type-simple"},"_links":{"self":[{"href":"https:\/\/gpl-love.com\/fr\/wp-json\/wp\/v2\/product\/111731","targetHints":{"allow":["GET"]}}],"collection":[{"href":"https:\/\/gpl-love.com\/fr\/wp-json\/wp\/v2\/product"}],"about":[{"href":"https:\/\/gpl-love.com\/fr\/wp-json\/wp\/v2\/types\/product"}],"replies":[{"embeddable":true,"href":"https:\/\/gpl-love.com\/fr\/wp-json\/wp\/v2\/comments?post=111731"}],"wp:featuredmedia":[{"embeddable":true,"href":"https:\/\/gpl-love.com\/fr\/wp-json\/wp\/v2\/media\/145116"}],"wp:attachment":[{"href":"https:\/\/gpl-love.com\/fr\/wp-json\/wp\/v2\/media?parent=111731"}],"wp:term":[{"taxonomy":"product_brand","embeddable":true,"href":"https:\/\/gpl-love.com\/fr\/wp-json\/wp\/v2\/product_brand?post=111731"},{"taxonomy":"product_cat","embeddable":true,"href":"https:\/\/gpl-love.com\/fr\/wp-json\/wp\/v2\/product_cat?post=111731"},{"taxonomy":"product_tag","embeddable":true,"href":"https:\/\/gpl-love.com\/fr\/wp-json\/wp\/v2\/product_tag?post=111731"}],"curies":[{"name":"wp","href":"https:\/\/api.w.org\/{rel}","templated":true}]}}