{"id":111729,"date":"2025-12-15T00:00:00","date_gmt":"2025-12-14T23:00:00","guid":{"rendered":"http:\/\/gpl-love.com\/fr\/produit\/restrict-content-pro-custom-redirects\/"},"modified":"2026-03-20T23:33:46","modified_gmt":"2026-03-20T22:33:46","slug":"restrict-content-pro-custom-redirects","status":"publish","type":"product","link":"https:\/\/gpl-love.com\/fr\/produit\/restrict-content-pro-custom-redirects\/","title":{"rendered":"Restrict Content Pro Custom Redirects 1.0.8"},"content":{"rendered":"<h3>Restrict Content Pro Custom Redirects Traits<\/h3>\n<p>Le plugin Restrict Content Pro Custom Redirect est un outil incroyablement robuste qui poss\u00e8de un \u00e9ventail impressionnant de fonctionnalit\u00e9s, permettant aux utilisateurs d&rsquo;\u00e9tablir sans effort des r\u00e8gles de redirection personnalis\u00e9es pour leur site d&rsquo;adh\u00e9sion. En tirant parti de ce plugin, les individus ont la capacit\u00e9 de rediriger de mani\u00e8re transparente les utilisateurs vers des pages ou des URL sp\u00e9cifiques, tous contingents \u00e0 leur niveau d&rsquo;adh\u00e9sion unique, \u00e0 leur \u00e9tat de connexion ou \u00e0 d&rsquo;autres crit\u00e8res pr\u00e9d\u00e9termin\u00e9s. Cette fonctionnalit\u00e9 particuli\u00e8re est particuli\u00e8rement avantageuse car elle facilite la cr\u00e9ation d&rsquo;une exp\u00e9rience utilisateur ininterrompue, en veillant \u00e0 ce que les individus soient guid\u00e9s sans effort vers un contenu pertinent, des promotions remarquables ou des ventes invers\u00e9es. De plus, le plugin pr\u00e9sente aux utilisateurs une multitude d&rsquo;options avanc\u00e9es qui peuvent \u00eatre utilis\u00e9es pour affiner et optimiser leurs redirections. Ces options incluent, mais sans s&rsquo;y limiter, la capacit\u00e9 de d\u00e9finir un d\u00e9lai ou un temps d&rsquo;expiration, la possibilit\u00e9 de suivre les sources de r\u00e9f\u00e9rence et la possibilit\u00e9 de personnaliser les messages d&rsquo;erreur. En r\u00e9sum\u00e9, le plugin Restrict Content Pro Custom Redirect est un actif inestimable vers tout site d&rsquo;adh\u00e9sion qui est d\u00e9sireux d&rsquo;am\u00e9liorer leur parcours utilisateur et de maximiser les niveaux d&rsquo;engagement globaux.<\/p>\n<ul>\n<li>Cr\u00e9er des redirections personnalis\u00e9es pour les pages de contenu dans le contenu restreint Pro<\/li>\n<li>Rediriger facilement les utilisateurs en fonction du niveau d&rsquo;adh\u00e9sion ou du statut d&rsquo;abonnement<\/li>\n<li>Rediriger les utilisateurs vers des pages sp\u00e9cifiques en fonction de leurs informations d&rsquo;identification de connexion<\/li>\n<li>Am\u00e9liorer l&rsquo;exp\u00e9rience utilisateur avec les redirections personnalis\u00e9es pour les membres<\/li>\n<li>Personnaliser les redirectes en fonction du comportement des utilisateurs, tels que les abonnements expir\u00e9s ou la d\u00e9sactivation des comptes<\/li>\n<li>Augmentez la r\u00e9tention des membres en les dirigeant vers un contenu ou des offres pertinentes<\/li>\n<li>Processus de configuration simple et interface pour cr\u00e9er des redirections personnalis\u00e9es<\/li>\n<li>Capacit\u00e9 \u00e0 suivre et \u00e0 mesurer l&rsquo;efficacit\u00e9 des redirections avec des outils d&rsquo;analyse et de rapport<\/li>\n<li>Compatible avec WordPress et restreindre le plugin de contenu Pro pour l&rsquo;int\u00e9gration transparente.<\/li>\n<\/ul>\n","protected":false},"excerpt":{"rendered":"<p>Pr\u00e9sentation des redirects personnalis\u00e9s de contenu restrictif remarquables et tr\u00e8s efficaces, un add-on exceptionnel qui vous accorde l&rsquo;incroyable capacit\u00e9 \u00e0 rediriger de mani\u00e8re transparente vos membres estim\u00e9s vers une page Web m\u00e9ticuleusement personnalis\u00e9e ult\u00e9rieure \u00e0 leur compl\u00e9tion triomphante de l&rsquo;exploitation foresti\u00e8re ou d&rsquo;enregistrement. Pr\u00e9sent\u00e9e d&rsquo;une ombre de doute, arm\u00e9e de cet outil extraordinaire, vous serez autoris\u00e9 \u00e0 fabriquer et \u00e0 fabriquer habilement une exp\u00e9rience utilisateur vraiment sur mesure et \u00e0 captera sans effort sans empi\u00e9 Page m\u00e9ticuleusement s\u00e9lectionn\u00e9e qui pourrait potentiellement englober un message chaleureux et accueillant ou m\u00eame une s\u00e9lection extraordinaire et unique de contenu exclusif, d\u00e9passant ainsi la banalit\u00e9 et la formulation du tableau de bord WordPress standard et orthodoxe. En outre, il est enti\u00e8rement dans votre juridiction et votre mesure de choisir de mani\u00e8re d\u00e9cisive pour diriger vos utilisateurs et membres vers une page magnifiquement divergente et distincte, tous contingents \u00e0 leur niveau d&rsquo;adh\u00e9sion estim\u00e9, vous conf\u00e9rant ainsi l&rsquo;autorit\u00e9 absolue et in\u00e9gal\u00e9e pour r\u00e9glementer et contr\u00f4ler m\u00e9ticuleusement leur leur Les privil\u00e8ges d&rsquo;acc\u00e8s et leur odyss\u00e9e et exp\u00e9dition globale dans votre site Web estim\u00e9. De plus, il convient de mentionner que le compl\u00e9ment de redirection Custom Redirect Restricte Prostal est dot\u00e9 d&rsquo;une interface \u00e9tonnamment conviviale, ce qui rend l&rsquo;ensemble du processus de configuration d&rsquo;une brise absolue. De plus, il convient de noter que ce merveilleux module compl\u00e9mentaire s&rsquo;accompagne de niveaux de personnalisation in\u00e9gal\u00e9s et in\u00e9gal\u00e9s, ce qui le rend la panac\u00e9e ultime et d\u00e9finitive pour les entreprises et les organisations qui cherchent ardemment \u00e0 embellir et \u00e0 augmenter leur plateforme d&rsquo;adh\u00e9sion \u00e0 des plateformes sans pr\u00e9c\u00e9dent et ph\u00e9nom\u00e9nal hauteurs.<\/p>\n","protected":false},"featured_media":145115,"comment_status":"open","ping_status":"open","template":"","meta":[],"product_brand":[2644],"product_cat":[1189,1181,1186],"product_tag":[1488],"class_list":{"0":"post-111729","1":"product","2":"type-product","3":"status-publish","4":"has-post-thumbnail","6":"product_brand-restirct-content","7":"product_cat-personnalisation","8":"product_cat-plugins","9":"product_cat-wordpress-plugins","10":"product_tag-restirct-content","11":"member-discount","12":"discount-restricted","14":"first","15":"instock","16":"sale","17":"downloadable","18":"virtual","19":"sold-individually","20":"purchasable","21":"product-type-simple"},"_links":{"self":[{"href":"https:\/\/gpl-love.com\/fr\/wp-json\/wp\/v2\/product\/111729","targetHints":{"allow":["GET"]}}],"collection":[{"href":"https:\/\/gpl-love.com\/fr\/wp-json\/wp\/v2\/product"}],"about":[{"href":"https:\/\/gpl-love.com\/fr\/wp-json\/wp\/v2\/types\/product"}],"replies":[{"embeddable":true,"href":"https:\/\/gpl-love.com\/fr\/wp-json\/wp\/v2\/comments?post=111729"}],"wp:featuredmedia":[{"embeddable":true,"href":"https:\/\/gpl-love.com\/fr\/wp-json\/wp\/v2\/media\/145115"}],"wp:attachment":[{"href":"https:\/\/gpl-love.com\/fr\/wp-json\/wp\/v2\/media?parent=111729"}],"wp:term":[{"taxonomy":"product_brand","embeddable":true,"href":"https:\/\/gpl-love.com\/fr\/wp-json\/wp\/v2\/product_brand?post=111729"},{"taxonomy":"product_cat","embeddable":true,"href":"https:\/\/gpl-love.com\/fr\/wp-json\/wp\/v2\/product_cat?post=111729"},{"taxonomy":"product_tag","embeddable":true,"href":"https:\/\/gpl-love.com\/fr\/wp-json\/wp\/v2\/product_tag?post=111729"}],"curies":[{"name":"wp","href":"https:\/\/api.w.org\/{rel}","templated":true}]}}