{"id":111727,"date":"2021-02-10T00:00:00","date_gmt":"2021-02-09T23:00:00","guid":{"rendered":"http:\/\/gpl-love.com\/fr\/produit\/restrict-content-pro-convertkit\/"},"modified":"2026-04-10T18:38:07","modified_gmt":"2026-04-10T16:38:07","slug":"restrict-content-pro-convertkit","status":"publish","type":"product","link":"https:\/\/gpl-love.com\/fr\/produit\/restrict-content-pro-convertkit\/","title":{"rendered":"Restrict Content Pro ConvertKit 1.1.3"},"content":{"rendered":"<h3>Restrict Content Pro ConvertKit Traits<\/h3>\n<p>Le plugin Restrict Content Pro Convertkit, un outil tr\u00e8s puissant, a \u00e9t\u00e9 m\u00e9ticuleusement con\u00e7u pour aider les propri\u00e9taires de sites Web \u00e0 am\u00e9liorer leurs efforts de marketing par e-mail. Ce plugin permet aux utilisateurs de leur accorder la capacit\u00e9 de restreindre s\u00e9lectivement l&rsquo;acc\u00e8s \u00e0 un contenu sp\u00e9cifique sur leur site Web, incitant ainsi les visiteurs \u00e0 divulguer leurs adresses e-mail afin de gagner. Remarquablement, le plugin s&rsquo;int\u00e8gre de mani\u00e8re transparente \u00e0 Convertkit, offrant aux utilisateurs la commodit\u00e9 de ajouter automatiquement de nouveaux abonn\u00e9s \u00e0 leur liste de diffusion tout en leur permettant simultan\u00e9ment de diffuser des e-mails cibl\u00e9s \u00e0 leur public exigeant. De plus, ce plugin propose une gamme diversifi\u00e9e d&rsquo;options de personnalisation, englobant la cr\u00e9ation de formulaires d&rsquo;opt-in sur mesure et la personnalisation des messages pr\u00e9sent\u00e9s aux visiteurs. Essentiellement, le plugin Restrict Content Pro Convertkit repr\u00e9sente un actif indispensable pour les individus aspirant \u00e0 renforcer leur liste de diffusion et \u00e0 augmenter les conversions sur leur site Web.<\/p>\n<ul>\n<li>Int\u00e9gration transparente entre restreindre le contenu pro et convertkit<\/li>\n<li>Permet aux utilisateurs de g\u00e9rer les abonn\u00e9s Convertkit directement \u00e0 partir du tableau de bord Content Pro Restrict<\/li>\n<li>Permet aux propri\u00e9taires de sites Web de cr\u00e9er et de personnaliser les formulaires Convertkit directement dans Restrict Content Pro<\/li>\n<li>Fournit des options avanc\u00e9es d&rsquo;automatisation et de segmentation du marketing par e-mail \u00e0 l&rsquo;aide de convertkit<\/li>\n<li>Permet la livraison de contenu personnalis\u00e9e en fonction des int\u00e9r\u00eats et des comportements des abonn\u00e9s<\/li>\n<li>Rationalise le processus de cr\u00e9ation et de gestion des campagnes de messagerie cibl\u00e9es pour des segments sp\u00e9cifiques de votre public<\/li>\n<li>Aide \u00e0 augmenter la d\u00e9livrabilit\u00e9 des e-mails et les taux d&rsquo;engagement en garantissant que les abonn\u00e9s ne re\u00e7oivent que du contenu pertinent.<\/li>\n<\/ul>\n","protected":false},"excerpt":{"rendered":"<p>Restriver Content Pro Convertkit est un outil tr\u00e8s pratique et efficace qui rationalise efficacement les subtilit\u00e9s impliqu\u00e9es dans la cr\u00e9ation de campagnes de marketing par e-mail, la gestion des listes d&rsquo;abonnement et la surveillance de l&rsquo;engagement des utilisateurs. En impl\u00e9mentant ce plugin, vous pouvez int\u00e9grer de mani\u00e8re transparente votre compte ConvertKit avec votre site d&rsquo;adh\u00e9sion \u00e0 Content Pro Restricter, par la suite, appuyer automatiquement les abonn\u00e9s \u00e0 votre liste de diffusion chaque fois qu&rsquo;un nouvel utilisateur enregistre sur votre site. En cons\u00e9quence, vous \u00eates en mesure de d\u00e9p\u00eacher sans effort des e-mails cibl\u00e9s aux abonn\u00e9s, de cultiver des pistes et d&rsquo;augmenter les conversions. Que vous vous identifiiez en tant que blogueur, cr\u00e9ateur de cours en ligne ou propri\u00e9taire d&rsquo;entreprise, l&rsquo;inclusion de restreindre le contenu Pro Convertkit est un instrument indispensable pour optimiser vos efforts marketing et \u00e9largir votre public cible.<\/p>\n","protected":false},"featured_media":145114,"comment_status":"open","ping_status":"open","template":"","meta":[],"product_brand":[2644],"product_cat":[1207,1181,1186],"product_tag":[1488],"class_list":{"0":"post-111727","1":"product","2":"type-product","3":"status-publish","4":"has-post-thumbnail","6":"product_brand-restirct-content","7":"product_cat-commercialisation-wordpress-plugins","8":"product_cat-plugins","9":"product_cat-wordpress-plugins","10":"product_tag-restirct-content","11":"member-discount","12":"discount-restricted","14":"first","15":"instock","16":"sale","17":"downloadable","18":"virtual","19":"sold-individually","20":"purchasable","21":"product-type-simple"},"_links":{"self":[{"href":"https:\/\/gpl-love.com\/fr\/wp-json\/wp\/v2\/product\/111727","targetHints":{"allow":["GET"]}}],"collection":[{"href":"https:\/\/gpl-love.com\/fr\/wp-json\/wp\/v2\/product"}],"about":[{"href":"https:\/\/gpl-love.com\/fr\/wp-json\/wp\/v2\/types\/product"}],"replies":[{"embeddable":true,"href":"https:\/\/gpl-love.com\/fr\/wp-json\/wp\/v2\/comments?post=111727"}],"wp:featuredmedia":[{"embeddable":true,"href":"https:\/\/gpl-love.com\/fr\/wp-json\/wp\/v2\/media\/145114"}],"wp:attachment":[{"href":"https:\/\/gpl-love.com\/fr\/wp-json\/wp\/v2\/media?parent=111727"}],"wp:term":[{"taxonomy":"product_brand","embeddable":true,"href":"https:\/\/gpl-love.com\/fr\/wp-json\/wp\/v2\/product_brand?post=111727"},{"taxonomy":"product_cat","embeddable":true,"href":"https:\/\/gpl-love.com\/fr\/wp-json\/wp\/v2\/product_cat?post=111727"},{"taxonomy":"product_tag","embeddable":true,"href":"https:\/\/gpl-love.com\/fr\/wp-json\/wp\/v2\/product_tag?post=111727"}],"curies":[{"name":"wp","href":"https:\/\/api.w.org\/{rel}","templated":true}]}}