{"id":111725,"date":"2021-02-09T00:00:00","date_gmt":"2021-02-08T23:00:00","guid":{"rendered":"http:\/\/gpl-love.com\/fr\/produit\/restrict-content-pro-aweber-pro\/"},"modified":"2026-04-10T18:38:06","modified_gmt":"2026-04-10T16:38:06","slug":"restrict-content-pro-aweber-pro","status":"publish","type":"product","link":"https:\/\/gpl-love.com\/fr\/produit\/restrict-content-pro-aweber-pro\/","title":{"rendered":"Restrict Content Pro AWeber Pro 1.1.5"},"content":{"rendered":"<h3>Restrict Content Pro AWeber Pro Traits<\/h3>\n<p>Restriver Content Pro Aweber Pro est un plugin exceptionnel qui vous offre la capacit\u00e9 remarquable d&rsquo;int\u00e9grer de mani\u00e8re transparente vos efforts de marketing par e-mail \u00e0 votre site d&rsquo;adh\u00e9sion. En utilisant ce plugin, vous obtenez la capacit\u00e9 sans effort de cr\u00e9er et de g\u00e9rer efficacement divers niveaux d&rsquo;adh\u00e9sion, d&rsquo;imposer des restrictions \u00e0 l&rsquo;accessibilit\u00e9 du contenu en fonction du statut d&rsquo;adh\u00e9sion sp\u00e9cifique et d&rsquo;automatiser les campagnes de marketing par e-mail pour s&rsquo;engager activement avec vos membres estim\u00e9s. L&rsquo;int\u00e9gration remarquable avec Aweber vous permet de synchroniser parfaitement votre liste d&rsquo;adh\u00e9sion avec votre compte Aweber, facilitant ainsi le processus sans tracas d&rsquo;envoi de courriels cibl\u00e9s avec pr\u00e9cision et de suivre m\u00e9ticuleusement l&rsquo;activit\u00e9 d&rsquo;abonn\u00e9s inestimable. Sans aucun doute, ce plugin est sans aucun doute id\u00e9al pour les personnes qui aspirent \u00e0 mon\u00e9tiser efficacement leur contenu exceptionnel et \u00e0 construire avec diligence une base d&rsquo;abonn\u00e9s d\u00e9vou\u00e9e. Que vous soyez un blogueur comp\u00e9tent, un cr\u00e9ateur de cours en ligne accompli ou un sp\u00e9cialiste du marketing num\u00e9rique chevronn\u00e9, restreignez le contenu Pro Aweber Pro repr\u00e9sente sans aucun doute une n\u00e9cessit\u00e9 absolue afin de monter votre site d&rsquo;adh\u00e9sion au sommet du succ\u00e8s.<\/p>\n<ul>\n<li>Int\u00e9gration transparente entre restreindre Content Pro et Aweber Pro<\/li>\n<li>Ajoutez automatiquement de nouveaux membres aux listes Aweber Pro<\/li>\n<li>Retirez automatiquement les membres des listes Aweber Pro lorsque l&rsquo;adh\u00e9sion est annul\u00e9e<\/li>\n<li>Box cocher opt-in personnalisable pour Aweber Pro pendant le processus d&rsquo;enregistrement<\/li>\n<li>Capacit\u00e9 \u00e0 synchroniser les membres existants avec des listes de pro aweber<\/li>\n<li>Rapports d\u00e9taill\u00e9s sur la croissance de la liste Aweber Pro et l&rsquo;activit\u00e9 des membres<\/li>\n<li>Acc\u00e8s \u00e0 des fonctionnalit\u00e9s et fonctionnalit\u00e9s Aweber Pro suppl\u00e9mentaires dans Restrict Content Pro<\/li>\n<li>Gestion rationalis\u00e9e des listes Aweber Pro et des membres dans l&rsquo;interface de contenu restreint<\/li>\n<li>Efficacit\u00e9 accrue et automatisation pour les efforts de marketing par e-mail<\/li>\n<li>Exp\u00e9rience utilisateur globale am\u00e9lior\u00e9e pour les administrateurs de sites et les membres.<\/li>\n<\/ul>\n","protected":false},"excerpt":{"rendered":"<p>Nous sommes ravis de vous pr\u00e9senter le remarquable Plugin de Content Pro Aweber Pro, une solution remarquable sp\u00e9cialement con\u00e7ue pour int\u00e9grer de mani\u00e8re transparente les campagnes d&rsquo;e-mail Aweber avec votre site d&rsquo;adh\u00e9sion \u00e0 contenu Pro restreint. Ce plugin tr\u00e8s influent garantit que chacun de vos membres estim\u00e9s est sans effort et automatiquement annex\u00e9 \u00e0 votre liste Aweber, vous permettant ainsi d&rsquo;administrer sans effort vos e-mails et d&rsquo;interagir efficacement avec votre public estim\u00e9. B\u00e9n\u00e9ficiant de fonctionnalit\u00e9s avanc\u00e9es telles que la possibilit\u00e9 de cartographier m\u00e9ticuleusement les champs personnalis\u00e9s et d&rsquo;offrir un support in\u00e9branlable pour plusieurs formulaires d&rsquo;opt-in, ce plugin appara\u00eet ind\u00e9niablement comme un atout indispensable pour tout marketing en ligne exigeant. \u00c9levez le statut de votre site d&rsquo;adh\u00e9sion estim\u00e9 et augmentez vos efforts de marketing par e-mail en achetant le formidable plugin de Contenu Pro Aweber Pro.<\/p>\n","protected":false},"featured_media":145113,"comment_status":"open","ping_status":"open","template":"","meta":[],"product_brand":[2644],"product_cat":[1207,1181,1186],"product_tag":[1488],"class_list":{"0":"post-111725","1":"product","2":"type-product","3":"status-publish","4":"has-post-thumbnail","6":"product_brand-restirct-content","7":"product_cat-commercialisation-wordpress-plugins","8":"product_cat-plugins","9":"product_cat-wordpress-plugins","10":"product_tag-restirct-content","11":"member-discount","12":"discount-restricted","14":"first","15":"instock","16":"sale","17":"downloadable","18":"virtual","19":"sold-individually","20":"purchasable","21":"product-type-simple"},"_links":{"self":[{"href":"https:\/\/gpl-love.com\/fr\/wp-json\/wp\/v2\/product\/111725","targetHints":{"allow":["GET"]}}],"collection":[{"href":"https:\/\/gpl-love.com\/fr\/wp-json\/wp\/v2\/product"}],"about":[{"href":"https:\/\/gpl-love.com\/fr\/wp-json\/wp\/v2\/types\/product"}],"replies":[{"embeddable":true,"href":"https:\/\/gpl-love.com\/fr\/wp-json\/wp\/v2\/comments?post=111725"}],"wp:featuredmedia":[{"embeddable":true,"href":"https:\/\/gpl-love.com\/fr\/wp-json\/wp\/v2\/media\/145113"}],"wp:attachment":[{"href":"https:\/\/gpl-love.com\/fr\/wp-json\/wp\/v2\/media?parent=111725"}],"wp:term":[{"taxonomy":"product_brand","embeddable":true,"href":"https:\/\/gpl-love.com\/fr\/wp-json\/wp\/v2\/product_brand?post=111725"},{"taxonomy":"product_cat","embeddable":true,"href":"https:\/\/gpl-love.com\/fr\/wp-json\/wp\/v2\/product_cat?post=111725"},{"taxonomy":"product_tag","embeddable":true,"href":"https:\/\/gpl-love.com\/fr\/wp-json\/wp\/v2\/product_tag?post=111725"}],"curies":[{"name":"wp","href":"https:\/\/api.w.org\/{rel}","templated":true}]}}