{"id":111723,"date":"2021-02-09T00:00:00","date_gmt":"2021-02-08T23:00:00","guid":{"rendered":"http:\/\/gpl-love.com\/fr\/produit\/restrict-content-pro-activecampaign\/"},"modified":"2026-04-10T18:38:05","modified_gmt":"2026-04-10T16:38:05","slug":"restrict-content-pro-activecampaign","status":"publish","type":"product","link":"https:\/\/gpl-love.com\/fr\/produit\/restrict-content-pro-activecampaign\/","title":{"rendered":"Restrict Content Pro ActiveCampaign 1.1.1"},"content":{"rendered":"<h3>Restrict Content Pro ActiveCampaign Traits<\/h3>\n<p>Le plugin Restrict Content Pro ActiveCampaign se pr\u00e9sente comme un formidable outil qui offre l&rsquo;int\u00e9gration transparente de votre site Web d&rsquo;adh\u00e9sion avec votre compte ActiveCampaign. En capitalisant sur les fonctionnalit\u00e9s de ce plugin, vous pouvez g\u00e9n\u00e9rer sans effort les niveaux d&rsquo;adh\u00e9sion personnalis\u00e9s et superviser efficacement l&rsquo;acc\u00e8s de vos membres \u00e0 votre pr\u00e9cieux contenu. De plus, l&rsquo;int\u00e9gration d&rsquo;automations ActiveCampaign vous permet de envoyer des e-mails cibl\u00e9s avec pr\u00e9cision \u00e0 vos membres estim\u00e9s en fonction de leur niveau d&rsquo;adh\u00e9sion distinct et de leurs activit\u00e9s correspondantes sur votre site Web. Par cons\u00e9quent, ce plugin repr\u00e9sente la solution par excellence pour toute personne cherchant \u00e0 \u00e9tablir un site Web d&rsquo;adh\u00e9sion tout en optimisant simultan\u00e9ment ses efforts de marketing par e-mail. L&rsquo;adoption de la suite compl\u00e8te des fonctionnalit\u00e9s fournies par restreindre le contenu pro activeCampaign vous offrira sans aucun doute les outils requis pour favoriser la croissance de votre communaut\u00e9 en ligne et engager perp\u00e9tuellement votre base d&rsquo;adh\u00e9sion.<\/p>\n<ul>\n<li>Int\u00e8gre de mani\u00e8re transparente restreindre le contenu Pro et ActiveCampaign pour une fonctionnalit\u00e9 accrue<\/li>\n<li>Automatiser la gestion des membres en ajoutant et en supprimant les utilisateurs en fonction des balises dans ActiveCampaign<\/li>\n<li>Cr\u00e9er des campagnes d&rsquo;e-mail cibl\u00e9es pour les membres en utilisant<\/li>\n<li>Suivez l&rsquo;engagement des membres et surveillez l&rsquo;\u00e9tat de l&rsquo;adh\u00e9sion via les outils de rapport et d&rsquo;analyse d&rsquo;ActiveCampaign<\/li>\n<li>Personnaliser les pr\u00e9f\u00e9rences des utilisateurs avec le contenu conditionnel et les options de personnalisation d&rsquo;ActivCampaign<\/li>\n<li>Rationalisez votre processus de gestion des membres en combinant Restrict Content Pro et ActiveCampaign dans une seule plate-forme.<\/li>\n<\/ul>\n","protected":false},"excerpt":{"rendered":"<p>L&rsquo;int\u00e9gration Pro ActiveCampaign offerte par Restrict Content Pro est un outil exceptionnellement robuste qui vous permet \u00e0 utiliser de mani\u00e8re transparente les fonctionnalit\u00e9s de restreindre le contenu Pro aux c\u00f4t\u00e9s d&rsquo;ActiveCampaign. En utilisant cet outil, vous avez la possibilit\u00e9 d&rsquo;automatiser le processus de g\u00e9n\u00e9ration de comptes de contenu Pro Ensuite \u00e0 chaque fois que les utilisateurs choisissent de vous abonner \u00e0 votre liste de diffusion ActiveCampaign. Cette int\u00e9gration remarquable sert de sauvegarde, garantissant que les membres poss\u00e9dant seuls des abonnements actifs ont acc\u00e8s \u00e0 votre contenu exclusif. De plus, cela vous aide \u00e9norm\u00e9ment \u00e0 assurer la pr\u00e9cision et la monnaie de vos listes d&rsquo;abonn\u00e9s, facilitant ainsi des am\u00e9liorations importantes dans vos efforts de marketing par e-mail. Ainsi, si vous cherchez une mani\u00e8re pratique et efficace pour g\u00e9rer m\u00e9ticuleusement vos abonnements tout en prot\u00e9geant simultan\u00e9ment votre contenu inestimable, il est sans aucun doute que cet outil est le choix parfait pour vous.<\/p>\n","protected":false},"featured_media":145112,"comment_status":"open","ping_status":"open","template":"","meta":[],"product_brand":[2644],"product_cat":[1207,1181,1186],"product_tag":[1488],"class_list":{"0":"post-111723","1":"product","2":"type-product","3":"status-publish","4":"has-post-thumbnail","6":"product_brand-restirct-content","7":"product_cat-commercialisation-wordpress-plugins","8":"product_cat-plugins","9":"product_cat-wordpress-plugins","10":"product_tag-restirct-content","11":"member-discount","12":"discount-restricted","14":"first","15":"instock","16":"sale","17":"downloadable","18":"virtual","19":"sold-individually","20":"purchasable","21":"product-type-simple"},"_links":{"self":[{"href":"https:\/\/gpl-love.com\/fr\/wp-json\/wp\/v2\/product\/111723","targetHints":{"allow":["GET"]}}],"collection":[{"href":"https:\/\/gpl-love.com\/fr\/wp-json\/wp\/v2\/product"}],"about":[{"href":"https:\/\/gpl-love.com\/fr\/wp-json\/wp\/v2\/types\/product"}],"replies":[{"embeddable":true,"href":"https:\/\/gpl-love.com\/fr\/wp-json\/wp\/v2\/comments?post=111723"}],"wp:featuredmedia":[{"embeddable":true,"href":"https:\/\/gpl-love.com\/fr\/wp-json\/wp\/v2\/media\/145112"}],"wp:attachment":[{"href":"https:\/\/gpl-love.com\/fr\/wp-json\/wp\/v2\/media?parent=111723"}],"wp:term":[{"taxonomy":"product_brand","embeddable":true,"href":"https:\/\/gpl-love.com\/fr\/wp-json\/wp\/v2\/product_brand?post=111723"},{"taxonomy":"product_cat","embeddable":true,"href":"https:\/\/gpl-love.com\/fr\/wp-json\/wp\/v2\/product_cat?post=111723"},{"taxonomy":"product_tag","embeddable":true,"href":"https:\/\/gpl-love.com\/fr\/wp-json\/wp\/v2\/product_tag?post=111723"}],"curies":[{"name":"wp","href":"https:\/\/api.w.org\/{rel}","templated":true}]}}