{"id":111721,"date":"2022-04-17T00:00:00","date_gmt":"2022-04-16T22:00:00","guid":{"rendered":"http:\/\/gpl-love.com\/fr\/produit\/reco-minimal-theme-for-freebies\/"},"modified":"2026-04-10T18:37:54","modified_gmt":"2026-04-10T16:37:54","slug":"reco-minimal-theme-for-freebies","status":"publish","type":"product","link":"https:\/\/gpl-love.com\/fr\/produit\/reco-minimal-theme-for-freebies\/","title":{"rendered":"Reco Minimal Th\u00e8me pour Freebies 4.7.1"},"content":{"rendered":"<h3>Reco Minimal Th\u00e8me pour Freebies Traits<\/h3>\n<p>Le th\u00e8me minimal RECO pour les cadeaux est un th\u00e8me WordPress tr\u00e8s sophistiqu\u00e9 et m\u00e9ticuleusement con\u00e7u, sp\u00e9cifiquement adapt\u00e9 pour r\u00e9pondre aux besoins des blogueurs et des entreprises qui visent \u00e0 fournir des \u00e9l\u00e9ments compl\u00e9mentaires \u00e0 leur public cible. Ce th\u00e8me poss\u00e8de une conception remarquablement vierge et rationalis\u00e9e, qui non seulement d\u00e9gage de l&rsquo;\u00e9l\u00e9gance mais capture \u00e9galement efficacement l&rsquo;attention des utilisateurs potentiels. De plus, le th\u00e8me offre une large gamme d&rsquo;options de personnalisation, permettant aux utilisateurs de modifier sans effort des \u00e9l\u00e9ments de conception cl\u00e9s tels que les couleurs, les polices et la mise en page, garantissant ainsi que le produit final est un reflet authentique de leur identit\u00e9 de marque. De plus, il convient de noter que ce th\u00e8me est \u00e9quip\u00e9 d&rsquo;une conception r\u00e9active, qui garantit que vos cadeaux seront parfaitement affich\u00e9s sur tous les appareils, quelle que soit leur taille d&rsquo;\u00e9cran ou leur r\u00e9solution. Que vous distribuiez des livres \u00e9lectroniques, des mod\u00e8les ou de tout autre produit num\u00e9rique, le th\u00e8me minimal RECO pour les cadeaux appara\u00eet sans aucun doute comme la quintessence de l&rsquo;excellence, vous permettant de faire \u00e9talage efficacement de vos offres et d&rsquo;augmenter consid\u00e9rablement votre base d&rsquo;abonn\u00e9s par e-mail.<\/p>\n<ul>\n<li>Design moderne et minimaliste, parfait pour pr\u00e9senter des cadeaux<\/li>\n<li>Disposition enti\u00e8rement r\u00e9active et conviviale pour une visualisation optimale sur tous les appareils<\/li>\n<li>Sch\u00e9ma de couleurs personnalisable pour correspondre \u00e0 votre marque ou \u00e0 vos pr\u00e9f\u00e9rences personnelles<\/li>\n<li>Prend en charge divers formats de publication, y compris la vid\u00e9o, l&rsquo;audio, la galerie et le devis<\/li>\n<li>Interface conviviale et intuitive pour une navigation facile<\/li>\n<li>Vitesse de chargement rapide pour une meilleure exp\u00e9rience utilisateur et une optimisation des moteurs de recherche<\/li>\n<li>Widgets pr\u00e9d\u00e9finis et shortcodes pour une personnalisation et une fonctionnalit\u00e9 faciles<\/li>\n<li>Int\u00e9gration int\u00e9gr\u00e9e des m\u00e9dias sociaux pour un partage et une promotion faciles<\/li>\n<li>Compatible avec des plugins populaires tels que Jetpack, WooCommerce et Contact Form 7<\/li>\n<li>Mises \u00e0 jour r\u00e9guli\u00e8res et documentation compl\u00e8te pour le soutien et la maintenance continus.<\/li>\n<\/ul>\n","protected":false},"excerpt":{"rendered":"<p>Le th\u00e8me minimal RECO pour les cadeaux est un th\u00e8me WordPress extr\u00eamement \u00e0 la mode et \u00e0 jour qui a \u00e9t\u00e9 con\u00e7u de mani\u00e8re experte dans l&rsquo;intention de r\u00e9pondre aux besoins des blogueurs et des cr\u00e9ateurs de contenu en ligne qui cherchent \u00e0 pr\u00e9senter leur large \u00e9ventail de cadeaux et de produits num\u00e9riques et de produits num\u00e9riques . Ce th\u00e8me poss\u00e8de une conception minimaliste coupl\u00e9e \u00e0 une interface intuitive conviviale, ce qui vous fait un jeu d&rsquo;enfant pour diffuser sans couture et sans effort vos t\u00e9l\u00e9chargements et ressources les plus r\u00e9cents \u00e0 votre public soigneusement cultiv\u00e9. Peu importe que vous poss\u00e9diez une riche exp\u00e9rience dans le domaine des blogs ou que vous vous lancez simplement dans votre voyage en tant que cr\u00e9ateur de contenu en ligne, le th\u00e8me minimal RECO pour les cadeaux sert de s\u00e9lection ultime pour les personnes d\u00e9sireuses de concocter un probl\u00e8me impeccablement poli et captivant personnage en ligne.<\/p>\n","protected":false},"featured_media":145096,"comment_status":"open","ping_status":"open","template":"","meta":[],"product_brand":[2433],"product_cat":[1242,1212,1213],"product_tag":[1366],"class_list":{"0":"post-111721","1":"product","2":"type-product","3":"status-publish","4":"has-post-thumbnail","6":"product_brand-themeforest","7":"product_cat-creatif","8":"product_cat-themes","9":"product_cat-wordpress-themes","10":"product_tag-themeforest","11":"member-discount","12":"discount-restricted","14":"first","15":"instock","16":"sale","17":"downloadable","18":"virtual","19":"sold-individually","20":"purchasable","21":"product-type-simple"},"_links":{"self":[{"href":"https:\/\/gpl-love.com\/fr\/wp-json\/wp\/v2\/product\/111721","targetHints":{"allow":["GET"]}}],"collection":[{"href":"https:\/\/gpl-love.com\/fr\/wp-json\/wp\/v2\/product"}],"about":[{"href":"https:\/\/gpl-love.com\/fr\/wp-json\/wp\/v2\/types\/product"}],"replies":[{"embeddable":true,"href":"https:\/\/gpl-love.com\/fr\/wp-json\/wp\/v2\/comments?post=111721"}],"wp:featuredmedia":[{"embeddable":true,"href":"https:\/\/gpl-love.com\/fr\/wp-json\/wp\/v2\/media\/145096"}],"wp:attachment":[{"href":"https:\/\/gpl-love.com\/fr\/wp-json\/wp\/v2\/media?parent=111721"}],"wp:term":[{"taxonomy":"product_brand","embeddable":true,"href":"https:\/\/gpl-love.com\/fr\/wp-json\/wp\/v2\/product_brand?post=111721"},{"taxonomy":"product_cat","embeddable":true,"href":"https:\/\/gpl-love.com\/fr\/wp-json\/wp\/v2\/product_cat?post=111721"},{"taxonomy":"product_tag","embeddable":true,"href":"https:\/\/gpl-love.com\/fr\/wp-json\/wp\/v2\/product_tag?post=111721"}],"curies":[{"name":"wp","href":"https:\/\/api.w.org\/{rel}","templated":true}]}}