{"id":111719,"date":"2023-06-18T00:00:00","date_gmt":"2023-06-17T22:00:00","guid":{"rendered":"http:\/\/gpl-love.com\/fr\/produit\/qxygen-single-property-wordpress-theme\/"},"modified":"2026-04-10T18:37:41","modified_gmt":"2026-04-10T16:37:41","slug":"qxygen-single-property-wordpress-theme","status":"publish","type":"product","link":"https:\/\/gpl-love.com\/fr\/produit\/qxygen-single-property-wordpress-theme\/","title":{"rendered":"Qxygen Single Property WordPress Theme 1.0.7"},"content":{"rendered":"<h3>Qxygen Single Property WordPress Theme Traits<\/h3>\n<p>Le th\u00e8me WordPress de la propri\u00e9t\u00e9 unique Qxygen appara\u00eet comme une option tr\u00e8s louable pour les personnes \u00e0 la recherche d&rsquo;un th\u00e8me de premier ordre et raffin\u00e9 pour pr\u00e9senter leurs propri\u00e9t\u00e9s. Avec une approche contemporaine et discr\u00e8te, elle s&rsquo;av\u00e8re id\u00e9ale pour les agents immobiliers, les courtiers et les gestionnaires immobiliers visant \u00e0 pr\u00e9senter leurs propri\u00e9t\u00e9s de la mani\u00e8re la plus favorable possible. Le th\u00e8me englobe un tableau de bord convivial qui vous accorde la flexibilit\u00e9 pour personnaliser l&rsquo;attrait visuel et les fonctionnalit\u00e9s visuels de votre site. De plus, il int\u00e8gre une pl\u00e9thore d&rsquo;outils et de fonctionnalit\u00e9s pr\u00e9cieux, y compris des listes de propri\u00e9t\u00e9s, une fonction de recherche de propri\u00e9t\u00e9s et un formulaire de contact, facilitant ainsi la facilit\u00e9 avec laquelle les visiteurs peuvent d\u00e9couvrir et se renseigner sur vos propri\u00e9t\u00e9s. Le th\u00e8me poss\u00e8de une r\u00e9activit\u00e9 compl\u00e8te, garantissant qu&rsquo;elle excelle en apparence sur tous les appareils, et il a \u00e9t\u00e9 optimis\u00e9 pour am\u00e9liorer les classements des moteurs de recherche, garantissant que votre site atteint une position favorable dans les r\u00e9sultats de recherche. En somme, le th\u00e8me WordPress de propri\u00e9t\u00e9 unique Qxygen s&rsquo;av\u00e8re comme un choix exceptionnel pour ceux qui recherchent un site Web immobilier professionnel et efficace.<\/p>\n<ul>\n<li>Th\u00e8me WordPress con\u00e7u par des professionnels sp\u00e9cifiquement pour les sites Web de propri\u00e9t\u00e9 unique<\/li>\n<li>La conception enti\u00e8rement r\u00e9active garantit que votre site Web a fi\u00e8re allure sur n&rsquo;importe quelle taille d&rsquo;\u00e9cran ou appareil<\/li>\n<li>Des options de personnalisation faciles vous permettent de personnaliser votre site Web pour correspondre \u00e0 votre marque<\/li>\n<li>Int\u00e9gration avec des plugins WordPress populaires comme le formulaire de contact 7 et WPFORMS pour une communication facile avec des acheteurs ou des locataires potentiels<\/li>\n<li>Comprend des pages pr\u00e9-con\u00e7ues pour afficher les d\u00e9tails de la propri\u00e9t\u00e9, les galeries de photos et les cartes d&#8217;emplacement<\/li>\n<li>Prise en charge de plusieurs langues, ce qui le rend parfait pour pr\u00e9senter des propri\u00e9t\u00e9s \u00e0 un public mondial<\/li>\n<li>La fonctionnalit\u00e9 de recherche int\u00e9gr\u00e9e permet aux visiteurs de trouver rapidement la propri\u00e9t\u00e9 qu&rsquo;ils recherchent<\/li>\n<li>Les temps de chargement rapide garantissent que votre site Web se charge rapidement pour une exp\u00e9rience utilisateur optimale<\/li>\n<li>Documentation approfondie et support client fourni pour vous aider \u00e0 cr\u00e9er et \u00e0 maintenir votre site Web.<\/li>\n<\/ul>\n","protected":false},"excerpt":{"rendered":"<p>Le th\u00e8me WordPress de propri\u00e9t\u00e9 \u00e0 oxyg\u00e8ne, avec sa multitude de caract\u00e9ristiques impressionnantes et son design \u00e9l\u00e9gant, se pr\u00e9sente comme la solution ultime et in\u00e9gal\u00e9e pour les personnes qui cherchent \u00e0 pr\u00e9senter leurs propri\u00e9t\u00e9s de la mani\u00e8re la plus professionnelle et la plus \u00e9l\u00e9gante possible. B\u00e9n\u00e9ficiant d&rsquo;une gamme de conceptions de mise en page personnalisables, de capacit\u00e9s de recherche avanc\u00e9es et de galeries d&rsquo;images visuellement captivantes, ce th\u00e8me est sans aucun doute le choix parfait pour ceux de l&rsquo;industrie immobili\u00e8re, y compris les agents estim\u00e9s, les gestionnaires immobiliers m\u00e9ticuleux et les fiers propri\u00e9taires. Son esth\u00e9tique moderne et raffin\u00e9e garantit que vous pouvez organiser et montrer sans effort tous les d\u00e9tails complexes concernant la propri\u00e9t\u00e9, englobant des aspects vitaux tels que l&#8217;emplacement, les commodit\u00e9s, les prix et la disponibilit\u00e9. Que votre objectif soit de commercialiser efficacement une propri\u00e9t\u00e9 unique ou plusieurs listes, le th\u00e8me WordPress de propri\u00e9t\u00e9 \u00e0 oxyg\u00e8ne est sans aucun doute la solution primordiale qui d\u00e9passera vos attentes.<\/p>\n","protected":false},"featured_media":145069,"comment_status":"open","ping_status":"open","template":"","meta":[],"product_brand":[2433],"product_cat":[1356,1212,1213],"product_tag":[1366],"class_list":{"0":"post-111719","1":"product","2":"type-product","3":"status-publish","4":"has-post-thumbnail","6":"product_brand-themeforest","7":"product_cat-immobilier","8":"product_cat-themes","9":"product_cat-wordpress-themes","10":"product_tag-themeforest","11":"member-discount","12":"discount-restricted","14":"first","15":"instock","16":"sale","17":"downloadable","18":"virtual","19":"sold-individually","20":"purchasable","21":"product-type-simple"},"_links":{"self":[{"href":"https:\/\/gpl-love.com\/fr\/wp-json\/wp\/v2\/product\/111719","targetHints":{"allow":["GET"]}}],"collection":[{"href":"https:\/\/gpl-love.com\/fr\/wp-json\/wp\/v2\/product"}],"about":[{"href":"https:\/\/gpl-love.com\/fr\/wp-json\/wp\/v2\/types\/product"}],"replies":[{"embeddable":true,"href":"https:\/\/gpl-love.com\/fr\/wp-json\/wp\/v2\/comments?post=111719"}],"wp:featuredmedia":[{"embeddable":true,"href":"https:\/\/gpl-love.com\/fr\/wp-json\/wp\/v2\/media\/145069"}],"wp:attachment":[{"href":"https:\/\/gpl-love.com\/fr\/wp-json\/wp\/v2\/media?parent=111719"}],"wp:term":[{"taxonomy":"product_brand","embeddable":true,"href":"https:\/\/gpl-love.com\/fr\/wp-json\/wp\/v2\/product_brand?post=111719"},{"taxonomy":"product_cat","embeddable":true,"href":"https:\/\/gpl-love.com\/fr\/wp-json\/wp\/v2\/product_cat?post=111719"},{"taxonomy":"product_tag","embeddable":true,"href":"https:\/\/gpl-love.com\/fr\/wp-json\/wp\/v2\/product_tag?post=111719"}],"curies":[{"name":"wp","href":"https:\/\/api.w.org\/{rel}","templated":true}]}}