{"id":111716,"date":"2026-03-13T00:00:00","date_gmt":"2026-03-12T23:00:00","guid":{"rendered":"http:\/\/gpl-love.com\/fr\/produit\/permalink-manager-pro\/"},"modified":"2026-04-10T18:36:20","modified_gmt":"2026-04-10T16:36:20","slug":"permalink-manager-pro","status":"publish","type":"product","link":"https:\/\/gpl-love.com\/fr\/produit\/permalink-manager-pro\/","title":{"rendered":"Permalink Manager Pro 2.5.3.2"},"content":{"rendered":"<h3>Permalink Manager Pro Traits<\/h3>\n<p>Permalink Manager Pro, un outil robuste et puissant, offre aux propri\u00e9taires de sites Web un moyen transparent de personnaliser et de g\u00e9rer efficacement leurs permaliens. En utilisant ce produit exceptionnel, les utilisateurs sont autoris\u00e9s \u00e0 modifier, mettre \u00e0 niveau et optimiser sans effort les URL de leur site Web, am\u00e9liorant ainsi les performances du r\u00e9f\u00e9rencement et l&rsquo;exp\u00e9rience utilisateur. La gamme compl\u00e8te de fonctionnalit\u00e9s fournies par Permalink Manager Pro englobe les options de redirection avanc\u00e9es, les URL canoniques automatiques, ainsi que la prise en charge des types de publication et des taxonomies personnalis\u00e9s. En outre, cet outil remarquable pr\u00e9sente \u00e9galement aux utilisateurs des capacit\u00e9s d&rsquo;analyse et de suivi d\u00e9taill\u00e9es, ce qui leur permet de surveiller vigilant le trafic du site Web et d&rsquo;\u00e9valuer efficacement le succ\u00e8s de leurs efforts de r\u00e9f\u00e9rencement. En r\u00e9sum\u00e9, Permalink Manager Pro est ind\u00e9niablement un actif indispensable pour tout propri\u00e9taire de site Web exigeant cherchant \u00e0 augmenter la visibilit\u00e9 et les performances globales de leur site Web.<\/p>\n<ul>\n<li>Personnalisation avanc\u00e9e du permalien pour WordPress<\/li>\n<li>Modifier, optimiser et g\u00e9rer facilement les permaliens sur votre site<\/li>\n<li>R\u00e9\u00e9crivez les URL sans perdre de la circulation ou nuire au r\u00e9f\u00e9rencement<\/li>\n<li>Importez \/ exportez vos permaliens pour une migration ou une sauvegarde facile<\/li>\n<li>Rediriger les liens cass\u00e9s et les anciennes URL vers de nouvelles<\/li>\n<li>Suivre des clics et obtenir des analyses d\u00e9taill\u00e9es sur vos permaliens<\/li>\n<li>Personnalisez les permaliens en fonction du type de poste, de la taxonomie et d&rsquo;autres variables<\/li>\n<li>Compatible avec les principaux constructeurs de page WordPress et plugins<\/li>\n<li>Mises \u00e0 jour r\u00e9guli\u00e8res et correctifs de bogues pour assurer la compatibilit\u00e9 et les performances<\/li>\n<li>\u00c9quipe d&rsquo;assistance r\u00e9active pour aider \u00e0 toute question ou probl\u00e8me<\/li>\n<\/ul>\n","protected":false},"excerpt":{"rendered":"<p>Permalink Manager Pro, un plugin WordPress incroyablement robuste, poss\u00e8de la capacit\u00e9 remarquable d&rsquo;adapter sans effort les permaliens de votre site Web, enrichissant ainsi votre r\u00e9f\u00e9rencement et en am\u00e9liorant consid\u00e9rablement l&rsquo;exp\u00e9rience utilisateur. En vertu de sa vaste gamme de fonctionnalit\u00e9s avanc\u00e9es et d&rsquo;alternatives personnalisables, cet outil prodigieux vous permet de fabriquer des permaliennes adapt\u00e9es aux moteurs de recherche, d&rsquo;\u00e9radiquer des caract\u00e8res ind\u00e9sirables et d&rsquo;exercer une domination compl\u00e8te sur les redirections. Avec sa comp\u00e9tence globale, cet instrument tr\u00e8s complet orchestre parfaitement la gestion de vos permaliens, rendant ainsi le processus d&rsquo;optimisation des URL de votre site rapide et insuffisante. Que vous vous identifiiez en tant que blogueur, entrepreneur ou d\u00e9veloppeur Web, le Permalink Manager indubitablement inestimable repr\u00e9sente un ajout indispensable \u00e0 tout site WordPress.<\/p>\n","protected":false},"featured_media":144965,"comment_status":"open","ping_status":"open","template":"","meta":[],"product_brand":[2623],"product_cat":[1187,1181,1186],"product_tag":[1570],"class_list":{"0":"post-111716","1":"product","2":"type-product","3":"status-publish","4":"has-post-thumbnail","6":"product_brand-permalink-manager","7":"product_cat-administration-wordpress-plugins","8":"product_cat-plugins","9":"product_cat-wordpress-plugins","10":"product_tag-permalink-manager","11":"member-discount","12":"discount-restricted","14":"first","15":"instock","16":"sale","17":"downloadable","18":"virtual","19":"sold-individually","20":"purchasable","21":"product-type-simple"},"_links":{"self":[{"href":"https:\/\/gpl-love.com\/fr\/wp-json\/wp\/v2\/product\/111716","targetHints":{"allow":["GET"]}}],"collection":[{"href":"https:\/\/gpl-love.com\/fr\/wp-json\/wp\/v2\/product"}],"about":[{"href":"https:\/\/gpl-love.com\/fr\/wp-json\/wp\/v2\/types\/product"}],"replies":[{"embeddable":true,"href":"https:\/\/gpl-love.com\/fr\/wp-json\/wp\/v2\/comments?post=111716"}],"wp:featuredmedia":[{"embeddable":true,"href":"https:\/\/gpl-love.com\/fr\/wp-json\/wp\/v2\/media\/144965"}],"wp:attachment":[{"href":"https:\/\/gpl-love.com\/fr\/wp-json\/wp\/v2\/media?parent=111716"}],"wp:term":[{"taxonomy":"product_brand","embeddable":true,"href":"https:\/\/gpl-love.com\/fr\/wp-json\/wp\/v2\/product_brand?post=111716"},{"taxonomy":"product_cat","embeddable":true,"href":"https:\/\/gpl-love.com\/fr\/wp-json\/wp\/v2\/product_cat?post=111716"},{"taxonomy":"product_tag","embeddable":true,"href":"https:\/\/gpl-love.com\/fr\/wp-json\/wp\/v2\/product_tag?post=111716"}],"curies":[{"name":"wp","href":"https:\/\/api.w.org\/{rel}","templated":true}]}}