{"id":111714,"date":"2023-05-19T00:00:00","date_gmt":"2023-05-18T22:00:00","guid":{"rendered":"http:\/\/gpl-love.com\/fr\/produit\/nokri-job-board-wordpress-theme\/"},"modified":"2026-04-10T18:34:43","modified_gmt":"2026-04-10T16:34:43","slug":"nokri-job-board-wordpress-theme","status":"publish","type":"product","link":"https:\/\/gpl-love.com\/fr\/produit\/nokri-job-board-wordpress-theme\/","title":{"rendered":"Nokri Job Board WordPress Theme 1.5.3"},"content":{"rendered":"<h3>Nokri Job Board WordPress Theme Traits<\/h3>\n<p>Le th\u00e8me WordPress du NOKRI Job Board, r\u00e9put\u00e9 pour sa puissance et sa nature riche en fonctionnalit\u00e9s, appara\u00eet comme une solution incroyablement efficace sp\u00e9cialement con\u00e7ue pour les portails d&#8217;emploi, les agences de recrutement et les sites Web du conseil d&#8217;emploi. Ce th\u00e8me transcende les attentes en offrant une exp\u00e9rience utilisateur transparente et d\u00e9licieuse gr\u00e2ce \u00e0 sa conception r\u00e9active et \u00e0 une interface conviviale, permettant ainsi aux employeurs de publier sans effort les offres d&#8217;emploi tout en permettant aux demandeurs d&#8217;emploi d&rsquo;explorer facilement diverses opportunit\u00e9s de carri\u00e8re. De plus, le th\u00e8me WordPress du NOKRI Job Board offre une gamme impressionnante de fonctionnalit\u00e9s personnalisables, vous permettant ainsi de personnaliser votre site pour s&rsquo;aligner parfaitement avec vos pr\u00e9f\u00e9rences uniques. Notamment, le tableau de bord intuitif facilite une gestion efficace des listes d&#8217;emplois, des curriculum vitae et des applications, le tout avec la plus facilit\u00e9. De plus, ce th\u00e8me exceptionnel poss\u00e8de la prise en charge de plusieurs passerelles de paiement, garantissant ainsi la plus grande commodit\u00e9 pour les employeurs lorsqu&rsquo;il s&rsquo;agit de faire des paiements pour leurs estimes d&#8217;emploi estim\u00e9s. Sans d\u00e9cha\u00eenement de doute, le th\u00e8me WordPress du Board de l&#8217;emploi Nokri brille vraiment comme une solution fiable et efficace qui excelle dans la cr\u00e9ation et la gestion des portails d&#8217;emploi. En embrassant son soutien exceptionnel et ses mises \u00e0 jour r\u00e9guli\u00e8res, vous pouvez \u00eatre assur\u00e9 que votre entreprise de portail d&#8217;emploi se tiendra sur un terrain ferm\u00e9.<\/p>\n<ul>\n<li>Th\u00e8me WordPress con\u00e7u par des professionnels pour les sites d&#8217;emploi<\/li>\n<li>Enti\u00e8rement r\u00e9actif et compatible avec tous les appareils<\/li>\n<li>Int\u00e9gration avec les principaux moteurs de recherche d&#8217;emploi<\/li>\n<li>Pages d&rsquo;accueil personnalisables avec des widgets pr\u00e9d\u00e9finis<\/li>\n<li>Options de recherche avanc\u00e9es pour les demandeurs d&#8217;emploi<\/li>\n<li>Tableau de bord de l&#8217;employeur pour des offres et une gestion faciles<\/li>\n<li>CV CV BUILDER POUR<\/li>\n<li>Options de passerelle de paiement multiples pour les frais de publication d&#8217;emploi<\/li>\n<li>Prise en charge de plusieurs langues et devises<\/li>\n<li>Conception conviviale de r\u00e9f\u00e9rencement pour augmenter la visibilit\u00e9 et le trafic<\/li>\n<li>Support client d\u00e9di\u00e9.<\/li>\n<\/ul>\n","protected":false},"excerpt":{"rendered":"<p>Le th\u00e8me WordPress du Nokri Job Board est une solution optimale et id\u00e9ale pour les personnes \u00e0 la recherche de possibilit\u00e9s d&#8217;emploi et de recruteurs \u00e0 la recherche de candidats potentiels. Ce th\u00e8me exceptionnel comprend une pl\u00e9thore de fonctionnalit\u00e9s m\u00e9ticuleusement con\u00e7ues pour rationaliser le processus de recherche d&#8217;emplois et de publication d&rsquo;offres d&#8217;emploi. De plus, son design \u00e9l\u00e9gant et professionnel d\u00e9gage un air de sophistication qui ne captivera pas et attirera certainement les talents de haut niveau de votre planche de travail. \u00c9quip\u00e9es de fonctionnalit\u00e9s de recherche et de filtrage robustes, les demandeurs d&#8217;emploi peuvent identifier rapidement et sans effort leur emploi de r\u00eave, tandis que les recruteurs peuvent administrer de mani\u00e8re transparente leurs listes d&#8217;emplois et \u00e9clairer les personnes qualifi\u00e9es. De plus, le th\u00e8me WordPress du NOKRI Job Board est tr\u00e8s r\u00e9actif et peut \u00eatre personnalis\u00e9 pour adapter vos exigences uniques, assurant ainsi la cr\u00e9ation d&rsquo;un tableau de travail in\u00e9gal\u00e9 qui est parfaitement align\u00e9 sur votre vision. Que votre ambition soit d&rsquo;\u00e9tablir un comit\u00e9 d&#8217;emploi sp\u00e9cialis\u00e9 ou une vaste plate-forme d&#8217;emploi mondiale, assurez-vous que Nokri poss\u00e8de tous les outils indispensables n\u00e9cessaires aux efforts triomphants dans vos efforts.<\/p>\n","protected":false},"featured_media":144819,"comment_status":"open","ping_status":"open","template":"","meta":[],"product_brand":[2433],"product_cat":[1516,1212,1213],"product_tag":[1366],"class_list":{"0":"post-111714","1":"product","2":"type-product","3":"status-publish","4":"has-post-thumbnail","6":"product_brand-themeforest","7":"product_cat-entreprise","8":"product_cat-themes","9":"product_cat-wordpress-themes","10":"product_tag-themeforest","11":"member-discount","12":"discount-restricted","14":"first","15":"instock","16":"sale","17":"downloadable","18":"virtual","19":"sold-individually","20":"purchasable","21":"product-type-simple"},"_links":{"self":[{"href":"https:\/\/gpl-love.com\/fr\/wp-json\/wp\/v2\/product\/111714","targetHints":{"allow":["GET"]}}],"collection":[{"href":"https:\/\/gpl-love.com\/fr\/wp-json\/wp\/v2\/product"}],"about":[{"href":"https:\/\/gpl-love.com\/fr\/wp-json\/wp\/v2\/types\/product"}],"replies":[{"embeddable":true,"href":"https:\/\/gpl-love.com\/fr\/wp-json\/wp\/v2\/comments?post=111714"}],"wp:featuredmedia":[{"embeddable":true,"href":"https:\/\/gpl-love.com\/fr\/wp-json\/wp\/v2\/media\/144819"}],"wp:attachment":[{"href":"https:\/\/gpl-love.com\/fr\/wp-json\/wp\/v2\/media?parent=111714"}],"wp:term":[{"taxonomy":"product_brand","embeddable":true,"href":"https:\/\/gpl-love.com\/fr\/wp-json\/wp\/v2\/product_brand?post=111714"},{"taxonomy":"product_cat","embeddable":true,"href":"https:\/\/gpl-love.com\/fr\/wp-json\/wp\/v2\/product_cat?post=111714"},{"taxonomy":"product_tag","embeddable":true,"href":"https:\/\/gpl-love.com\/fr\/wp-json\/wp\/v2\/product_tag?post=111714"}],"curies":[{"name":"wp","href":"https:\/\/api.w.org\/{rel}","templated":true}]}}