{"id":111712,"date":"2026-04-18T00:00:00","date_gmt":"2026-04-17T22:00:00","guid":{"rendered":"http:\/\/gpl-love.com\/fr\/produit\/ninja-tables-pro-the-fastest-and-most-diverse-wp-datatables-plugin\/"},"modified":"2026-04-19T00:30:49","modified_gmt":"2026-04-18T22:30:49","slug":"ninja-tables-pro-the-fastest-and-most-diverse-wp-datatables-plugin","status":"publish","type":"product","link":"https:\/\/gpl-love.com\/fr\/produit\/ninja-tables-pro-the-fastest-and-most-diverse-wp-datatables-plugin\/","title":{"rendered":"Ninja Tables Pro 5.2.8"},"content":{"rendered":"<h3>Ninja Tables Pro Traits<\/h3>\n<p>Ninja Tables Pro, un plugin incroyablement robuste, offre aux utilisateurs un moyen transparent et sans tracas de g\u00e9n\u00e9rer et de superviser des tables sur leur site Web WordPress. Emball\u00e9 avec une vaste gamme d&rsquo;alternatives de personnalisation, Ninja Tables Pro autorise les utilisateurs aux tables de mode qui sont non seulement visuellement captivantes mais \u00e9galement enti\u00e8rement op\u00e9rationnelles. Le plugin poss\u00e8de un constructeur de table de glisser-d\u00e9poser par l&rsquo;utilisateur, rendant l&rsquo;addition et l&rsquo;\u00e9limination des colonnes, des rang\u00e9es et des cellules. De plus, il int\u00e8gre une pl\u00e9thore de fonctionnalit\u00e9s impressionnantes telles que le tri, le filtrage et la pagination. Ce qui distingue Ninja Tables Pro Apart, c&rsquo;est sa capacit\u00e9 \u00e0 importer et \u00e0 exporter sans effort des donn\u00e9es dans plusieurs formats, ainsi qu&rsquo;\u00e0 int\u00e9grer de mani\u00e8re transparente des tables avec des outils tiers estim\u00e9s comme Google Sheets et WooCommerce. Que vous construisiez des graphiques de comparaison de produits, des tables de tarification ou toute autre variante de la table, Ninja Tables Pro est la quintessence d&rsquo;une solution efficace et rationalis\u00e9e, facilitant l&rsquo;ach\u00e8vement rapide et comp\u00e9tent de votre t\u00e2che \u00e0 port\u00e9e de main.<\/p>\n<ul>\n<li>Cr\u00e9er des tables dynamiques avec facilit\u00e9<\/li>\n<li>Personnalisez les styles de table pour s&rsquo;adapter \u00e0 votre site Web<\/li>\n<li>Importer des donn\u00e9es provenant de sources externes<\/li>\n<li>Organiser et filtrer les donn\u00e9es<\/li>\n<li>Ajoutez des fonctionnalit\u00e9s de tri \u00e0 vos tables<\/li>\n<li>Int\u00e9grer aux plugins et th\u00e8mes populaires<\/li>\n<li>Conception r\u00e9active pour la compatibilit\u00e9 mobile<\/li>\n<li>Acc\u00e8s aux fonctionnalit\u00e9s avanc\u00e9es telles que la mise en forme conditionnelle et les colonnes calcul\u00e9es<\/li>\n<li>Tables d&rsquo;exportation vers divers formats, y compris CSV et PDF<\/li>\n<li>Id\u00e9al pour afficher les fonctionnalit\u00e9s des produits, les listes de prix et plus<\/li>\n<\/ul>\n","protected":false},"excerpt":{"rendered":"<p>Ninja Tables Pro, un plugin de table WordPress indispensable, est fortement recommand\u00e9e pour les individus dans les domaines de la conception, du marketing et de la cr\u00e9ation de contenu. Son interface de glisser-d\u00e9poser intuitive permet aux utilisateurs de construire sans effort des tables captivantes et adaptables, m\u00eame en l&rsquo;absence d&rsquo;expertise de codage. Ce plugin puissant poss\u00e8de une pl\u00e9thore de mod\u00e8les personnalisables et de choix de style, tout en offrant des fonctionnalit\u00e9s avanc\u00e9es telles que la pagination, le tri et le filtrage, am\u00e9liorant ainsi le dynamisme et l&rsquo;efficacit\u00e9 de vos tableaux. De plus, Ninja Tables Pro a \u00e9t\u00e9 m\u00e9ticuleusement optimis\u00e9e pour le r\u00e9f\u00e9rencement, garantissant des temps de chargement rapides et garantissant que votre pr\u00e9cieux contenu est facilement accessible et d\u00e9couvrable par votre public cible.<\/p>\n","protected":false},"featured_media":144813,"comment_status":"open","ping_status":"open","template":"","meta":[],"product_brand":[2606],"product_cat":[1189,1181,1186],"product_tag":[1568],"class_list":{"0":"post-111712","1":"product","2":"type-product","3":"status-publish","4":"has-post-thumbnail","6":"product_brand-manage-ninja","7":"product_cat-personnalisation","8":"product_cat-plugins","9":"product_cat-wordpress-plugins","10":"product_tag-manage-ninja","11":"member-discount","12":"discount-restricted","14":"first","15":"instock","16":"sale","17":"downloadable","18":"virtual","19":"sold-individually","20":"purchasable","21":"product-type-simple"},"_links":{"self":[{"href":"https:\/\/gpl-love.com\/fr\/wp-json\/wp\/v2\/product\/111712","targetHints":{"allow":["GET"]}}],"collection":[{"href":"https:\/\/gpl-love.com\/fr\/wp-json\/wp\/v2\/product"}],"about":[{"href":"https:\/\/gpl-love.com\/fr\/wp-json\/wp\/v2\/types\/product"}],"replies":[{"embeddable":true,"href":"https:\/\/gpl-love.com\/fr\/wp-json\/wp\/v2\/comments?post=111712"}],"wp:featuredmedia":[{"embeddable":true,"href":"https:\/\/gpl-love.com\/fr\/wp-json\/wp\/v2\/media\/144813"}],"wp:attachment":[{"href":"https:\/\/gpl-love.com\/fr\/wp-json\/wp\/v2\/media?parent=111712"}],"wp:term":[{"taxonomy":"product_brand","embeddable":true,"href":"https:\/\/gpl-love.com\/fr\/wp-json\/wp\/v2\/product_brand?post=111712"},{"taxonomy":"product_cat","embeddable":true,"href":"https:\/\/gpl-love.com\/fr\/wp-json\/wp\/v2\/product_cat?post=111712"},{"taxonomy":"product_tag","embeddable":true,"href":"https:\/\/gpl-love.com\/fr\/wp-json\/wp\/v2\/product_tag?post=111712"}],"curies":[{"name":"wp","href":"https:\/\/api.w.org\/{rel}","templated":true}]}}