{"id":111710,"date":"2026-03-25T00:00:00","date_gmt":"2026-03-24T23:00:00","guid":{"rendered":"http:\/\/gpl-love.com\/fr\/produit\/maxcoach-online-courses-education-wp-theme\/"},"modified":"2026-03-25T23:30:46","modified_gmt":"2026-03-25T22:30:46","slug":"maxcoach-online-courses-education-wp-theme","status":"publish","type":"product","link":"https:\/\/gpl-love.com\/fr\/produit\/maxcoach-online-courses-education-wp-theme\/","title":{"rendered":"MaxCoach Online Courses et Education WP Theme 3.3.2"},"content":{"rendered":"<h3>MaxCoach Online Courses et Education WP Theme Traits<\/h3>\n<p>Le th\u00e8me WP des cours en ligne MaxCoach est un th\u00e8me WordPress incroyablement polyvalent et flexible sp\u00e9cifiquement d\u00e9velopp\u00e9 dans le but de faciliter les plateformes d&rsquo;apprentissage en ligne, les entreprises \u00e9ducatives et d&rsquo;autres sites Web connexes. Ce th\u00e8me poss\u00e8de une vaste gamme d&rsquo;options de personnalisation qui vous offrent la possibilit\u00e9 d&rsquo;\u00e9laborer un site Web vraiment distinctif et professionnel, vous permettant de pr\u00e9senter efficacement vos cours et services au monde. De plus, le th\u00e8me comprend une multitude de mod\u00e8les et de dispositions pr\u00e9-con\u00e7us, dont l&rsquo;un est une page d&rsquo;accueil qui pr\u00e9sente un curseur captivant, des boutons d&rsquo;appel \u00e0 l&rsquo;action strat\u00e9giquement plac\u00e9s et des sections personnalisables d\u00e9sign\u00e9es pour les t\u00e9moignages, les fonctionnalit\u00e9s et les prix. Avec le th\u00e8me MaxCoach \u00e0 votre disposition, la cr\u00e9ation et la gestion des cours en ligne sans effort, la fourniture de mat\u00e9riel de cours complet, le suivi efficace des progr\u00e8s des \u00e9tudiants et la communication efficace avec vos apprenants peuvent tous \u00eatre accomplis dans les limites d&rsquo;une interface intuitivement con\u00e7ue et conviviale. Lorsque tout est dit et fait, il est tout \u00e0 fait clair que ce th\u00e8me est un choix vraiment exceptionnel pour toute entreprise \u00e9ducative qui cherche \u00e0 \u00e9tablir une pr\u00e9sence en ligne de premier plan et \u00e0 offrir des exp\u00e9riences d&rsquo;apprentissage en ligne in\u00e9gal\u00e9es \u00e0 leurs \u00e9tudiants estim\u00e9s.<\/p>\n<ul>\n<li>MaxCoach est un th\u00e8me WordPress puissant con\u00e7u pour l&rsquo;\u00e9ducation en ligne et la cr\u00e9ation de cours.<\/li>\n<li>Il dispose d&rsquo;une interface conviviale qui facilite la cr\u00e9ation et la gestion des cours, des le\u00e7ons et des quiz.<\/li>\n<li>MaxCoach comprend une gamme de fonctionnalit\u00e9s int\u00e9gr\u00e9es qui vous permet de cr\u00e9er des exp\u00e9riences d&rsquo;apprentissage en ligne interactives et engageantes.<\/li>\n<li>Vous pouvez personnaliser l&rsquo;apparence de vos cours avec une vari\u00e9t\u00e9 de sch\u00e9mas de couleurs, de dispositions et d&rsquo;options de typographie.<\/li>\n<li>MaxCoach est livr\u00e9 avec des pages et des modules pr\u00e9d\u00e9finis pour des fonctionnalit\u00e9s communes telles que les catalogues de cours, les descriptions de cours et les profils d&rsquo;instructeurs.<\/li>\n<li>Le th\u00e8me est enti\u00e8rement r\u00e9actif et optimis\u00e9 pour les appareils mobiles, donc vos cours seront superbes sur n&rsquo;importe quel \u00e9cran.<\/li>\n<li>MaxCoach s&rsquo;int\u00e8gre aux outils d&rsquo;apprentissage en ligne populaires comme LearnPress et WooCommerce, vous pouvez donc facilement mon\u00e9tiser vos cours et suivre les progr\u00e8s des \u00e9tudiants.<\/li>\n<li>Le th\u00e8me est con\u00e7u avec le r\u00e9f\u00e9rencement \u00e0 l&rsquo;esprit, vous pouvez donc vous assurer que vos cours se classent bien dans les moteurs de recherche et attirer plus d&rsquo;\u00e9tudiants.<\/li>\n<li>MaxCoach est livr\u00e9 avec une documentation compl\u00e8te et un support d\u00e9di\u00e9, vous pouvez donc \u00eatre op\u00e9rationnel rapidement et facilement.<\/li>\n<\/ul>\n","protected":false},"excerpt":{"rendered":"<p>Les cours en ligne MaxCoach et le th\u00e8me WP de l&rsquo;\u00e9ducation sont un outil remarquablement fonctionnel et intuitif qui sert d&rsquo;atout pr\u00e9cieux pour la cr\u00e9ation de sites Web professionnels et captivants ax\u00e9s sur l&rsquo;\u00e9ducation en ligne et les entreprises de disposition de cours. Ce th\u00e8me remarquable poss\u00e8de un design tr\u00e8s r\u00e9actif et personnalisable, avec une pl\u00e9thore de d\u00e9mos pr\u00e9-con\u00e7ues, de mod\u00e8les pr\u00eats \u00e0 l&#8217;emploi et de plugins puissants, qui contribuent tous \u00e0 la cr\u00e9ation transparente de mises en page et de conceptions personnalis\u00e9es. En incorporant des fonctionnalit\u00e9s sophistiqu\u00e9es telles que l&rsquo;enregistrement des cours en ligne, les passerelles de paiement, les syst\u00e8mes de gestion de l&rsquo;apprentissage et le contenu des cours interactifs, MaxCoach simplifie consid\u00e9rablement le processus de lancement d&rsquo;une entreprise de cours en ligne ou de renforcer une entreprise existante. De plus, ce th\u00e8me a la capacit\u00e9 de capter l&rsquo;attention des \u00e9tudiants potentiels et de promouvoir l&rsquo;accessibilit\u00e9 \u00e0 l&rsquo;\u00e9ducation en raison de ses capacit\u00e9s extraordinaires.<\/p>\n","protected":false},"featured_media":144470,"comment_status":"open","ping_status":"open","template":"","meta":[],"product_brand":[2433],"product_cat":[1516,1212,1213],"product_tag":[1366],"class_list":{"0":"post-111710","1":"product","2":"type-product","3":"status-publish","4":"has-post-thumbnail","6":"product_brand-themeforest","7":"product_cat-entreprise","8":"product_cat-themes","9":"product_cat-wordpress-themes","10":"product_tag-themeforest","11":"member-discount","12":"discount-restricted","14":"first","15":"instock","16":"sale","17":"downloadable","18":"virtual","19":"sold-individually","20":"purchasable","21":"product-type-simple"},"_links":{"self":[{"href":"https:\/\/gpl-love.com\/fr\/wp-json\/wp\/v2\/product\/111710","targetHints":{"allow":["GET"]}}],"collection":[{"href":"https:\/\/gpl-love.com\/fr\/wp-json\/wp\/v2\/product"}],"about":[{"href":"https:\/\/gpl-love.com\/fr\/wp-json\/wp\/v2\/types\/product"}],"replies":[{"embeddable":true,"href":"https:\/\/gpl-love.com\/fr\/wp-json\/wp\/v2\/comments?post=111710"}],"wp:featuredmedia":[{"embeddable":true,"href":"https:\/\/gpl-love.com\/fr\/wp-json\/wp\/v2\/media\/144470"}],"wp:attachment":[{"href":"https:\/\/gpl-love.com\/fr\/wp-json\/wp\/v2\/media?parent=111710"}],"wp:term":[{"taxonomy":"product_brand","embeddable":true,"href":"https:\/\/gpl-love.com\/fr\/wp-json\/wp\/v2\/product_brand?post=111710"},{"taxonomy":"product_cat","embeddable":true,"href":"https:\/\/gpl-love.com\/fr\/wp-json\/wp\/v2\/product_cat?post=111710"},{"taxonomy":"product_tag","embeddable":true,"href":"https:\/\/gpl-love.com\/fr\/wp-json\/wp\/v2\/product_tag?post=111710"}],"curies":[{"name":"wp","href":"https:\/\/api.w.org\/{rel}","templated":true}]}}