{"id":111708,"date":"2021-02-09T00:00:00","date_gmt":"2021-02-08T23:00:00","guid":{"rendered":"http:\/\/gpl-love.com\/fr\/produit\/maganizer-modern-magazine-wordpress-theme\/"},"modified":"2026-03-20T23:22:57","modified_gmt":"2026-03-20T22:22:57","slug":"maganizer-modern-magazine-wordpress-theme","status":"publish","type":"product","link":"https:\/\/gpl-love.com\/fr\/produit\/maganizer-modern-magazine-wordpress-theme\/","title":{"rendered":"Maganizer Modern Magazine WordPress Theme 1.1.7"},"content":{"rendered":"<h3>Maganizer Modern Magazine WordPress Theme Traits<\/h3>\n<p>Le th\u00e8me Maganizer Modern Magazine WordPress se pr\u00e9sente comme la solution ultime pour les personnes s&rsquo;aventurant dans le domaine des blogs ou du magazine en ligne, car il offre une esth\u00e9tique \u00e9l\u00e9gante et professionnelle pour leur site Web. Emball\u00e9 avec une vaste gamme de fonctionnalit\u00e9s, ce th\u00e8me facilite la personnalisation facile de votre site Web, avec plusieurs dispositions de page d&rsquo;accueil, des widgets personnalis\u00e9s et un constructeur de pages glisser-d\u00e9coller convivial. De plus, la r\u00e9activit\u00e9 compl\u00e8te du th\u00e8me assure un attrait visuel optimal sur tous les appareils. De plus, Maganizer est \u00e9quip\u00e9 d&rsquo;options de partage social int\u00e9gr\u00e9es, permettant le partage de contenu sans effort sur diverses plateformes de m\u00e9dias sociaux. Quel que soit votre niveau d&rsquo;exp\u00e9rience dans le monde des blogs, qu&rsquo;il s&rsquo;agisse d&rsquo;un v\u00e9t\u00e9ran chevronn\u00e9 ou d&rsquo;un d\u00e9butant enthousiaste, Maganizer est l&rsquo;outil ultime pour propulser votre magazine en ligne vers le succ\u00e8s.<\/p>\n<ul>\n<li>Maganizer est un th\u00e8me WordPress moderne et chic con\u00e7u pour les sites Web de magazines.<\/li>\n<li>Le th\u00e8me pr\u00e9sente un design propre et \u00e9l\u00e9gant qui permet \u00e0 votre contenu de briller.<\/li>\n<li>Avec diverses dispositions de publication et de page, Maganizer vous donne la libert\u00e9 de cr\u00e9er un contenu unique et captivant.<\/li>\n<li>Le th\u00e8me est enti\u00e8rement r\u00e9actif, garantissant que vos lecteurs peuvent acc\u00e9der \u00e0 votre contenu sur n&rsquo;importe quel appareil.<\/li>\n<li>Maganizer est construit en tenant compte de l&rsquo;optimisation du r\u00e9f\u00e9rencement, aidant votre contenu \u00e0 classer plus haut dans les r\u00e9sultats de recherche.<\/li>\n<li>Le th\u00e8me comprend divers widgets personnalis\u00e9s, ce qui facilite l&rsquo;ajout d&rsquo;\u00e9l\u00e9ments interactifs \u00e0 votre site, tels que les profils de m\u00e9dias sociaux et les formulaires d&rsquo;abonnement.<\/li>\n<li>Maganizer est pr\u00eat \u00e0 la traduction, vous permettant d&rsquo;atteindre un public mondial.<\/li>\n<li>Le th\u00e8me est enti\u00e8rement compatible avec les plugins populaires, notamment WooCommerce et Formulaire de contact &#8211;<\/li>\n<li>Maganizer est livr\u00e9 avec une documentation d\u00e9taill\u00e9e et un support d\u00e9di\u00e9, ce qui facilite la configuration et la personnalisation.<\/li>\n<\/ul>\n","protected":false},"excerpt":{"rendered":"<p>Nous sommes heureux de vous pr\u00e9senter le th\u00e8me remarquable Maganizer Modern Magazine WordPress, qui sert de choix id\u00e9al pour les blogueurs et les \u00e9diteurs de magazines \u00e0 la recherche d&rsquo;une conception de site Web sophistiqu\u00e9e et polie. Offrant une disposition vierge et adaptable, ce th\u00e8me vous permet de montrer votre contenu convaincant de mani\u00e8re visuellement captivante. En outre, il offre une pl\u00e9thore de dispositions pr\u00e9-con\u00e7ues, diverses s\u00e9lections de polices et un large \u00e9ventail d&rsquo;options de couleurs, vous permettant de cr\u00e9er un site Web distinctif et de marque. De plus, en raison de sa conception r\u00e9active, votre site Web d\u00e9gagera l&rsquo;excellence et l&rsquo;attractivit\u00e9 sur divers appareils. \u00c9levez votre pr\u00e9sence en ligne aujourd&rsquo;hui en embrassant le th\u00e8me Captivant Maganizer Modern Magazine WordPress!<\/p>\n","protected":false},"featured_media":144407,"comment_status":"open","ping_status":"open","template":"","meta":[],"product_brand":[2433],"product_cat":[1220,1212,1213],"product_tag":[1366],"class_list":{"0":"post-111708","1":"product","2":"type-product","3":"status-publish","4":"has-post-thumbnail","6":"product_brand-themeforest","7":"product_cat-blog-magazine","8":"product_cat-themes","9":"product_cat-wordpress-themes","10":"product_tag-themeforest","11":"member-discount","12":"discount-restricted","14":"first","15":"instock","16":"sale","17":"downloadable","18":"virtual","19":"sold-individually","20":"purchasable","21":"product-type-simple"},"_links":{"self":[{"href":"https:\/\/gpl-love.com\/fr\/wp-json\/wp\/v2\/product\/111708","targetHints":{"allow":["GET"]}}],"collection":[{"href":"https:\/\/gpl-love.com\/fr\/wp-json\/wp\/v2\/product"}],"about":[{"href":"https:\/\/gpl-love.com\/fr\/wp-json\/wp\/v2\/types\/product"}],"replies":[{"embeddable":true,"href":"https:\/\/gpl-love.com\/fr\/wp-json\/wp\/v2\/comments?post=111708"}],"wp:featuredmedia":[{"embeddable":true,"href":"https:\/\/gpl-love.com\/fr\/wp-json\/wp\/v2\/media\/144407"}],"wp:attachment":[{"href":"https:\/\/gpl-love.com\/fr\/wp-json\/wp\/v2\/media?parent=111708"}],"wp:term":[{"taxonomy":"product_brand","embeddable":true,"href":"https:\/\/gpl-love.com\/fr\/wp-json\/wp\/v2\/product_brand?post=111708"},{"taxonomy":"product_cat","embeddable":true,"href":"https:\/\/gpl-love.com\/fr\/wp-json\/wp\/v2\/product_cat?post=111708"},{"taxonomy":"product_tag","embeddable":true,"href":"https:\/\/gpl-love.com\/fr\/wp-json\/wp\/v2\/product_tag?post=111708"}],"curies":[{"name":"wp","href":"https:\/\/api.w.org\/{rel}","templated":true}]}}